{"id":10443,"date":"2023-06-30T15:00:27","date_gmt":"2023-06-30T12:00:27","guid":{"rendered":"https:\/\/terraxplora.eu\/corporate-team-building\/"},"modified":"2025-06-29T18:15:35","modified_gmt":"2025-06-29T15:15:35","slug":"team-building","status":"publish","type":"page","link":"https:\/\/terraxplora.eu\/fr\/team-building\/","title":{"rendered":"Constitution d\u2019\u00e9quipe d\u2019entreprise"},"content":{"rendered":"<div  class=\"one ppb_image_fullwidth\" style=\"padding:0px 0 0px 0;\" ><div class=\"one withbg\" style=\"background-image:url(https:\/\/terraxplora.eu\/wp-content\/uploads\/2023\/07\/Corporate_01-scaled.jpg);background-size:cover;background-position:center top;height:600px;position:relative;\"><\/div><\/div><div  class=\"one withsmallpadding ppb_text\" style=\"text-align:left;padding:0px 0 0px 0;margin-top:20px;\" ><div class=\"standard_wrapper\"><div class=\"page_content_wrapper\"><div class=\"inner\"><div style=\"margin:auto;width:100%\"><h2 class=\"p1\" style=\"font-weight:500;margin-bottom:10px;text-transform:uppercase;text-align:center\"><span class=\"s1\">Soudez vos \u00e9quipes gr\u00e2ce \u00e0 des aventures inoubliables\u202f!<\/span><\/h2>\n<p style=\"border-top: 1px solid #bbb;border-bottom: 1px solid #bbb;padding-top:20px;padding-bottom:20px;padding-left:10%;padding-right:10%\">Envie d\u2019un team building vraiment marquant, qui cr\u00e9e des liens solides et des souvenirs m\u00e9morables\u202f? Ne cherchez plus\u202f!<br>\nChez TerraXplora, on con\u00e7oit des aventures hors du commun qui rapprochent vos \u00e9quipes et les aident \u00e0 se d\u00e9passer ensemble. Imaginez vos collaborateurs unis face \u00e0 des d\u00e9fis excitants, partageant des moments forts qui renforcent leur esprit d\u2019\u00e9quipe et leur motivation.<br>\nOubliez les ateliers classiques et osez une exp\u00e9rience qui transformera votre \u00e9quipe\u202f! Notre \u00e9quipe exp\u00e9riment\u00e9e est l\u00e0 pour cr\u00e9er un voyage sur mesure, parfaitement adapt\u00e9 \u00e0 vos objectifs et qui laissera une empreinte durable.<br>\nContactez-nous d\u00e8s aujourd\u2019hui pour un devis et prenez les devants pour offrir \u00e0 votre \u00e9quipe une aventure qui fera la diff\u00e9rence\u202f!\n<\/p><\/div><\/div><\/div><\/div><\/div><div  class=\"one withsmallpadding ppb_text\" style=\"text-align:left;padding:0px 0 0px 0;margin-top:60px;margin-bottom:60px;\" ><div class=\"standard_wrapper\"><div class=\"page_content_wrapper\"><div class=\"inner\"><div style=\"margin:auto;width:60%\">\n<div class=\"wpcf7 no-js\" id=\"wpcf7-f10391-o1\" lang=\"en-US\" dir=\"ltr\" data-wpcf7-id=\"10391\">\n<div class=\"screen-reader-response\"><p role=\"status\" aria-live=\"polite\" aria-atomic=\"true\"><\/p> <ul><\/ul><\/div>\n<form action=\"\/wp-admin\/post.php#wpcf7-f10391-o1\" method=\"post\" class=\"wpcf7-form init\" aria-label=\"Contact form\" novalidate=\"novalidate\" data-status=\"init\">\n<div style=\"display: none;\">\n<input type=\"hidden\" name=\"_wpcf7\" value=\"10391\" \/>\n<input type=\"hidden\" name=\"_wpcf7_version\" value=\"6.0.6\" \/>\n<input type=\"hidden\" name=\"_wpcf7_locale\" value=\"en_US\" \/>\n<input type=\"hidden\" name=\"_wpcf7_unit_tag\" value=\"wpcf7-f10391-o1\" \/>\n<input type=\"hidden\" name=\"_wpcf7_container_post\" value=\"0\" \/>\n<input type=\"hidden\" name=\"_wpcf7_posted_data_hash\" value=\"\" \/>\n<input type=\"hidden\" name=\"_wpcf7dtx_version\" value=\"5.0.3\" \/>\n<input type=\"hidden\" name=\"_wpcf7_recaptcha_response\" value=\"\" \/>\n<\/div>\n<h5><b>Veuillez fournir vos coordonn\u00e9es :<\/b>\n<\/h5>\n<p><label><br \/>\n<span class=\"wpcf7-form-control-wrap\" data-name=\"text-500\"><input size=\"40\" maxlength=\"400\" class=\"wpcf7-form-control wpcf7-text\" aria-invalid=\"false\" placeholder=\"Suject\" value=\"\" type=\"text\" name=\"text-500\" \/><\/span> <\/label>\n<\/p>\n<p><label><br \/>\n<span class=\"wpcf7-form-control-wrap\" data-name=\"your-firstname\"><input size=\"40\" maxlength=\"400\" class=\"wpcf7-form-control wpcf7-text wpcf7-validates-as-required\" autocomplete=\"firstname\" aria-required=\"true\" aria-invalid=\"false\" placeholder=\"Pr\u00e9nom *\" value=\"\" type=\"text\" name=\"your-firstname\" \/><\/span> <\/label>\n<\/p>\n<p><label><br \/>\n<span class=\"wpcf7-form-control-wrap\" data-name=\"your-lastname\"><input size=\"40\" maxlength=\"400\" class=\"wpcf7-form-control wpcf7-text wpcf7-validates-as-required\" aria-required=\"true\" aria-invalid=\"false\" placeholder=\"Nom de famille *\" value=\"\" type=\"text\" name=\"your-lastname\" \/><\/span> <\/label>\n<\/p>\n<p><label><br \/>\n<span class=\"wpcf7-form-control-wrap\" data-name=\"your-email\"><input size=\"40\" maxlength=\"400\" class=\"wpcf7-form-control wpcf7-email wpcf7-validates-as-required wpcf7-text wpcf7-validates-as-email\" autocomplete=\"email\" aria-required=\"true\" aria-invalid=\"false\" placeholder=\"E-mail *\" value=\"\" type=\"email\" name=\"your-email\" \/><\/span> <\/label>\n<\/p>\n<p><label><br \/>\n<span class=\"wpcf7-form-control-wrap\" data-name=\"tel-889\"><input size=\"40\" maxlength=\"400\" class=\"wpcf7-form-control wpcf7-tel wpcf7-validates-as-required wpcf7-text wpcf7-validates-as-tel\" aria-required=\"true\" aria-invalid=\"false\" placeholder=\"Num\u00e9ro de t\u00e9l\u00e9phone *\" value=\"\" type=\"tel\" name=\"tel-889\" \/><\/span> <\/label>\n<\/p>\n<p><label><br \/>\n<span class=\"wpcf7-form-control-wrap\" data-name=\"textarea-10\"><textarea cols=\"40\" rows=\"3\" maxlength=\"2000\" class=\"wpcf7-form-control wpcf7-textarea wpcf7-validates-as-required\" aria-required=\"true\" aria-invalid=\"false\" placeholder=\"Message *\" name=\"textarea-10\"><\/textarea><\/span> <\/label>\n<\/p>\n<p><input class=\"wpcf7-form-control wpcf7-submit has-spinner\" type=\"submit\" value=\"Envoyer le message\" \/>\n<\/p>\n<p style=\"text-align:center;\">Ou \u00e9crivez-nous \u00e0 <a style=\"color:black;\" href=\"mailto:contact@terraxplora.eu\">contact@terraxplora.eu<\/a>\n<\/p><div class=\"wpcf7-response-output\" aria-hidden=\"true\"><\/div>\n<\/form>\n<\/div>\n<\/div><\/div><\/div><\/div><\/div>","protected":false},"excerpt":{"rendered":"<p>Soudez vos \u00e9quipes gr\u00e2ce \u00e0 des aventures inoubliables\u202f! Envie d\u2019un team building vraiment marquant, qui cr\u00e9e des liens solides et des souvenirs m\u00e9morables\u202f? Ne cherchez plus\u202f! Chez TerraXplora, on con\u00e7oit des aventures hors du commun qui rapprochent vos \u00e9quipes et [&hellip;]<\/p>\n","protected":false},"author":1,"featured_media":0,"parent":0,"menu_order":0,"comment_status":"closed","ping_status":"closed","template":"","meta":{"_acf_changed":false,"inline_featured_image":false,"footnotes":""},"class_list":["post-10443","page","type-page","status-publish","hentry"],"acf":[],"yoast_head":"<!-- This site is optimized with the Yoast SEO plugin v27.4 - https:\/\/yoast.com\/product\/yoast-seo-wordpress\/ -->\n<title>Constitution d\u2019\u00e9quipe d\u2019entreprise - Terraxplora<\/title>\n<meta name=\"robots\" content=\"index, follow, max-snippet:-1, max-image-preview:large, max-video-preview:-1\" \/>\n<link rel=\"canonical\" href=\"https:\/\/terraxplora.eu\/fr\/team-building\/\" \/>\n<meta property=\"og:locale\" content=\"fr_FR\" \/>\n<meta property=\"og:type\" content=\"article\" \/>\n<meta property=\"og:title\" content=\"Constitution d\u2019\u00e9quipe d\u2019entreprise - Terraxplora\" \/>\n<meta property=\"og:description\" content=\"Soudez vos \u00e9quipes gr\u00e2ce \u00e0 des aventures inoubliables\u202f! Envie d\u2019un team building vraiment marquant, qui cr\u00e9e des liens solides et des souvenirs m\u00e9morables\u202f? Ne cherchez plus\u202f! Chez TerraXplora, on con\u00e7oit des aventures hors du commun qui rapprochent vos \u00e9quipes et [&hellip;]\" \/>\n<meta property=\"og:url\" content=\"https:\/\/terraxplora.eu\/fr\/team-building\/\" \/>\n<meta property=\"og:site_name\" content=\"Terraxplora\" \/>\n<meta property=\"article:modified_time\" content=\"2025-06-29T15:15:35+00:00\" \/>\n<meta name=\"twitter:card\" content=\"summary_large_image\" \/>\n<meta name=\"twitter:label1\" content=\"Dur\u00e9e de lecture estim\u00e9e\" \/>\n\t<meta name=\"twitter:data1\" content=\"1 minute\" \/>\n<script type=\"application\/ld+json\" class=\"yoast-schema-graph\">{\"@context\":\"https:\\\/\\\/schema.org\",\"@graph\":[{\"@type\":\"WebPage\",\"@id\":\"https:\\\/\\\/terraxplora.eu\\\/fr\\\/team-building\\\/\",\"url\":\"https:\\\/\\\/terraxplora.eu\\\/fr\\\/team-building\\\/\",\"name\":\"Constitution d\u2019\u00e9quipe d\u2019entreprise - Terraxplora\",\"isPartOf\":{\"@id\":\"https:\\\/\\\/terraxplora.eu\\\/#website\"},\"datePublished\":\"2023-06-30T12:00:27+00:00\",\"dateModified\":\"2025-06-29T15:15:35+00:00\",\"breadcrumb\":{\"@id\":\"https:\\\/\\\/terraxplora.eu\\\/fr\\\/team-building\\\/#breadcrumb\"},\"inLanguage\":\"fr-FR\",\"potentialAction\":[{\"@type\":\"ReadAction\",\"target\":[\"https:\\\/\\\/terraxplora.eu\\\/fr\\\/team-building\\\/\"]}]},{\"@type\":\"BreadcrumbList\",\"@id\":\"https:\\\/\\\/terraxplora.eu\\\/fr\\\/team-building\\\/#breadcrumb\",\"itemListElement\":[{\"@type\":\"ListItem\",\"position\":1,\"name\":\"Home\",\"item\":\"https:\\\/\\\/terraxplora.eu\\\/fr\\\/\"},{\"@type\":\"ListItem\",\"position\":2,\"name\":\"Constitution d\u2019\u00e9quipe d\u2019entreprise\"}]},{\"@type\":\"WebSite\",\"@id\":\"https:\\\/\\\/terraxplora.eu\\\/#website\",\"url\":\"https:\\\/\\\/terraxplora.eu\\\/\",\"name\":\"Terraxplora\",\"description\":\"\",\"publisher\":{\"@id\":\"https:\\\/\\\/terraxplora.eu\\\/#organization\"},\"potentialAction\":[{\"@type\":\"SearchAction\",\"target\":{\"@type\":\"EntryPoint\",\"urlTemplate\":\"https:\\\/\\\/terraxplora.eu\\\/?s={search_term_string}\"},\"query-input\":{\"@type\":\"PropertyValueSpecification\",\"valueRequired\":true,\"valueName\":\"search_term_string\"}}],\"inLanguage\":\"fr-FR\"},{\"@type\":\"Organization\",\"@id\":\"https:\\\/\\\/terraxplora.eu\\\/#organization\",\"name\":\"Germalo Reisid O\u00dc\",\"url\":\"https:\\\/\\\/terraxplora.eu\\\/\",\"logo\":{\"@type\":\"ImageObject\",\"inLanguage\":\"fr-FR\",\"@id\":\"https:\\\/\\\/terraxplora.eu\\\/#\\\/schema\\\/logo\\\/image\\\/\",\"url\":\"https:\\\/\\\/terraxplora.eu\\\/wp-content\\\/uploads\\\/2023\\\/07\\\/terraxplora-logo-must.png\",\"contentUrl\":\"https:\\\/\\\/terraxplora.eu\\\/wp-content\\\/uploads\\\/2023\\\/07\\\/terraxplora-logo-must.png\",\"width\":4998,\"height\":2178,\"caption\":\"Germalo Reisid O\u00dc\"},\"image\":{\"@id\":\"https:\\\/\\\/terraxplora.eu\\\/#\\\/schema\\\/logo\\\/image\\\/\"}}]}<\/script>\n<!-- \/ Yoast SEO plugin. -->","yoast_head_json":{"title":"Constitution d\u2019\u00e9quipe d\u2019entreprise - Terraxplora","robots":{"index":"index","follow":"follow","max-snippet":"max-snippet:-1","max-image-preview":"max-image-preview:large","max-video-preview":"max-video-preview:-1"},"canonical":"https:\/\/terraxplora.eu\/fr\/team-building\/","og_locale":"fr_FR","og_type":"article","og_title":"Constitution d\u2019\u00e9quipe d\u2019entreprise - Terraxplora","og_description":"Soudez vos \u00e9quipes gr\u00e2ce \u00e0 des aventures inoubliables\u202f! Envie d\u2019un team building vraiment marquant, qui cr\u00e9e des liens solides et des souvenirs m\u00e9morables\u202f? Ne cherchez plus\u202f! Chez TerraXplora, on con\u00e7oit des aventures hors du commun qui rapprochent vos \u00e9quipes et [&hellip;]","og_url":"https:\/\/terraxplora.eu\/fr\/team-building\/","og_site_name":"Terraxplora","article_modified_time":"2025-06-29T15:15:35+00:00","twitter_card":"summary_large_image","twitter_misc":{"Dur\u00e9e de lecture estim\u00e9e":"1 minute"},"schema":{"@context":"https:\/\/schema.org","@graph":[{"@type":"WebPage","@id":"https:\/\/terraxplora.eu\/fr\/team-building\/","url":"https:\/\/terraxplora.eu\/fr\/team-building\/","name":"Constitution d\u2019\u00e9quipe d\u2019entreprise - Terraxplora","isPartOf":{"@id":"https:\/\/terraxplora.eu\/#website"},"datePublished":"2023-06-30T12:00:27+00:00","dateModified":"2025-06-29T15:15:35+00:00","breadcrumb":{"@id":"https:\/\/terraxplora.eu\/fr\/team-building\/#breadcrumb"},"inLanguage":"fr-FR","potentialAction":[{"@type":"ReadAction","target":["https:\/\/terraxplora.eu\/fr\/team-building\/"]}]},{"@type":"BreadcrumbList","@id":"https:\/\/terraxplora.eu\/fr\/team-building\/#breadcrumb","itemListElement":[{"@type":"ListItem","position":1,"name":"Home","item":"https:\/\/terraxplora.eu\/fr\/"},{"@type":"ListItem","position":2,"name":"Constitution d\u2019\u00e9quipe d\u2019entreprise"}]},{"@type":"WebSite","@id":"https:\/\/terraxplora.eu\/#website","url":"https:\/\/terraxplora.eu\/","name":"Terraxplora","description":"","publisher":{"@id":"https:\/\/terraxplora.eu\/#organization"},"potentialAction":[{"@type":"SearchAction","target":{"@type":"EntryPoint","urlTemplate":"https:\/\/terraxplora.eu\/?s={search_term_string}"},"query-input":{"@type":"PropertyValueSpecification","valueRequired":true,"valueName":"search_term_string"}}],"inLanguage":"fr-FR"},{"@type":"Organization","@id":"https:\/\/terraxplora.eu\/#organization","name":"Germalo Reisid O\u00dc","url":"https:\/\/terraxplora.eu\/","logo":{"@type":"ImageObject","inLanguage":"fr-FR","@id":"https:\/\/terraxplora.eu\/#\/schema\/logo\/image\/","url":"https:\/\/terraxplora.eu\/wp-content\/uploads\/2023\/07\/terraxplora-logo-must.png","contentUrl":"https:\/\/terraxplora.eu\/wp-content\/uploads\/2023\/07\/terraxplora-logo-must.png","width":4998,"height":2178,"caption":"Germalo Reisid O\u00dc"},"image":{"@id":"https:\/\/terraxplora.eu\/#\/schema\/logo\/image\/"}}]}},"_links":{"self":[{"href":"https:\/\/terraxplora.eu\/fr\/wp-json\/wp\/v2\/pages\/10443","targetHints":{"allow":["GET"]}}],"collection":[{"href":"https:\/\/terraxplora.eu\/fr\/wp-json\/wp\/v2\/pages"}],"about":[{"href":"https:\/\/terraxplora.eu\/fr\/wp-json\/wp\/v2\/types\/page"}],"author":[{"embeddable":true,"href":"https:\/\/terraxplora.eu\/fr\/wp-json\/wp\/v2\/users\/1"}],"replies":[{"embeddable":true,"href":"https:\/\/terraxplora.eu\/fr\/wp-json\/wp\/v2\/comments?post=10443"}],"version-history":[{"count":0,"href":"https:\/\/terraxplora.eu\/fr\/wp-json\/wp\/v2\/pages\/10443\/revisions"}],"wp:attachment":[{"href":"https:\/\/terraxplora.eu\/fr\/wp-json\/wp\/v2\/media?parent=10443"}],"curies":[{"name":"wp","href":"https:\/\/api.w.org\/{rel}","templated":true}]}}