{"id":10375,"date":"2016-12-24T04:38:09","date_gmt":"2016-12-24T01:38:09","guid":{"rendered":"https:\/\/terraxplora.eu\/about-us\/"},"modified":"2025-06-29T17:03:48","modified_gmt":"2025-06-29T14:03:48","slug":"a-propos-de-nous","status":"publish","type":"page","link":"https:\/\/terraxplora.eu\/fr\/a-propos-de-nous\/","title":{"rendered":"\u00c0 propos de nous"},"content":{"rendered":"<div  class=\"one ppb_image_fullwidth\" style=\"padding:0px 0 0px 0;\" ><div class=\"one withbg\" style=\"background-image:url(https:\/\/terraxplora.eu\/wp-content\/uploads\/2023\/07\/AboutUs_01-scaled.jpg);background-size:cover;background-position:center top;height:600px;position:relative;\"><\/div><\/div><div  class=\"one withsmallpadding ppb_text\" style=\"text-align:left;padding:0px 0 0px 0;margin-top:20px;\" ><div class=\"standard_wrapper\"><div class=\"page_content_wrapper\"><div class=\"inner\"><div style=\"margin:auto;width:100%\"><h2 class=\"p1\" style=\"font-weight: 500; margin-bottom: 10px; text-align: center;\"><span class=\"s1\">NOTRE PHILOSOPHIE<\/span><\/h2>\n<p style=\"border-top: 1px solid #bbb; border-bottom: 1px solid #bbb; padding: 20px 10% 20px 10%;\">Chez TerraXplora, on ne fait pas juste des voyages, on cr\u00e9e des aventures de dingue\u202f! Oublie les circuits touristiques basiques\u202f: avec nous, chaque trip est une immersion totale qui te fera vibrer et te connectera vraiment \u00e0 ta destination.<br><br>\nNotre mission\u202f? Te montrer le monde comme tu ne l\u2019as jamais vu, avec des aventures en petits groupes qui t\u2019emm\u00e8nent loin, tr\u00e8s loin des sentiers battus.On croit que voyager, c\u2019est bien plus que visiter des lieux\u202f: c\u2019est plonger au c\u0153ur de cultures, partager des moments forts et se faire des souvenirs qui restent grav\u00e9s \u00e0 jamais.<br><br>\nTu veux dormir dans une cabane perch\u00e9e en pleine jungle\u202f? Raconter tes histoires autour d\u2019un feu sur une \u00eele secr\u00e8te en Tha\u00eflande\u202f? Ou go\u00fbter aux meilleurs street food de Sa\u00efgon en mode Vespa\u202f? Avec nous, c\u2019est exactement ce qui t\u2019attend\u202f!<br><br>\nChez TerraXplora, chaque voyage est pens\u00e9 sur-mesure\u202f: on ne propose que des destinations qu\u2019on a test\u00e9es et ador\u00e9es nous-m\u00eames, pour te garantir des exp\u00e9riences incroyables du d\u00e9but \u00e0 la fin.<br><br>\nAlors, pr\u00eat(e) \u00e0 vivre l\u2019aventure de ta vie\u202f? Viens, on t\u2019emm\u00e8ne\u202f!\n<br><br>\n\n<\/p><\/div><\/div><\/div><\/div><\/div><div  class=\"one ppb_card_two_cols_with_image\" style=\"position:relative;padding:40px 0 40px 0;\" ><div class=\"standard_wrapper\"><div class=\"page_content_wrapper\"><div class=\"inner\"><div class=\"one_half parallax_scroll\" style=\"width:40%;position:absolute;padding:40px;z-index:2;block !important;background:#fff;border: 1px solid #7d7d7d;\" data-stellar-ratio=\"1.3\"><div class=\"page_tagline\" style=\"\">NOTRE HISTOIRE<\/div><div class=\"ppb_header_content\">Nous, c\u2019est Kristina &#038; Wacyl \u2013 deux aventuriers dans l\u2019\u00e2me qui ont d\u00e9cid\u00e9 de transformer leur passion en mission. On s\u2019est rencontr\u00e9s dans le tumulte de l\u2019industrie du cin\u00e9ma \u00e0 Paris, o\u00f9 on a boss\u00e9 sur des productions internationales et men\u00e9 une vie citadine \u00e0 200 \u00e0 l\u2019heure. Pendant toutes ces ann\u00e9es, on n\u2019a jamais cess\u00e9 de r\u00eaver d\u2019\u00e9vasion, de grands espaces et de rencontres authentiques.<\/div><\/div><div class=\"one_half parallax_scroll_image last\" style=\"width:65%;\"><div class=\"image_classic_frame expand\"><div class=\"image_wrapper\"><img decoding=\"async\" src=\"https:\/\/terraxplora.eu\/wp-content\/uploads\/2024\/12\/9AK19APR24b-2-scaled.jpg\" alt=\"\" class=\"portfolio_img\"\/><\/div><\/div><\/div><br class=\"clear\"\/><\/div><\/div><\/div><\/div><div  class=\"one withsmallpadding ppb_text\" style=\"text-align:left;padding:40px 0 40px 0;\" ><div class=\"standard_wrapper\"><div class=\"page_content_wrapper\"><div class=\"inner\"><div style=\"margin:auto;width:100%\"><h2 class=\"p1\" style=\"font-weight: 500; margin-bottom: 10px; text-align: center;\"><span class=\"s1\"><\/span><\/h2>\n<p style=\"border-top: 1px solid #bbb; border-bottom: 1px solid #bbb; padding: 20px 10% 20px 10%;\">\nEn 2023, on a saut\u00e9 le pas et cofond\u00e9 TerraXplora avec l\u2019\u00e9quipe de choc de Germalo Reisid. Notre but\u202f? Permettre \u00e0 des gens comme toi de vivre des aventures hors du commun, en petits groupes, loin des sentiers battus.<br><br>\nOn sait \u00e0 quel point la vie peut parfois sembler enfermante derri\u00e8re un bureau, et combien il est difficile de tout organiser seul ou de trouver des compagnons de voyage qui te ressemblent. C\u2019est pour \u00e7a qu\u2019on a cr\u00e9\u00e9 TerraXplora\u202f: pour que tu puisses partir l\u2019esprit l\u00e9ger, avec des voyages soigneusement pr\u00e9par\u00e9s et des groupes o\u00f9 r\u00e8gnent la bonne humeur et l\u2019esprit d\u2019aventure.<br><br>\nAvec nous, pas de prise de t\u00eate\u202f: tu r\u00e9serves, tu fais tes valises et tu rejoins une communaut\u00e9 de voyageurs passionn\u00e9s, pr\u00eats \u00e0 partager une exp\u00e9rience unique. On s\u2019occupe du reste, et on sera toujours l\u00e0 pour toi avant, pendant et apr\u00e8s le voyage.<br><br>\nPr\u00eat(e) \u00e0 embarquer pour l\u2019aventure de ta vie\u202f?\n\n\n<\/p>\n\n\n\n\n\n<\/div><\/div><\/div><\/div><\/div><div  class=\"one ppb_card_two_cols_with_image\" style=\"position:relative;padding:40px 0 40px 0;\" ><div class=\"standard_wrapper\"><div class=\"page_content_wrapper\"><div class=\"inner\"><div class=\"one_half parallax_scroll_image\" style=\"width:65%;\"><div class=\"image_classic_frame expand\"><div class=\"image_wrapper\"><img decoding=\"async\" src=\"https:\/\/terraxplora.eu\/wp-content\/uploads\/2024\/12\/Team.jpg\" alt=\"\" class=\"portfolio_img\"\/><\/div><\/div><\/div><div class=\"one_half last parallax_scroll\" style=\"width:40%;position:absolute;padding:40px;background:#fff;border: 1px solid #7d7d7d;\" data-stellar-ratio=\"1.3\"><div class=\"page_tagline\" style=\"\">PLUS SUR TERRAXPLORA<\/div><div class=\"ppb_header_content\">TerraXplora, c\u2019est la petite s\u0153ur aventureuse de Germalo Reisid\u202f! Fond\u00e9e en 1992 en Estonie, Germalo Reisid est aujourd\u2019hui l\u2019un des plus grands tour-op\u00e9rateurs culturels des pays baltes. Pour f\u00eater ses 30 ans, Germalo a d\u00e9cid\u00e9 de se r\u00e9inventer en lan\u00e7ant la marque TerraXplora, avec une \u00e9quipe nouvelle et pleine d\u2019\u00e9nergie.<br><br>\nAlors que Germalo Reisid continue de proposer des voyages culturels aux voyageurs estoniens, TerraXplora se sp\u00e9cialise dans les aventures en petits groupes, ouvertes \u00e0 tous les globe-trotteurs du monde entier. Notre mission\u202f? Te faire vivre des exp\u00e9riences hors du commun, avec des itin\u00e9raires immersifs, authentiques et loin du tourisme de masse.\n<\/div><\/div><br class=\"clear\"\/><\/div><\/div><\/div><\/div><div id=\"second-picture-about\" class=\"one ppb_image_fullwidth\" style=\"padding:0px 0 0px 0;\" ><div class=\"one withbg\" style=\"background-image:url(https:\/\/terraxplora.eu\/wp-content\/uploads\/2023\/07\/AboutUs_02-scaled.jpg);background-size:cover;background-position:center top;height:600px;position:relative;\"><\/div><\/div><div  class=\"one withsmallpadding ppb_header \" style=\"text-align:center;padding:50px 0 50px 0;background-color:#ffffff;color:#000000;\" ><div class=\"standard_wrapper\"><div class=\"page_content_wrapper\"><div class=\"inner\"><div style=\"margin:auto;width:100%\"><div class=\"ppb_header_content\"><div class=\"aboutuspluses\">\n<div class=\"plus\">\n<h4>Petits Groupes, Grandes aventures<\/h4>\n<p>Viens solo, repars avec une bande de potes\u202f! Nos groupes sont limit\u00e9s \u00e0 10 voyageurs pour cr\u00e9er une ambiance conviviale et soud\u00e9e. Id\u00e9al pour les voyageurs dans la vingtaine, trentaine ou quarantaine venus des quatre coins du monde\u202f!<\/p>\n<\/div>\n\n<div class=\"plus\">\n<h4>Exp\u00e9riences 100\u202f% authentiques <\/h4>\n<p>Fini le tourisme de masse\u202f! Nos voyages te plongent au c\u0153ur de ta destination avec des h\u00e9bergements pleins de charme, des transports locaux et des activit\u00e9s immersives pour vraiment vivre le pays, pas juste le visiter.<\/p>\n<\/div>\n\n<div class=\"plus\">\n<h4>Un voyage fait maison<\/h4>\n<p>Nos itin\u00e9raires sont pens\u00e9s par des baroudeurs passionn\u00e9s qui ont sillonn\u00e9 le monde sac au dos. On t\u2019emm\u00e8ne uniquement dans des endroits qu\u2019on conna\u00eet et qu\u2019on adore, c\u2019est notre garantie d\u2019authenticit\u00e9\u202f!<\/p>\n<\/div>\n\n<div class=\"plus\">\n<h4>Aventures qui marquent \u00e0 vie<\/h4>\n<p>Pr\u00e9pare-toi \u00e0 vivre des moments qui vont te transformer\u202f! Nos voyages te r\u00e9servent des exp\u00e9riences uniques, des rencontres inoubliables et des souvenirs qui dureront toute une vie.<\/p>\n<\/div>\n\n<div class=\"plus\">\n<h4>R\u00e9servations &#038; Paiements Flexibles<\/h4>\n<p>Un acompte de 200\u202f\u20ac suffit pour s\u00e9curiser ta place. Et si tes plans changent, tu peux reporter ton voyage sans frais jusqu\u2019\u00e0 60 jours avant le d\u00e9part\u202f!<\/p>\n<\/div>\n\n<div class=\"plus\">\n<h4>L\u2019esprit libre, on g\u00e8re tout<\/h4>\n<p>Avec plus de 30 ans d\u2019exp\u00e9rience, on a tout pr\u00e9vu pour que tu partes l\u2019esprit tranquille. Laisse-nous g\u00e9rer les impr\u00e9vus pendant que tu profites de ton aventure.<\/p>\n<\/div>\n\n<div class=\"plus\">\n<h4>Tes vacances sont en s\u00e9curit\u00e9<\/h4>\n<p>Tes r\u00e9servations sont prot\u00e9g\u00e9es par la garantie financi\u00e8re Vector Nordic (4\u202fM\u202f\u20ac), conforme \u00e0 la r\u00e9glementation europ\u00e9enne sur les voyages \u00e0 forfait.<\/p>\n<\/div>\n\n<div class=\"plus\">\n<h4>Une communaut\u00e9 avant m\u00eame le d\u00e9part<\/h4>\n<p>Connecte-toi avec tes futurs compagnons via un groupe WhatsApp avant le voyage. Participe \u00e0 nos \u00e9v\u00e9nements et cr\u00e9e des liens avec d\u2019autres passionn\u00e9s d\u2019aventure venus du monde entier\u202f!<\/p>\n<\/div>\n<\/div>\n\n<style>\n.plus {\ndisplay:grid;\nborder:1px solid #bbb;\nborder-radius:10px;\npadding:30px 15px 10px 15px;\n}\n@media only screen and (max-width:749px) {\n.aboutuspluses {\ndisplay: grid;\ngrid-template-columns: repeat(1, 1fr);\ngrid-template-rows: repeat(4, minmax(min-content, max-content));\ngap:2%;\nmargin-bottom: 250px;\npadding-bottom: 30px;\n}\n.plus {\ndisplay: grid;\nborder:1px solid #bbb;\nborder-radius:10px;\npadding:30px 15px 50px 15px;}\n}\n@media only screen and (min-width:750px) and (max-width:1199px) {\n.aboutuspluses {\ndisplay: grid;\ngrid-template-columns: repeat(3, 1fr);\ngrid-template-rows: repeat(2, minmax(min-content, max-content));\ngap:2%;\njustify-content: center;\njustify-items: center;\npadding-bottom: 30px;\n}\n.plus {\ndisplay: grid;\nborder:1px solid #bbb;\nborder-radius:10px;\npadding:30px 15px 50px 15px;}\n}\n@media only screen and (min-width:1200px) {\n.aboutuspluses {\ndisplay: grid;\ngrid-template-columns: repeat(4, 1fr);\ngap:2%;\n}\n}\n.plus p{\ncolor: black !important;}\n\n<\/style>\n<\/div><\/div><\/div><\/div><\/div><\/div>","protected":false},"excerpt":{"rendered":"<p>NOTRE PHILOSOPHIE Chez TerraXplora, on ne fait pas juste des voyages, on cr\u00e9e des aventures de dingue\u202f! Oublie les circuits touristiques basiques\u202f: avec nous, chaque trip est une immersion totale qui te fera vibrer et te connectera vraiment \u00e0 ta [&hellip;]<\/p>\n","protected":false},"author":1,"featured_media":0,"parent":0,"menu_order":0,"comment_status":"closed","ping_status":"closed","template":"","meta":{"_acf_changed":false,"inline_featured_image":false,"footnotes":""},"class_list":["post-10375","page","type-page","status-publish","hentry"],"acf":[],"yoast_head":"<!-- This site is optimized with the Yoast SEO plugin v27.2 - https:\/\/yoast.com\/product\/yoast-seo-wordpress\/ -->\n<title>\u00c0 propos de nous - Terraxplora<\/title>\n<meta name=\"robots\" content=\"index, follow, max-snippet:-1, max-image-preview:large, max-video-preview:-1\" \/>\n<link rel=\"canonical\" href=\"https:\/\/terraxplora.eu\/fr\/a-propos-de-nous\/\" \/>\n<meta property=\"og:locale\" content=\"fr_FR\" \/>\n<meta property=\"og:type\" content=\"article\" \/>\n<meta property=\"og:title\" content=\"\u00c0 propos de nous - Terraxplora\" \/>\n<meta property=\"og:description\" content=\"NOTRE PHILOSOPHIE Chez TerraXplora, on ne fait pas juste des voyages, on cr\u00e9e des aventures de dingue\u202f! Oublie les circuits touristiques basiques\u202f: avec nous, chaque trip est une immersion totale qui te fera vibrer et te connectera vraiment \u00e0 ta [&hellip;]\" \/>\n<meta property=\"og:url\" content=\"https:\/\/terraxplora.eu\/fr\/a-propos-de-nous\/\" \/>\n<meta property=\"og:site_name\" content=\"Terraxplora\" \/>\n<meta property=\"article:modified_time\" content=\"2025-06-29T14:03:48+00:00\" \/>\n<meta property=\"og:image\" content=\"https:\/\/terraxplora.eu\/wp-content\/uploads\/2024\/12\/9AK19APR24b-2-scaled.jpg\" \/>\n<meta name=\"twitter:card\" content=\"summary_large_image\" \/>\n<meta name=\"twitter:label1\" content=\"Dur\u00e9e de lecture estim\u00e9e\" \/>\n\t<meta name=\"twitter:data1\" content=\"4 minutes\" \/>\n<script type=\"application\/ld+json\" class=\"yoast-schema-graph\">{\"@context\":\"https:\/\/schema.org\",\"@graph\":[{\"@type\":\"WebPage\",\"@id\":\"https:\/\/terraxplora.eu\/fr\/a-propos-de-nous\/\",\"url\":\"https:\/\/terraxplora.eu\/fr\/a-propos-de-nous\/\",\"name\":\"\u00c0 propos de nous - Terraxplora\",\"isPartOf\":{\"@id\":\"https:\/\/terraxplora.eu\/#website\"},\"primaryImageOfPage\":{\"@id\":\"https:\/\/terraxplora.eu\/fr\/a-propos-de-nous\/#primaryimage\"},\"image\":{\"@id\":\"https:\/\/terraxplora.eu\/fr\/a-propos-de-nous\/#primaryimage\"},\"thumbnailUrl\":\"https:\/\/terraxplora.eu\/wp-content\/uploads\/2024\/12\/9AK19APR24b-2-scaled.jpg\",\"datePublished\":\"2016-12-24T01:38:09+00:00\",\"dateModified\":\"2025-06-29T14:03:48+00:00\",\"breadcrumb\":{\"@id\":\"https:\/\/terraxplora.eu\/fr\/a-propos-de-nous\/#breadcrumb\"},\"inLanguage\":\"fr-FR\",\"potentialAction\":[{\"@type\":\"ReadAction\",\"target\":[\"https:\/\/terraxplora.eu\/fr\/a-propos-de-nous\/\"]}]},{\"@type\":\"ImageObject\",\"inLanguage\":\"fr-FR\",\"@id\":\"https:\/\/terraxplora.eu\/fr\/a-propos-de-nous\/#primaryimage\",\"url\":\"https:\/\/terraxplora.eu\/wp-content\/uploads\/2024\/12\/9AK19APR24b-2-scaled.jpg\",\"contentUrl\":\"https:\/\/terraxplora.eu\/wp-content\/uploads\/2024\/12\/9AK19APR24b-2-scaled.jpg\"},{\"@type\":\"BreadcrumbList\",\"@id\":\"https:\/\/terraxplora.eu\/fr\/a-propos-de-nous\/#breadcrumb\",\"itemListElement\":[{\"@type\":\"ListItem\",\"position\":1,\"name\":\"Home\",\"item\":\"https:\/\/terraxplora.eu\/fr\/\"},{\"@type\":\"ListItem\",\"position\":2,\"name\":\"\u00c0 propos de nous\"}]},{\"@type\":\"WebSite\",\"@id\":\"https:\/\/terraxplora.eu\/#website\",\"url\":\"https:\/\/terraxplora.eu\/\",\"name\":\"Terraxplora\",\"description\":\"\",\"publisher\":{\"@id\":\"https:\/\/terraxplora.eu\/#organization\"},\"potentialAction\":[{\"@type\":\"SearchAction\",\"target\":{\"@type\":\"EntryPoint\",\"urlTemplate\":\"https:\/\/terraxplora.eu\/?s={search_term_string}\"},\"query-input\":{\"@type\":\"PropertyValueSpecification\",\"valueRequired\":true,\"valueName\":\"search_term_string\"}}],\"inLanguage\":\"fr-FR\"},{\"@type\":\"Organization\",\"@id\":\"https:\/\/terraxplora.eu\/#organization\",\"name\":\"Germalo Reisid O\u00dc\",\"url\":\"https:\/\/terraxplora.eu\/\",\"logo\":{\"@type\":\"ImageObject\",\"inLanguage\":\"fr-FR\",\"@id\":\"https:\/\/terraxplora.eu\/#\/schema\/logo\/image\/\",\"url\":\"https:\/\/terraxplora.eu\/wp-content\/uploads\/2023\/07\/terraxplora-logo-must.png\",\"contentUrl\":\"https:\/\/terraxplora.eu\/wp-content\/uploads\/2023\/07\/terraxplora-logo-must.png\",\"width\":4998,\"height\":2178,\"caption\":\"Germalo Reisid O\u00dc\"},\"image\":{\"@id\":\"https:\/\/terraxplora.eu\/#\/schema\/logo\/image\/\"}}]}<\/script>\n<!-- \/ Yoast SEO plugin. -->","yoast_head_json":{"title":"\u00c0 propos de nous - Terraxplora","robots":{"index":"index","follow":"follow","max-snippet":"max-snippet:-1","max-image-preview":"max-image-preview:large","max-video-preview":"max-video-preview:-1"},"canonical":"https:\/\/terraxplora.eu\/fr\/a-propos-de-nous\/","og_locale":"fr_FR","og_type":"article","og_title":"\u00c0 propos de nous - Terraxplora","og_description":"NOTRE PHILOSOPHIE Chez TerraXplora, on ne fait pas juste des voyages, on cr\u00e9e des aventures de dingue\u202f! Oublie les circuits touristiques basiques\u202f: avec nous, chaque trip est une immersion totale qui te fera vibrer et te connectera vraiment \u00e0 ta [&hellip;]","og_url":"https:\/\/terraxplora.eu\/fr\/a-propos-de-nous\/","og_site_name":"Terraxplora","article_modified_time":"2025-06-29T14:03:48+00:00","og_image":[{"url":"https:\/\/terraxplora.eu\/wp-content\/uploads\/2024\/12\/9AK19APR24b-2-scaled.jpg","type":"","width":"","height":""}],"twitter_card":"summary_large_image","twitter_misc":{"Dur\u00e9e de lecture estim\u00e9e":"4 minutes"},"schema":{"@context":"https:\/\/schema.org","@graph":[{"@type":"WebPage","@id":"https:\/\/terraxplora.eu\/fr\/a-propos-de-nous\/","url":"https:\/\/terraxplora.eu\/fr\/a-propos-de-nous\/","name":"\u00c0 propos de nous - Terraxplora","isPartOf":{"@id":"https:\/\/terraxplora.eu\/#website"},"primaryImageOfPage":{"@id":"https:\/\/terraxplora.eu\/fr\/a-propos-de-nous\/#primaryimage"},"image":{"@id":"https:\/\/terraxplora.eu\/fr\/a-propos-de-nous\/#primaryimage"},"thumbnailUrl":"https:\/\/terraxplora.eu\/wp-content\/uploads\/2024\/12\/9AK19APR24b-2-scaled.jpg","datePublished":"2016-12-24T01:38:09+00:00","dateModified":"2025-06-29T14:03:48+00:00","breadcrumb":{"@id":"https:\/\/terraxplora.eu\/fr\/a-propos-de-nous\/#breadcrumb"},"inLanguage":"fr-FR","potentialAction":[{"@type":"ReadAction","target":["https:\/\/terraxplora.eu\/fr\/a-propos-de-nous\/"]}]},{"@type":"ImageObject","inLanguage":"fr-FR","@id":"https:\/\/terraxplora.eu\/fr\/a-propos-de-nous\/#primaryimage","url":"https:\/\/terraxplora.eu\/wp-content\/uploads\/2024\/12\/9AK19APR24b-2-scaled.jpg","contentUrl":"https:\/\/terraxplora.eu\/wp-content\/uploads\/2024\/12\/9AK19APR24b-2-scaled.jpg"},{"@type":"BreadcrumbList","@id":"https:\/\/terraxplora.eu\/fr\/a-propos-de-nous\/#breadcrumb","itemListElement":[{"@type":"ListItem","position":1,"name":"Home","item":"https:\/\/terraxplora.eu\/fr\/"},{"@type":"ListItem","position":2,"name":"\u00c0 propos de nous"}]},{"@type":"WebSite","@id":"https:\/\/terraxplora.eu\/#website","url":"https:\/\/terraxplora.eu\/","name":"Terraxplora","description":"","publisher":{"@id":"https:\/\/terraxplora.eu\/#organization"},"potentialAction":[{"@type":"SearchAction","target":{"@type":"EntryPoint","urlTemplate":"https:\/\/terraxplora.eu\/?s={search_term_string}"},"query-input":{"@type":"PropertyValueSpecification","valueRequired":true,"valueName":"search_term_string"}}],"inLanguage":"fr-FR"},{"@type":"Organization","@id":"https:\/\/terraxplora.eu\/#organization","name":"Germalo Reisid O\u00dc","url":"https:\/\/terraxplora.eu\/","logo":{"@type":"ImageObject","inLanguage":"fr-FR","@id":"https:\/\/terraxplora.eu\/#\/schema\/logo\/image\/","url":"https:\/\/terraxplora.eu\/wp-content\/uploads\/2023\/07\/terraxplora-logo-must.png","contentUrl":"https:\/\/terraxplora.eu\/wp-content\/uploads\/2023\/07\/terraxplora-logo-must.png","width":4998,"height":2178,"caption":"Germalo Reisid O\u00dc"},"image":{"@id":"https:\/\/terraxplora.eu\/#\/schema\/logo\/image\/"}}]}},"_links":{"self":[{"href":"https:\/\/terraxplora.eu\/fr\/wp-json\/wp\/v2\/pages\/10375","targetHints":{"allow":["GET"]}}],"collection":[{"href":"https:\/\/terraxplora.eu\/fr\/wp-json\/wp\/v2\/pages"}],"about":[{"href":"https:\/\/terraxplora.eu\/fr\/wp-json\/wp\/v2\/types\/page"}],"author":[{"embeddable":true,"href":"https:\/\/terraxplora.eu\/fr\/wp-json\/wp\/v2\/users\/1"}],"replies":[{"embeddable":true,"href":"https:\/\/terraxplora.eu\/fr\/wp-json\/wp\/v2\/comments?post=10375"}],"version-history":[{"count":0,"href":"https:\/\/terraxplora.eu\/fr\/wp-json\/wp\/v2\/pages\/10375\/revisions"}],"wp:attachment":[{"href":"https:\/\/terraxplora.eu\/fr\/wp-json\/wp\/v2\/media?parent=10375"}],"curies":[{"name":"wp","href":"https:\/\/api.w.org\/{rel}","templated":true}]}}