{"id":10367,"date":"2023-06-30T14:58:03","date_gmt":"2023-06-30T11:58:03","guid":{"rendered":"https:\/\/terraxplora.eu\/join-our-team\/"},"modified":"2025-06-29T14:47:36","modified_gmt":"2025-06-29T11:47:36","slug":"rejoins-notre-equipe","status":"publish","type":"page","link":"https:\/\/terraxplora.eu\/fr\/rejoins-notre-equipe\/","title":{"rendered":"Rejoins notre \u00e9quipe"},"content":{"rendered":"<div  class=\"one ppb_image_fullwidth\" style=\"padding:0px 0 0px 0;\" ><div class=\"one withbg\" style=\"background-image:url(https:\/\/terraxplora.eu\/wp-content\/uploads\/2023\/07\/JointOurTeam_01-scaled.jpg);background-size:cover;background-position:center bottom;height:600px;position:relative;\"><\/div><\/div><div  class=\"one withsmallpadding ppb_text\" style=\"text-align:left;padding:0px 0 0px 0;margin-top:20px;\" ><div class=\"standard_wrapper\"><div class=\"page_content_wrapper\"><div class=\"inner\"><div style=\"margin:auto;width:100%\"><h2 class=\"p1\" style=\"font-weight:500;margin-bottom:10px;text-align:center\"><span class=\"s1\">REJOINS NOTRE \u00c9QUIPE<\/span><\/h2><p style=\"border-top: 1px solid #bbb;border-bottom: 1px solid #bbb;padding-top:20px;padding-bottom:20px;padding-left:10%;padding-right:10%;text-align:left\">Tu cherches un job qui ne ressemble pas \u00e0 un boulot, mais plut\u00f4t \u00e0 la vie dont tu r\u00eaves\u202f? Ne cherche plus\u202f! <br>\nOn est toujours \u00e0 la recherche de personnes passionn\u00e9es pour rejoindre notre \u00e9quipe en tant que Tour Coordinators et guides locaux. Avec nous, tu auras l\u2019opportunit\u00e9 incroyable de parcourir le monde, de t\u2019immerger dans des cultures fascinantes et de rencontrer des personnes inspirantes venues des quatre coins de la plan\u00e8te.<br>\nTu as un vrai sens du leadership et la passion du voyage te coule dans les veines\u202f? On n\u2019attend que toi\u202f! \u00c9cris-nous en nous racontant qui tu es (et encore mieux, envoie-nous une courte vid\u00e9o de pr\u00e9sentation) \u2013 on sera ravis d\u2019\u00e9changer avec toi.\n<\/p><p style=\"text-align:center\">jobs@terraxplora.eu<\/p><\/div><\/div><\/div><\/div><\/div>","protected":false},"excerpt":{"rendered":"<p>REJOINS NOTRE \u00c9QUIPETu cherches un job qui ne ressemble pas \u00e0 un boulot, mais plut\u00f4t \u00e0 la vie dont tu r\u00eaves\u202f? Ne cherche plus\u202f! On est toujours \u00e0 la recherche de personnes passionn\u00e9es pour rejoindre notre \u00e9quipe en tant que [&hellip;]<\/p>\n","protected":false},"author":1,"featured_media":0,"parent":0,"menu_order":0,"comment_status":"closed","ping_status":"closed","template":"","meta":{"_acf_changed":false,"inline_featured_image":false,"footnotes":""},"class_list":["post-10367","page","type-page","status-publish","hentry"],"acf":[],"yoast_head":"<!-- This site is optimized with the Yoast SEO plugin v27.2 - https:\/\/yoast.com\/product\/yoast-seo-wordpress\/ -->\n<title>Rejoins notre \u00e9quipe - Terraxplora<\/title>\n<meta name=\"robots\" content=\"index, follow, max-snippet:-1, max-image-preview:large, max-video-preview:-1\" \/>\n<link rel=\"canonical\" href=\"https:\/\/terraxplora.eu\/fr\/rejoins-notre-equipe\/\" \/>\n<meta property=\"og:locale\" content=\"fr_FR\" \/>\n<meta property=\"og:type\" content=\"article\" \/>\n<meta property=\"og:title\" content=\"Rejoins notre \u00e9quipe - Terraxplora\" \/>\n<meta property=\"og:description\" content=\"REJOINS NOTRE \u00c9QUIPETu cherches un job qui ne ressemble pas \u00e0 un boulot, mais plut\u00f4t \u00e0 la vie dont tu r\u00eaves\u202f? Ne cherche plus\u202f! On est toujours \u00e0 la recherche de personnes passionn\u00e9es pour rejoindre notre \u00e9quipe en tant que [&hellip;]\" \/>\n<meta property=\"og:url\" content=\"https:\/\/terraxplora.eu\/fr\/rejoins-notre-equipe\/\" \/>\n<meta property=\"og:site_name\" content=\"Terraxplora\" \/>\n<meta property=\"article:modified_time\" content=\"2025-06-29T11:47:36+00:00\" \/>\n<meta name=\"twitter:card\" content=\"summary_large_image\" \/>\n<meta name=\"twitter:label1\" content=\"Dur\u00e9e de lecture estim\u00e9e\" \/>\n\t<meta name=\"twitter:data1\" content=\"1 minute\" \/>\n<script type=\"application\/ld+json\" class=\"yoast-schema-graph\">{\"@context\":\"https:\/\/schema.org\",\"@graph\":[{\"@type\":\"WebPage\",\"@id\":\"https:\/\/terraxplora.eu\/fr\/rejoins-notre-equipe\/\",\"url\":\"https:\/\/terraxplora.eu\/fr\/rejoins-notre-equipe\/\",\"name\":\"Rejoins notre \u00e9quipe - Terraxplora\",\"isPartOf\":{\"@id\":\"https:\/\/terraxplora.eu\/#website\"},\"datePublished\":\"2023-06-30T11:58:03+00:00\",\"dateModified\":\"2025-06-29T11:47:36+00:00\",\"breadcrumb\":{\"@id\":\"https:\/\/terraxplora.eu\/fr\/rejoins-notre-equipe\/#breadcrumb\"},\"inLanguage\":\"fr-FR\",\"potentialAction\":[{\"@type\":\"ReadAction\",\"target\":[\"https:\/\/terraxplora.eu\/fr\/rejoins-notre-equipe\/\"]}]},{\"@type\":\"BreadcrumbList\",\"@id\":\"https:\/\/terraxplora.eu\/fr\/rejoins-notre-equipe\/#breadcrumb\",\"itemListElement\":[{\"@type\":\"ListItem\",\"position\":1,\"name\":\"Home\",\"item\":\"https:\/\/terraxplora.eu\/fr\/\"},{\"@type\":\"ListItem\",\"position\":2,\"name\":\"Rejoins notre \u00e9quipe\"}]},{\"@type\":\"WebSite\",\"@id\":\"https:\/\/terraxplora.eu\/#website\",\"url\":\"https:\/\/terraxplora.eu\/\",\"name\":\"Terraxplora\",\"description\":\"\",\"publisher\":{\"@id\":\"https:\/\/terraxplora.eu\/#organization\"},\"potentialAction\":[{\"@type\":\"SearchAction\",\"target\":{\"@type\":\"EntryPoint\",\"urlTemplate\":\"https:\/\/terraxplora.eu\/?s={search_term_string}\"},\"query-input\":{\"@type\":\"PropertyValueSpecification\",\"valueRequired\":true,\"valueName\":\"search_term_string\"}}],\"inLanguage\":\"fr-FR\"},{\"@type\":\"Organization\",\"@id\":\"https:\/\/terraxplora.eu\/#organization\",\"name\":\"Germalo Reisid O\u00dc\",\"url\":\"https:\/\/terraxplora.eu\/\",\"logo\":{\"@type\":\"ImageObject\",\"inLanguage\":\"fr-FR\",\"@id\":\"https:\/\/terraxplora.eu\/#\/schema\/logo\/image\/\",\"url\":\"https:\/\/terraxplora.eu\/wp-content\/uploads\/2023\/07\/terraxplora-logo-must.png\",\"contentUrl\":\"https:\/\/terraxplora.eu\/wp-content\/uploads\/2023\/07\/terraxplora-logo-must.png\",\"width\":4998,\"height\":2178,\"caption\":\"Germalo Reisid O\u00dc\"},\"image\":{\"@id\":\"https:\/\/terraxplora.eu\/#\/schema\/logo\/image\/\"}}]}<\/script>\n<!-- \/ Yoast SEO plugin. -->","yoast_head_json":{"title":"Rejoins notre \u00e9quipe - Terraxplora","robots":{"index":"index","follow":"follow","max-snippet":"max-snippet:-1","max-image-preview":"max-image-preview:large","max-video-preview":"max-video-preview:-1"},"canonical":"https:\/\/terraxplora.eu\/fr\/rejoins-notre-equipe\/","og_locale":"fr_FR","og_type":"article","og_title":"Rejoins notre \u00e9quipe - Terraxplora","og_description":"REJOINS NOTRE \u00c9QUIPETu cherches un job qui ne ressemble pas \u00e0 un boulot, mais plut\u00f4t \u00e0 la vie dont tu r\u00eaves\u202f? Ne cherche plus\u202f! On est toujours \u00e0 la recherche de personnes passionn\u00e9es pour rejoindre notre \u00e9quipe en tant que [&hellip;]","og_url":"https:\/\/terraxplora.eu\/fr\/rejoins-notre-equipe\/","og_site_name":"Terraxplora","article_modified_time":"2025-06-29T11:47:36+00:00","twitter_card":"summary_large_image","twitter_misc":{"Dur\u00e9e de lecture estim\u00e9e":"1 minute"},"schema":{"@context":"https:\/\/schema.org","@graph":[{"@type":"WebPage","@id":"https:\/\/terraxplora.eu\/fr\/rejoins-notre-equipe\/","url":"https:\/\/terraxplora.eu\/fr\/rejoins-notre-equipe\/","name":"Rejoins notre \u00e9quipe - Terraxplora","isPartOf":{"@id":"https:\/\/terraxplora.eu\/#website"},"datePublished":"2023-06-30T11:58:03+00:00","dateModified":"2025-06-29T11:47:36+00:00","breadcrumb":{"@id":"https:\/\/terraxplora.eu\/fr\/rejoins-notre-equipe\/#breadcrumb"},"inLanguage":"fr-FR","potentialAction":[{"@type":"ReadAction","target":["https:\/\/terraxplora.eu\/fr\/rejoins-notre-equipe\/"]}]},{"@type":"BreadcrumbList","@id":"https:\/\/terraxplora.eu\/fr\/rejoins-notre-equipe\/#breadcrumb","itemListElement":[{"@type":"ListItem","position":1,"name":"Home","item":"https:\/\/terraxplora.eu\/fr\/"},{"@type":"ListItem","position":2,"name":"Rejoins notre \u00e9quipe"}]},{"@type":"WebSite","@id":"https:\/\/terraxplora.eu\/#website","url":"https:\/\/terraxplora.eu\/","name":"Terraxplora","description":"","publisher":{"@id":"https:\/\/terraxplora.eu\/#organization"},"potentialAction":[{"@type":"SearchAction","target":{"@type":"EntryPoint","urlTemplate":"https:\/\/terraxplora.eu\/?s={search_term_string}"},"query-input":{"@type":"PropertyValueSpecification","valueRequired":true,"valueName":"search_term_string"}}],"inLanguage":"fr-FR"},{"@type":"Organization","@id":"https:\/\/terraxplora.eu\/#organization","name":"Germalo Reisid O\u00dc","url":"https:\/\/terraxplora.eu\/","logo":{"@type":"ImageObject","inLanguage":"fr-FR","@id":"https:\/\/terraxplora.eu\/#\/schema\/logo\/image\/","url":"https:\/\/terraxplora.eu\/wp-content\/uploads\/2023\/07\/terraxplora-logo-must.png","contentUrl":"https:\/\/terraxplora.eu\/wp-content\/uploads\/2023\/07\/terraxplora-logo-must.png","width":4998,"height":2178,"caption":"Germalo Reisid O\u00dc"},"image":{"@id":"https:\/\/terraxplora.eu\/#\/schema\/logo\/image\/"}}]}},"_links":{"self":[{"href":"https:\/\/terraxplora.eu\/fr\/wp-json\/wp\/v2\/pages\/10367","targetHints":{"allow":["GET"]}}],"collection":[{"href":"https:\/\/terraxplora.eu\/fr\/wp-json\/wp\/v2\/pages"}],"about":[{"href":"https:\/\/terraxplora.eu\/fr\/wp-json\/wp\/v2\/types\/page"}],"author":[{"embeddable":true,"href":"https:\/\/terraxplora.eu\/fr\/wp-json\/wp\/v2\/users\/1"}],"replies":[{"embeddable":true,"href":"https:\/\/terraxplora.eu\/fr\/wp-json\/wp\/v2\/comments?post=10367"}],"version-history":[{"count":0,"href":"https:\/\/terraxplora.eu\/fr\/wp-json\/wp\/v2\/pages\/10367\/revisions"}],"wp:attachment":[{"href":"https:\/\/terraxplora.eu\/fr\/wp-json\/wp\/v2\/media?parent=10367"}],"curies":[{"name":"wp","href":"https:\/\/api.w.org\/{rel}","templated":true}]}}