{"id":10334,"date":"2016-12-21T11:43:47","date_gmt":"2016-12-21T08:43:47","guid":{"rendered":"https:\/\/terraxplora.eu\/choisissez-votre-quetechoose-your-quest\/"},"modified":"2025-07-17T15:27:55","modified_gmt":"2025-07-17T12:27:55","slug":"destinations","status":"publish","type":"page","link":"https:\/\/terraxplora.eu\/fr\/destinations\/","title":{"rendered":"Toutes nos destinations"},"content":{"rendered":"<div class=\"divider one\">&nbsp;<\/div><div  class=\"one withsmallpadding ppb_text\" style=\"text-align:left;padding:40px 0 40px 0;\" ><div class=\"standard_wrapper\"><div class=\"page_content_wrapper\"><div class=\"inner\"><div style=\"margin:auto;width:100%\">    <div class=\"destination-wrapper\">\n                    <div class=\"destination-single\">\n                <a href=\"https:\/\/terraxplora.eu\/fr\/visites\/?keyword=&#038;destination_id=10315\">\n                    <div class=\"destination-content\">\n                        <h3>Tha\u00eflande<\/h3>\n                        <img loading=\"lazy\" loading=\"lazy\" loading=\"lazy\" decoding=\"async\" width=\"1450\" height=\"1200\" src=\"https:\/\/terraxplora.eu\/wp-content\/uploads\/2023\/08\/THAILAND1.jpg\" class=\"attachment-post-thumbnail size-post-thumbnail wp-post-image\" alt=\"\" \/>                    <\/div>\n                <\/a>\n            <\/div>\n                    <div class=\"destination-single\">\n                <a href=\"https:\/\/terraxplora.eu\/fr\/visites\/?keyword=&#038;destination_id=10312\">\n                    <div class=\"destination-content\">\n                        <h3>Laos<\/h3>\n                        <img loading=\"lazy\" loading=\"lazy\" loading=\"lazy\" decoding=\"async\" width=\"1450\" height=\"1200\" src=\"https:\/\/terraxplora.eu\/wp-content\/uploads\/2023\/06\/LAOS.jpg\" class=\"attachment-post-thumbnail size-post-thumbnail wp-post-image\" alt=\"\" \/>                    <\/div>\n                <\/a>\n            <\/div>\n                    <div class=\"destination-single\">\n                <a href=\"https:\/\/terraxplora.eu\/fr\/visites\/?keyword=&#038;destination_id=10310\">\n                    <div class=\"destination-content\">\n                        <h3>Philippines<\/h3>\n                        <img loading=\"lazy\" loading=\"lazy\" loading=\"lazy\" decoding=\"async\" width=\"2560\" height=\"1435\" src=\"https:\/\/terraxplora.eu\/wp-content\/uploads\/2024\/07\/Philippines_Header02-scaled.jpg\" class=\"attachment-post-thumbnail size-post-thumbnail wp-post-image\" alt=\"\" \/>                    <\/div>\n                <\/a>\n            <\/div>\n                    <div class=\"destination-single\">\n                <a href=\"https:\/\/terraxplora.eu\/fr\/visites\/?keyword=&#038;destination_id=10321\">\n                    <div class=\"destination-content\">\n                        <h3>Japon<\/h3>\n                        <img loading=\"lazy\" loading=\"lazy\" loading=\"lazy\" decoding=\"async\" width=\"2560\" height=\"1708\" src=\"https:\/\/terraxplora.eu\/wp-content\/uploads\/2024\/07\/Japan_Header_01-scaled.jpg\" class=\"attachment-post-thumbnail size-post-thumbnail wp-post-image\" alt=\"\" \/>                    <\/div>\n                <\/a>\n            <\/div>\n                    <div class=\"destination-single\">\n                <a href=\"https:\/\/terraxplora.eu\/fr\/visites\/?keyword=&#038;destination_id=10308\">\n                    <div class=\"destination-content\">\n                        <h3>N\u00e9pal<\/h3>\n                        <img loading=\"lazy\" loading=\"lazy\" loading=\"lazy\" decoding=\"async\" width=\"1450\" height=\"1200\" src=\"https:\/\/terraxplora.eu\/wp-content\/uploads\/2024\/03\/Nepal.jpg\" class=\"attachment-post-thumbnail size-post-thumbnail wp-post-image\" alt=\"\" \/>                    <\/div>\n                <\/a>\n            <\/div>\n                    <div class=\"destination-single\">\n                <a href=\"https:\/\/terraxplora.eu\/fr\/visites\/?keyword=&#038;destination_id=10331\">\n                    <div class=\"destination-content\">\n                        <h3>Sri Lanka<\/h3>\n                        <img loading=\"lazy\" loading=\"lazy\" loading=\"lazy\" decoding=\"async\" width=\"1450\" height=\"1200\" src=\"https:\/\/terraxplora.eu\/wp-content\/uploads\/2024\/03\/Sri-Lanka.jpg\" class=\"attachment-post-thumbnail size-post-thumbnail wp-post-image\" alt=\"\" \/>                    <\/div>\n                <\/a>\n            <\/div>\n                    <div class=\"destination-single\">\n                <a href=\"https:\/\/terraxplora.eu\/fr\/visites\/?keyword=&#038;destination_id=10329\">\n                    <div class=\"destination-content\">\n                        <h3>Norv\u00e8ge arctique<\/h3>\n                        <img loading=\"lazy\" loading=\"lazy\" loading=\"lazy\" decoding=\"async\" width=\"1450\" height=\"1200\" src=\"https:\/\/terraxplora.eu\/wp-content\/uploads\/2024\/03\/Svalbard.jpg\" class=\"attachment-post-thumbnail size-post-thumbnail wp-post-image\" alt=\"\" \/>                    <\/div>\n                <\/a>\n            <\/div>\n                    <div class=\"destination-single\">\n                <a href=\"https:\/\/terraxplora.eu\/fr\/visites\/?keyword=&#038;destination_id=10325\">\n                    <div class=\"destination-content\">\n                        <h3>Vi\u00eat Nam<\/h3>\n                        <img loading=\"lazy\" loading=\"lazy\" loading=\"lazy\" decoding=\"async\" width=\"1578\" height=\"1050\" src=\"https:\/\/terraxplora.eu\/wp-content\/uploads\/2023\/07\/VIETNAM_SecretWonders.jpg\" class=\"attachment-post-thumbnail size-post-thumbnail wp-post-image\" alt=\"\" \/>                    <\/div>\n                <\/a>\n            <\/div>\n                    <div class=\"destination-single\">\n                <a href=\"https:\/\/terraxplora.eu\/fr\/visites\/?keyword=&#038;destination_id=10322\">\n                    <div class=\"destination-content\">\n                        <h3>France<\/h3>\n                        <img loading=\"lazy\" loading=\"lazy\" loading=\"lazy\" decoding=\"async\" width=\"1450\" height=\"1200\" src=\"https:\/\/terraxplora.eu\/wp-content\/uploads\/2024\/01\/France.jpg\" class=\"attachment-post-thumbnail size-post-thumbnail wp-post-image\" alt=\"\" \/>                    <\/div>\n                <\/a>\n            <\/div>\n                    <div class=\"destination-single\">\n                <a href=\"https:\/\/terraxplora.eu\/fr\/visites\/?keyword=&#038;destination_id=10319\">\n                    <div class=\"destination-content\">\n                        <h3>Bali<\/h3>\n                        <img loading=\"lazy\" loading=\"lazy\" loading=\"lazy\" decoding=\"async\" width=\"2560\" height=\"1707\" src=\"https:\/\/terraxplora.eu\/wp-content\/uploads\/2023\/08\/alfiano-sutianto-exFdOWkYBQw-unsplash-scaled.jpg\" class=\"attachment-post-thumbnail size-post-thumbnail wp-post-image\" alt=\"\" \/>                    <\/div>\n                <\/a>\n            <\/div>\n            <\/div>\n    <\/div><\/div><\/div><\/div><\/div><div class=\"divider one\">&nbsp;<\/div>","protected":false},"excerpt":{"rendered":"<p>&nbsp; Tha\u00eflande Laos Philippines Japon N\u00e9pal Sri Lanka Norv\u00e8ge arctique Vi\u00eat Nam France Bali &nbsp;<\/p>\n","protected":false},"author":1,"featured_media":10335,"parent":0,"menu_order":0,"comment_status":"closed","ping_status":"closed","template":"","meta":{"_acf_changed":false,"inline_featured_image":false,"footnotes":""},"class_list":["post-10334","page","type-page","status-publish","has-post-thumbnail","hentry"],"acf":[],"yoast_head":"<!-- This site is optimized with the Yoast SEO plugin v27.2 - https:\/\/yoast.com\/product\/yoast-seo-wordpress\/ -->\n<title>Toutes nos destinations - Terraxplora<\/title>\n<meta name=\"robots\" content=\"index, follow, max-snippet:-1, max-image-preview:large, max-video-preview:-1\" \/>\n<link rel=\"canonical\" href=\"https:\/\/terraxplora.eu\/fr\/destinations\/\" \/>\n<meta property=\"og:locale\" content=\"fr_FR\" \/>\n<meta property=\"og:type\" content=\"article\" \/>\n<meta property=\"og:title\" content=\"Toutes nos destinations - Terraxplora\" \/>\n<meta property=\"og:description\" content=\"&nbsp; Tha\u00eflande Laos Philippines Japon N\u00e9pal Sri Lanka Norv\u00e8ge arctique Vi\u00eat Nam France Bali &nbsp;\" \/>\n<meta property=\"og:url\" content=\"https:\/\/terraxplora.eu\/fr\/destinations\/\" \/>\n<meta property=\"og:site_name\" content=\"Terraxplora\" \/>\n<meta property=\"article:modified_time\" content=\"2025-07-17T12:27:55+00:00\" \/>\n<meta property=\"og:image\" content=\"https:\/\/terraxplora.eu\/wp-content\/uploads\/2023\/07\/Photo_01-2-3-scaled.jpg\" \/>\n\t<meta property=\"og:image:width\" content=\"2560\" \/>\n\t<meta property=\"og:image:height\" content=\"963\" \/>\n\t<meta property=\"og:image:type\" content=\"image\/jpeg\" \/>\n<meta name=\"twitter:card\" content=\"summary_large_image\" \/>\n<meta name=\"twitter:label1\" content=\"Dur\u00e9e de lecture estim\u00e9e\" \/>\n\t<meta name=\"twitter:data1\" content=\"3 minutes\" \/>\n<script type=\"application\/ld+json\" class=\"yoast-schema-graph\">{\"@context\":\"https:\/\/schema.org\",\"@graph\":[{\"@type\":\"WebPage\",\"@id\":\"https:\/\/terraxplora.eu\/fr\/destinations\/\",\"url\":\"https:\/\/terraxplora.eu\/fr\/destinations\/\",\"name\":\"Toutes nos destinations - Terraxplora\",\"isPartOf\":{\"@id\":\"https:\/\/terraxplora.eu\/#website\"},\"primaryImageOfPage\":{\"@id\":\"https:\/\/terraxplora.eu\/fr\/destinations\/#primaryimage\"},\"image\":{\"@id\":\"https:\/\/terraxplora.eu\/fr\/destinations\/#primaryimage\"},\"thumbnailUrl\":\"https:\/\/terraxplora.eu\/wp-content\/uploads\/2023\/07\/Photo_01-2-3-scaled.jpg\",\"datePublished\":\"2016-12-21T08:43:47+00:00\",\"dateModified\":\"2025-07-17T12:27:55+00:00\",\"breadcrumb\":{\"@id\":\"https:\/\/terraxplora.eu\/fr\/destinations\/#breadcrumb\"},\"inLanguage\":\"fr-FR\",\"potentialAction\":[{\"@type\":\"ReadAction\",\"target\":[\"https:\/\/terraxplora.eu\/fr\/destinations\/\"]}]},{\"@type\":\"ImageObject\",\"inLanguage\":\"fr-FR\",\"@id\":\"https:\/\/terraxplora.eu\/fr\/destinations\/#primaryimage\",\"url\":\"https:\/\/terraxplora.eu\/wp-content\/uploads\/2023\/07\/Photo_01-2-3-scaled.jpg\",\"contentUrl\":\"https:\/\/terraxplora.eu\/wp-content\/uploads\/2023\/07\/Photo_01-2-3-scaled.jpg\",\"width\":2560,\"height\":963},{\"@type\":\"BreadcrumbList\",\"@id\":\"https:\/\/terraxplora.eu\/fr\/destinations\/#breadcrumb\",\"itemListElement\":[{\"@type\":\"ListItem\",\"position\":1,\"name\":\"Home\",\"item\":\"https:\/\/terraxplora.eu\/fr\/\"},{\"@type\":\"ListItem\",\"position\":2,\"name\":\"Toutes nos destinations\"}]},{\"@type\":\"WebSite\",\"@id\":\"https:\/\/terraxplora.eu\/#website\",\"url\":\"https:\/\/terraxplora.eu\/\",\"name\":\"Terraxplora\",\"description\":\"\",\"publisher\":{\"@id\":\"https:\/\/terraxplora.eu\/#organization\"},\"potentialAction\":[{\"@type\":\"SearchAction\",\"target\":{\"@type\":\"EntryPoint\",\"urlTemplate\":\"https:\/\/terraxplora.eu\/?s={search_term_string}\"},\"query-input\":{\"@type\":\"PropertyValueSpecification\",\"valueRequired\":true,\"valueName\":\"search_term_string\"}}],\"inLanguage\":\"fr-FR\"},{\"@type\":\"Organization\",\"@id\":\"https:\/\/terraxplora.eu\/#organization\",\"name\":\"Germalo Reisid O\u00dc\",\"url\":\"https:\/\/terraxplora.eu\/\",\"logo\":{\"@type\":\"ImageObject\",\"inLanguage\":\"fr-FR\",\"@id\":\"https:\/\/terraxplora.eu\/#\/schema\/logo\/image\/\",\"url\":\"https:\/\/terraxplora.eu\/wp-content\/uploads\/2023\/07\/terraxplora-logo-must.png\",\"contentUrl\":\"https:\/\/terraxplora.eu\/wp-content\/uploads\/2023\/07\/terraxplora-logo-must.png\",\"width\":4998,\"height\":2178,\"caption\":\"Germalo Reisid O\u00dc\"},\"image\":{\"@id\":\"https:\/\/terraxplora.eu\/#\/schema\/logo\/image\/\"}}]}<\/script>\n<!-- \/ Yoast SEO plugin. -->","yoast_head_json":{"title":"Toutes nos destinations - Terraxplora","robots":{"index":"index","follow":"follow","max-snippet":"max-snippet:-1","max-image-preview":"max-image-preview:large","max-video-preview":"max-video-preview:-1"},"canonical":"https:\/\/terraxplora.eu\/fr\/destinations\/","og_locale":"fr_FR","og_type":"article","og_title":"Toutes nos destinations - Terraxplora","og_description":"&nbsp; Tha\u00eflande Laos Philippines Japon N\u00e9pal Sri Lanka Norv\u00e8ge arctique Vi\u00eat Nam France Bali &nbsp;","og_url":"https:\/\/terraxplora.eu\/fr\/destinations\/","og_site_name":"Terraxplora","article_modified_time":"2025-07-17T12:27:55+00:00","og_image":[{"width":2560,"height":963,"url":"https:\/\/terraxplora.eu\/wp-content\/uploads\/2023\/07\/Photo_01-2-3-scaled.jpg","type":"image\/jpeg"}],"twitter_card":"summary_large_image","twitter_misc":{"Dur\u00e9e de lecture estim\u00e9e":"3 minutes"},"schema":{"@context":"https:\/\/schema.org","@graph":[{"@type":"WebPage","@id":"https:\/\/terraxplora.eu\/fr\/destinations\/","url":"https:\/\/terraxplora.eu\/fr\/destinations\/","name":"Toutes nos destinations - Terraxplora","isPartOf":{"@id":"https:\/\/terraxplora.eu\/#website"},"primaryImageOfPage":{"@id":"https:\/\/terraxplora.eu\/fr\/destinations\/#primaryimage"},"image":{"@id":"https:\/\/terraxplora.eu\/fr\/destinations\/#primaryimage"},"thumbnailUrl":"https:\/\/terraxplora.eu\/wp-content\/uploads\/2023\/07\/Photo_01-2-3-scaled.jpg","datePublished":"2016-12-21T08:43:47+00:00","dateModified":"2025-07-17T12:27:55+00:00","breadcrumb":{"@id":"https:\/\/terraxplora.eu\/fr\/destinations\/#breadcrumb"},"inLanguage":"fr-FR","potentialAction":[{"@type":"ReadAction","target":["https:\/\/terraxplora.eu\/fr\/destinations\/"]}]},{"@type":"ImageObject","inLanguage":"fr-FR","@id":"https:\/\/terraxplora.eu\/fr\/destinations\/#primaryimage","url":"https:\/\/terraxplora.eu\/wp-content\/uploads\/2023\/07\/Photo_01-2-3-scaled.jpg","contentUrl":"https:\/\/terraxplora.eu\/wp-content\/uploads\/2023\/07\/Photo_01-2-3-scaled.jpg","width":2560,"height":963},{"@type":"BreadcrumbList","@id":"https:\/\/terraxplora.eu\/fr\/destinations\/#breadcrumb","itemListElement":[{"@type":"ListItem","position":1,"name":"Home","item":"https:\/\/terraxplora.eu\/fr\/"},{"@type":"ListItem","position":2,"name":"Toutes nos destinations"}]},{"@type":"WebSite","@id":"https:\/\/terraxplora.eu\/#website","url":"https:\/\/terraxplora.eu\/","name":"Terraxplora","description":"","publisher":{"@id":"https:\/\/terraxplora.eu\/#organization"},"potentialAction":[{"@type":"SearchAction","target":{"@type":"EntryPoint","urlTemplate":"https:\/\/terraxplora.eu\/?s={search_term_string}"},"query-input":{"@type":"PropertyValueSpecification","valueRequired":true,"valueName":"search_term_string"}}],"inLanguage":"fr-FR"},{"@type":"Organization","@id":"https:\/\/terraxplora.eu\/#organization","name":"Germalo Reisid O\u00dc","url":"https:\/\/terraxplora.eu\/","logo":{"@type":"ImageObject","inLanguage":"fr-FR","@id":"https:\/\/terraxplora.eu\/#\/schema\/logo\/image\/","url":"https:\/\/terraxplora.eu\/wp-content\/uploads\/2023\/07\/terraxplora-logo-must.png","contentUrl":"https:\/\/terraxplora.eu\/wp-content\/uploads\/2023\/07\/terraxplora-logo-must.png","width":4998,"height":2178,"caption":"Germalo Reisid O\u00dc"},"image":{"@id":"https:\/\/terraxplora.eu\/#\/schema\/logo\/image\/"}}]}},"_links":{"self":[{"href":"https:\/\/terraxplora.eu\/fr\/wp-json\/wp\/v2\/pages\/10334","targetHints":{"allow":["GET"]}}],"collection":[{"href":"https:\/\/terraxplora.eu\/fr\/wp-json\/wp\/v2\/pages"}],"about":[{"href":"https:\/\/terraxplora.eu\/fr\/wp-json\/wp\/v2\/types\/page"}],"author":[{"embeddable":true,"href":"https:\/\/terraxplora.eu\/fr\/wp-json\/wp\/v2\/users\/1"}],"replies":[{"embeddable":true,"href":"https:\/\/terraxplora.eu\/fr\/wp-json\/wp\/v2\/comments?post=10334"}],"version-history":[{"count":0,"href":"https:\/\/terraxplora.eu\/fr\/wp-json\/wp\/v2\/pages\/10334\/revisions"}],"wp:featuredmedia":[{"embeddable":true,"href":"https:\/\/terraxplora.eu\/fr\/wp-json\/wp\/v2\/media\/10335"}],"wp:attachment":[{"href":"https:\/\/terraxplora.eu\/fr\/wp-json\/wp\/v2\/media?parent=10334"}],"curies":[{"name":"wp","href":"https:\/\/api.w.org\/{rel}","templated":true}]}}