{"id":6820,"date":"2023-06-30T14:58:03","date_gmt":"2023-06-30T11:58:03","guid":{"rendered":"https:\/\/terraxplora.com\/tule-meile-toole\/"},"modified":"2026-04-17T13:32:12","modified_gmt":"2026-04-17T10:32:12","slug":"tule-meile-toole","status":"publish","type":"page","link":"https:\/\/terraxplora.eu\/et\/tule-meile-toole\/","title":{"rendered":"Tule Meile T\u00f6\u00f6le"},"content":{"rendered":"<div  class=\"one ppb_image_fullwidth\" style=\"padding:0px 0 0px 0;\" ><div class=\"one withbg\" style=\"background-image:url(https:\/\/terraxplora.eu\/wp-content\/uploads\/2023\/07\/JointOurTeam_01-scaled.jpg);background-size:cover;background-position:center bottom;height:600px;position:relative;\"><\/div><\/div><div  class=\"one withsmallpadding ppb_text\" style=\"text-align:left;padding:40px 0 40px 0;margin-top:20px;\" ><div class=\"standard_wrapper\"><div class=\"page_content_wrapper\"><div class=\"inner\"><div style=\"margin:auto;width:100%\"><h2 class=\"p1\" style=\"font-weight: 500; margin-bottom: 10px; text-align: center;\"><span class=\"s1\">LIITU MEIE MEESKONNAGA<\/span><\/h2>\n<p style=\"border-top: 1px solid #bbbbbb; border-bottom: 1px solid #bbbbbb; padding: 20px 10%; text-align: center;\">Iga Terraxplora reisi taga seisab p\u00fchendunud, uudishimulike ja inimkeskse suhtumisega meeskond.\nOotame alati huviga s\u00f5numeid potentsiaalsetelt r\u00fchmajuhtidelt, projektassistendidelt, koordinaatoritelt, reisiasjatundjatelt v\u00f5i k\u00f5igilt, kes tunnevad, et v\u00f5iksid meeskonda v\u00e4\u00e4rtust lisada.\nKui Terraxplora pakub sulle huvi, saada meile s\u00f5num aadressile jobs@terraxplora.eu<\/p>\n<\/div><\/div><\/div><\/div><\/div><div  class=\"one withsmallpadding ppb_text\" style=\"text-align:left;padding:5px 0 5px 0;margin-top:20px;\" ><div class=\"standard_wrapper\"><div class=\"page_content_wrapper\"><div class=\"inner\"><div style=\"margin:auto;width:100%\"><h2 class=\"p1\" style=\"font-weight:500;margin-bottom:10px;text-align:center\"><span class=\"s1\">VABAD T\u00d6\u00d6KOHAD<\/span><\/div><\/div><\/div><\/div><\/div><div  class=\"one withsmallpadding ppb_text\" style=\"text-align:left;padding:0px 0 0px 0;\" ><div class=\"standard_wrapper\"><div class=\"page_content_wrapper\"><div class=\"inner\"><div style=\"margin:auto;width:100%\"><div class=\"pp_accordion has_icon\"><h3><a href=\"#\">Reisijuht<\/a><\/h3><div><p>\n<ul>\n\n<strong>AMETINIMETUS:<\/strong> Reisijuht \n<br>\n<strong>ASUKOHT:<\/strong> Mitmesugused\n<br>\n<strong>ALGUSKUUP\u00c4EV:<\/strong> Teatatakse hiljem \n<br> \n<strong>PALK:<\/strong> Teatatakse hiljem \n<br>\n<br>\n<strong>T\u00d6\u00d6KIRJELDUS: <\/strong>\n<br>\nTerraxplora reisijuhina oled just see inimene, kes muudab v\u00f5\u00f5raste r\u00fchma t\u00f5eliseks reisikaaslasteks. Sa juhid meie v\u00e4ikeste r\u00fchmade seiklusi erinevates sihtkohtades, tagades, et k\u00f5ik sujub sujuvalt, ohutult ja heas \u00f5hkkonnas alates esimesest p\u00e4evast kuni viimase h\u00fcvastij\u00e4tukallistuseni.\n<br>\nSa hoolitsed logistika eest, hoiad r\u00fchma koos, juhid ootusi ja tagad, et k\u00f5ik tunneksid end hoolitsetuna, isegi siis, kui plaanid muutuvad (sest m\u00f5nikord juhtubki nii).\n<br>\nSee on praktiline ja energiat n\u00f5udev roll. Sa oled kodust eemal, pidevalt jalul ja pikkade p\u00e4evade jooksul t\u00e4ielikult \u201et\u00f6\u00f6s\u201c. Reiside ajal on t\u00f6\u00f6 t\u00e4ist\u00f6\u00f6ajaga, sealhulgas \u00f5htutel ja n\u00e4dalavahetustel.\n<br>\nSa pead olema saadaval v\u00e4hemalt \u00fche kuu aastas (v\u00e4hemalt kaks reisi aastas).\n<br>\nKogenud reisijuhid v\u00f5ivad alustada kohe.\n<br>\nOled reisijuhina algaja? Pole probleemi, pakume p\u00f5hjalikku koolitust.\n<br>\n<br>\n<strong>Oluline m\u00e4rkus: <\/strong>\n<br>\nTeilt ei oodata ajalooliste loengute pidamist ega ettevalmistatud selgituste andmist. Teie \u00fclesanne on r\u00fchma juhtida, kogemust korraldada ning tagada sujuv, seltskondlik ja turvaline reis, samal ajal kui kohalikud giidid annavad vajaduse korral p\u00f5hjalikku kultuuri- ja ajalooalast teavet.\n<br>\n<br>\n<strong>N\u00d5UDED: <\/strong>\n<br>\nSa pead&#8230; \n<br>\n\u2022 Omama p\u00f5hjalikku reisikogemust (\u00fcksinda reisimine, seljakotireisid v\u00f5i r\u00fchmareisid).\n<br>\n\u2022 Omama h\u00e4id teadmisi riigi kohta, kuhu kandideerid, sealhulgas selle geograafia, kultuuri ja tavade kohta. Teadmised muude sihtkohtade kohta on eeliseks.\n<br>\n\u2022 Olema avatud, suhtlemisaldis, energiline, vastutustundlik ja nautima siiralt inimestega t\u00f6\u00f6tamist.\n<br>\n\u2022 Olla enesekindel 6\u201314-liikmeliste r\u00fchmade juhtimisel ning suhelda selgelt ja t\u00f5husalt.\n<br>\n\u2022 Olla v\u00f5imeline hoolitsema tervise, ohutuse ja ootamatute olukordade eest ettearvamatutes keskkondades ning reageerima rahulikult, kui midagi l\u00e4heb valesti. \n<br>\n\u2022 R\u00e4\u00e4kida h\u00e4sti inglise keelt.\n<br>\n\u2022 Olla organiseeritud, usaldusv\u00e4\u00e4rne ja t\u00e4pne k\u00f5igi haldus\u00fclesannete t\u00e4itmisel.\n<br>\n\u2022 Ole s\u00fcmpaatne, entusiastlik ja suuda luua kontakti erinevas vanuses, erineva rahvuse ja taustaga inimestega.\n<br>\n\u2022 Ole valmis looma sotsiaalmeedia sisu, sealhulgas: filmima grupi igap\u00e4evaseid hetki, tegema grupifotosid, r\u00e4\u00e4kima kaamerasse ja jagama oma m\u00f5tteid, salvestama reisi l\u00f5pus videotunnistusi, laadima sisu igap\u00e4evaselt \u00fcles Terraxplora meeskonnale\n<br>\n<br>\n<strong>T\u00c4HTIS:<\/strong> Palun lugege j\u00e4rgnev tekst l\u00e4bi ENNE, kui kandideerite sellele ametikohale. \n<br>\n<br>\nTERRAXPLORA reisijuhiks olemine on suurep\u00e4rane v\u00f5imalus, mis pakub sulle unustamatuid elamusi ning annab s\u00f5pru ja m\u00e4lestusi kogu eluks! Siiski on see kindlasti palju raskem, kui sa ette kujutad, ning sellel ametikohal v\u00f5ivad olla ka varjuk\u00fcljed, millest pead enne kandideerimist teadlik olema, mida t\u00e4ielikult m\u00f5istma ja kaaluma. \n<br>\n\u2022 Sa ei ole puhkusel, vaid sinu r\u00fchma liikmed on.\n<br> \n\u2022 Sinu peamine \u00fclesanne on tagada, et nende reis oleks ohutu, nauditav ja kulgeks v\u00f5imalikult sujuvalt. \n<br>\n\u2022 Sa ei peaks kandideerima grupijuhi ametikohale, kui su ainus p\u00f5hjus on soov reisida. \n<br>\n\u2022 Sa oled seal selleks, et pakkuda IGA\u00dcHELE grupiliikmele parimat v\u00f5imalikku kogemust. Kui suudad seda kogemust pakkuda vaid 80% oma grupist, siis palun m\u00f5tle oma kandideerimisele uuesti j\u00e4rele. \n<br>\n\u2022 Teie r\u00fchma liikmed v\u00f5ivad haigestuda, kogeda kultuuri\u0161okki, muutuda emotsionaalseks, palju kurta v\u00f5i isegi teie vastu isiklikku vastumeelsust tunda. V\u00f5ib juhtuda, et te ei saa teatud inimestega h\u00e4sti l\u00e4bi. Siiski oodatakse teilt endiselt suurep\u00e4rast t\u00f6\u00f6d ja kogu r\u00fchma teenindamist, hoolimata eespool nimetatust. \n<br>\n\u2022 Kui teil on partner ja\/v\u00f5i lapsed, kaaluge hoolikalt, millist m\u00f5ju avaldab pikaajaline kodust eemalolek. Partnerid ei saa reisidele kaasa tulla ja \u00fcldjuhul ei v\u00f5ta me vastu koos kandideerivaid paare.\n<br>\n\u2022 Kuigi Terraxplora toetab teid nii palju kui v\u00f5imalik, tekivad olukorrad, kus kohest abi pole v\u00f5imalik saada (ajavahede, piiratud \u00fchenduse v\u00f5i kaugete asukohtade t\u00f5ttu). Peate olema kindel oma otsuste tegemises, probleemide lahendamises ja v\u00f5imes kiiresti reageerida ning olema valmis tagaj\u00e4rgedega toime tulema.\n<br>\n\u2022 Meie reisikava on kindlaks m\u00e4\u00e4ratud ja teete sama reisi korduvalt, mida m\u00f5ned inimesed v\u00f5ivad pidada monotoonseks v\u00f5i v\u00e4sitavaks.  \n<br>\n\u2022 See t\u00f6\u00f6 on seotud inimestega. Peate olema valmis veetma palju aega erineva rahvuse, vanuse ja taustaga inimestega, nendega suhtlema ja koos elama.\n<br> \n<br> \nKui m\u00f5istate t\u00e4ielikult k\u00f5ike eespool nimetatut, soovite t\u00f5siselt saada reisijuhiks ja tunnete siiralt, et teil on selleks vajalikud omadused, ootame teie kandideerimist.\nTere tulemast Terraxplorasse.\n<br> \nKirjutage meile aadressile jobs@terraxplora.eu (veel parem oleks, kui lisaks saadaksite l\u00fchikese videotutvustuse) ja me lepime hea meelega kokku kohtumise. \n\n<\/ul>\n<\/p><\/div><\/div><\/div><\/div><\/div><\/div><\/div>","protected":false},"excerpt":{"rendered":"<p>LIITU MEIE MEESKONNAGA Iga Terraxplora reisi taga seisab p\u00fchendunud, uudishimulike ja inimkeskse suhtumisega meeskond. Ootame alati huviga s\u00f5numeid potentsiaalsetelt r\u00fchmajuhtidelt, projektassistendidelt, koordinaatoritelt, reisiasjatundjatelt v\u00f5i k\u00f5igilt, kes tunnevad, et v\u00f5iksid meeskonda v\u00e4\u00e4rtust lisada. Kui Terraxplora pakub sulle huvi, saada meile s\u00f5num [&hellip;]<\/p>\n","protected":false},"author":1,"featured_media":0,"parent":0,"menu_order":0,"comment_status":"closed","ping_status":"closed","template":"","meta":{"_acf_changed":false,"inline_featured_image":false,"footnotes":""},"class_list":["post-6820","page","type-page","status-publish","hentry"],"acf":[],"yoast_head":"<!-- This site is optimized with the Yoast SEO plugin v27.4 - https:\/\/yoast.com\/product\/yoast-seo-wordpress\/ -->\n<title>Tule Meile T\u00f6\u00f6le - Terraxplora<\/title>\n<meta name=\"robots\" content=\"index, follow, max-snippet:-1, max-image-preview:large, max-video-preview:-1\" \/>\n<link rel=\"canonical\" href=\"https:\/\/terraxplora.eu\/et\/tule-meile-toole\/\" \/>\n<meta property=\"og:locale\" content=\"et_EE\" \/>\n<meta property=\"og:type\" content=\"article\" \/>\n<meta property=\"og:title\" content=\"Tule Meile T\u00f6\u00f6le - Terraxplora\" \/>\n<meta property=\"og:description\" content=\"LIITU MEIE MEESKONNAGA Iga Terraxplora reisi taga seisab p\u00fchendunud, uudishimulike ja inimkeskse suhtumisega meeskond. Ootame alati huviga s\u00f5numeid potentsiaalsetelt r\u00fchmajuhtidelt, projektassistendidelt, koordinaatoritelt, reisiasjatundjatelt v\u00f5i k\u00f5igilt, kes tunnevad, et v\u00f5iksid meeskonda v\u00e4\u00e4rtust lisada. Kui Terraxplora pakub sulle huvi, saada meile s\u00f5num [&hellip;]\" \/>\n<meta property=\"og:url\" content=\"https:\/\/terraxplora.eu\/et\/tule-meile-toole\/\" \/>\n<meta property=\"og:site_name\" content=\"Terraxplora\" \/>\n<meta property=\"article:modified_time\" content=\"2026-04-17T10:32:12+00:00\" \/>\n<meta name=\"twitter:card\" content=\"summary_large_image\" \/>\n<meta name=\"twitter:label1\" content=\"Est. reading time\" \/>\n\t<meta name=\"twitter:data1\" content=\"4 minutit\" \/>\n<script type=\"application\/ld+json\" class=\"yoast-schema-graph\">{\"@context\":\"https:\\\/\\\/schema.org\",\"@graph\":[{\"@type\":\"WebPage\",\"@id\":\"https:\\\/\\\/terraxplora.eu\\\/et\\\/tule-meile-toole\\\/\",\"url\":\"https:\\\/\\\/terraxplora.eu\\\/et\\\/tule-meile-toole\\\/\",\"name\":\"Tule Meile T\u00f6\u00f6le - Terraxplora\",\"isPartOf\":{\"@id\":\"https:\\\/\\\/terraxplora.eu\\\/#website\"},\"datePublished\":\"2023-06-30T11:58:03+00:00\",\"dateModified\":\"2026-04-17T10:32:12+00:00\",\"breadcrumb\":{\"@id\":\"https:\\\/\\\/terraxplora.eu\\\/et\\\/tule-meile-toole\\\/#breadcrumb\"},\"inLanguage\":\"et\",\"potentialAction\":[{\"@type\":\"ReadAction\",\"target\":[\"https:\\\/\\\/terraxplora.eu\\\/et\\\/tule-meile-toole\\\/\"]}]},{\"@type\":\"BreadcrumbList\",\"@id\":\"https:\\\/\\\/terraxplora.eu\\\/et\\\/tule-meile-toole\\\/#breadcrumb\",\"itemListElement\":[{\"@type\":\"ListItem\",\"position\":1,\"name\":\"Home\",\"item\":\"https:\\\/\\\/terraxplora.eu\\\/et\\\/\"},{\"@type\":\"ListItem\",\"position\":2,\"name\":\"Tule Meile T\u00f6\u00f6le\"}]},{\"@type\":\"WebSite\",\"@id\":\"https:\\\/\\\/terraxplora.eu\\\/#website\",\"url\":\"https:\\\/\\\/terraxplora.eu\\\/\",\"name\":\"Terraxplora\",\"description\":\"\",\"publisher\":{\"@id\":\"https:\\\/\\\/terraxplora.eu\\\/#organization\"},\"potentialAction\":[{\"@type\":\"SearchAction\",\"target\":{\"@type\":\"EntryPoint\",\"urlTemplate\":\"https:\\\/\\\/terraxplora.eu\\\/?s={search_term_string}\"},\"query-input\":{\"@type\":\"PropertyValueSpecification\",\"valueRequired\":true,\"valueName\":\"search_term_string\"}}],\"inLanguage\":\"et\"},{\"@type\":\"Organization\",\"@id\":\"https:\\\/\\\/terraxplora.eu\\\/#organization\",\"name\":\"Germalo Reisid O\u00dc\",\"url\":\"https:\\\/\\\/terraxplora.eu\\\/\",\"logo\":{\"@type\":\"ImageObject\",\"inLanguage\":\"et\",\"@id\":\"https:\\\/\\\/terraxplora.eu\\\/#\\\/schema\\\/logo\\\/image\\\/\",\"url\":\"https:\\\/\\\/terraxplora.eu\\\/wp-content\\\/uploads\\\/2023\\\/07\\\/terraxplora-logo-must.png\",\"contentUrl\":\"https:\\\/\\\/terraxplora.eu\\\/wp-content\\\/uploads\\\/2023\\\/07\\\/terraxplora-logo-must.png\",\"width\":4998,\"height\":2178,\"caption\":\"Germalo Reisid O\u00dc\"},\"image\":{\"@id\":\"https:\\\/\\\/terraxplora.eu\\\/#\\\/schema\\\/logo\\\/image\\\/\"}}]}<\/script>\n<!-- \/ Yoast SEO plugin. -->","yoast_head_json":{"title":"Tule Meile T\u00f6\u00f6le - Terraxplora","robots":{"index":"index","follow":"follow","max-snippet":"max-snippet:-1","max-image-preview":"max-image-preview:large","max-video-preview":"max-video-preview:-1"},"canonical":"https:\/\/terraxplora.eu\/et\/tule-meile-toole\/","og_locale":"et_EE","og_type":"article","og_title":"Tule Meile T\u00f6\u00f6le - Terraxplora","og_description":"LIITU MEIE MEESKONNAGA Iga Terraxplora reisi taga seisab p\u00fchendunud, uudishimulike ja inimkeskse suhtumisega meeskond. Ootame alati huviga s\u00f5numeid potentsiaalsetelt r\u00fchmajuhtidelt, projektassistendidelt, koordinaatoritelt, reisiasjatundjatelt v\u00f5i k\u00f5igilt, kes tunnevad, et v\u00f5iksid meeskonda v\u00e4\u00e4rtust lisada. Kui Terraxplora pakub sulle huvi, saada meile s\u00f5num [&hellip;]","og_url":"https:\/\/terraxplora.eu\/et\/tule-meile-toole\/","og_site_name":"Terraxplora","article_modified_time":"2026-04-17T10:32:12+00:00","twitter_card":"summary_large_image","twitter_misc":{"Est. reading time":"4 minutit"},"schema":{"@context":"https:\/\/schema.org","@graph":[{"@type":"WebPage","@id":"https:\/\/terraxplora.eu\/et\/tule-meile-toole\/","url":"https:\/\/terraxplora.eu\/et\/tule-meile-toole\/","name":"Tule Meile T\u00f6\u00f6le - Terraxplora","isPartOf":{"@id":"https:\/\/terraxplora.eu\/#website"},"datePublished":"2023-06-30T11:58:03+00:00","dateModified":"2026-04-17T10:32:12+00:00","breadcrumb":{"@id":"https:\/\/terraxplora.eu\/et\/tule-meile-toole\/#breadcrumb"},"inLanguage":"et","potentialAction":[{"@type":"ReadAction","target":["https:\/\/terraxplora.eu\/et\/tule-meile-toole\/"]}]},{"@type":"BreadcrumbList","@id":"https:\/\/terraxplora.eu\/et\/tule-meile-toole\/#breadcrumb","itemListElement":[{"@type":"ListItem","position":1,"name":"Home","item":"https:\/\/terraxplora.eu\/et\/"},{"@type":"ListItem","position":2,"name":"Tule Meile T\u00f6\u00f6le"}]},{"@type":"WebSite","@id":"https:\/\/terraxplora.eu\/#website","url":"https:\/\/terraxplora.eu\/","name":"Terraxplora","description":"","publisher":{"@id":"https:\/\/terraxplora.eu\/#organization"},"potentialAction":[{"@type":"SearchAction","target":{"@type":"EntryPoint","urlTemplate":"https:\/\/terraxplora.eu\/?s={search_term_string}"},"query-input":{"@type":"PropertyValueSpecification","valueRequired":true,"valueName":"search_term_string"}}],"inLanguage":"et"},{"@type":"Organization","@id":"https:\/\/terraxplora.eu\/#organization","name":"Germalo Reisid O\u00dc","url":"https:\/\/terraxplora.eu\/","logo":{"@type":"ImageObject","inLanguage":"et","@id":"https:\/\/terraxplora.eu\/#\/schema\/logo\/image\/","url":"https:\/\/terraxplora.eu\/wp-content\/uploads\/2023\/07\/terraxplora-logo-must.png","contentUrl":"https:\/\/terraxplora.eu\/wp-content\/uploads\/2023\/07\/terraxplora-logo-must.png","width":4998,"height":2178,"caption":"Germalo Reisid O\u00dc"},"image":{"@id":"https:\/\/terraxplora.eu\/#\/schema\/logo\/image\/"}}]}},"_links":{"self":[{"href":"https:\/\/terraxplora.eu\/et\/wp-json\/wp\/v2\/pages\/6820","targetHints":{"allow":["GET"]}}],"collection":[{"href":"https:\/\/terraxplora.eu\/et\/wp-json\/wp\/v2\/pages"}],"about":[{"href":"https:\/\/terraxplora.eu\/et\/wp-json\/wp\/v2\/types\/page"}],"author":[{"embeddable":true,"href":"https:\/\/terraxplora.eu\/et\/wp-json\/wp\/v2\/users\/1"}],"replies":[{"embeddable":true,"href":"https:\/\/terraxplora.eu\/et\/wp-json\/wp\/v2\/comments?post=6820"}],"version-history":[{"count":0,"href":"https:\/\/terraxplora.eu\/et\/wp-json\/wp\/v2\/pages\/6820\/revisions"}],"wp:attachment":[{"href":"https:\/\/terraxplora.eu\/et\/wp-json\/wp\/v2\/media?parent=6820"}],"curies":[{"name":"wp","href":"https:\/\/api.w.org\/{rel}","templated":true}]}}