{"id":6749,"date":"2023-06-30T15:00:27","date_gmt":"2023-06-30T12:00:27","guid":{"rendered":"https:\/\/terraxplora.com\/reisid-teie-tiimile\/"},"modified":"2023-10-22T07:16:50","modified_gmt":"2023-10-22T04:16:50","slug":"reisid-teie-tiimile","status":"publish","type":"page","link":"https:\/\/terraxplora.eu\/et\/reisid-teie-tiimile\/","title":{"rendered":"Reisid Teie Tiimile"},"content":{"rendered":"<style>\r\nhtml[lang=\"et\"] #page_content_wrapper {\r\n\twidth: 100% !important;\r\n\tmax-width: 100% !important;\r\n\tpadding: 0 !important;\r\n}\r\n@media only screen and (min-width: 1200px) {\r\n\thtml[lang=\"et\"] .standard_wrapper {\r\n\t\tpadding: 0 90px !important;\r\n\t}\r\n}\r\n\r\nhtml[lang=\"et\"] .page_content_wrapper .wpcf7 p {\r\n    padding-top: 1.5em !important;\r\n    padding-bottom: 1.5em !important;\r\n}\r\n\r\n@media only screen and (min-width: 1200px) {\r\nhtml[lang=\"et\"] form.wpcf7-form p:nth-child(-n + 7):not(:nth-child(3)) {\r\n    width: 49.6% !important;\r\n    display: inline-block !important;\r\n}\r\n}\r\n<\/style>\r\n<div class=\"one ppb_image_fullwidth\" style=\"padding: 0px 0 0px 0;\">\r\n<div class=\"one withbg\" style=\"background-image: url('https:\/\/terraxplora.eu\/wp-content\/uploads\/2023\/07\/Corporate_01-scaled.jpg'); background-size: cover; background-position: center top; height: 600px; position: relative;\"><\/div>\r\n<\/div>\r\n<div class=\"one withsmallpadding ppb_text\" style=\"text-align: left; padding: 0px 0 0px 0; margin-top: 20px;\">\r\n<div class=\"standard_wrapper\">\r\n<div class=\"page_content_wrapper\">\r\n<div class=\"inner\">\r\n<div style=\"margin: auto; width: 100%;\">\r\n<h2 class=\"p1\" style=\"font-weight: 500; margin-bottom: 10px; text-transform: uppercase; text-align: center;\"><span class=\"s1\">Firmareisid<\/span><\/h2>\r\n<p style=\"border-top: 1px solid #bbb; border-bottom: 1px solid #bbb; padding: 20px 10% 20px 10%;\">Soovid minna t\u00f6\u00f6reisile oma kollektiiviga v\u00f5i tasustada oma t\u00f6\u00f6tajaid hea hooaja eest? Oled \u00f5iges kohas!\r\nK\u00f5iki meie reise saab sobitada vastavalt teie kuup\u00e4evadele ning mugandada vastavalt teie soovidele. Meie reisid annavad teie meeskonnale v\u00f5imaluse koos seiklusi l\u00e4bi elada, \u00fcksteist paremini tundma \u00f5ppida ja luua koos \u00fchiseid m\u00e4lestusi.\r\nV\u00f5ite olla kindlad, et reisilt tagasi naastes seljatab teie tiim k\u00f5ik v\u00e4ljakutsed! V\u00f5ta meiega \u00fchendust juba t\u00e4na, et saada personaalne pakkumine .\r\n.<\/p>\r\n\r\n<\/div>\r\n<\/div>\r\n<\/div>\r\n<\/div>\r\n<\/div>\r\n<div class=\"one withsmallpadding ppb_text\" style=\"text-align: left; padding: 0px 0 0px 0; margin-top: 60px; margin-bottom: 60px;\">\r\n<div class=\"standard_wrapper\">\r\n<div class=\"page_content_wrapper\">\r\n<div class=\"inner\">\r\n<div style=\"margin: auto; width: 60%;\">\r\n<div id=\"wpcf7-f4440-o1\" class=\"wpcf7 no-js\" dir=\"ltr\" lang=\"en-US\">\r\n<div class=\"screen-reader-response\">\r\n<p role=\"status\" aria-live=\"polite\" aria-atomic=\"true\"><\/p>\r\n\r\n<\/div>\r\n<form class=\"wpcf7-form init\" action=\"\/wp-admin\/post.php#wpcf7-f4440-o1\" method=\"post\" novalidate=\"novalidate\" aria-label=\"Contact form\" data-status=\"init\">\r\n<div style=\"display: none;\"><input name=\"_wpcf7\" type=\"hidden\" value=\"4440\" \/>\r\n<input name=\"_wpcf7_version\" type=\"hidden\" value=\"5.7.7\" \/>\r\n<input name=\"_wpcf7_locale\" type=\"hidden\" value=\"en_US\" \/>\r\n<input name=\"_wpcf7_unit_tag\" type=\"hidden\" value=\"wpcf7-f4440-o1\" \/>\r\n<input name=\"_wpcf7_container_post\" type=\"hidden\" value=\"0\" \/>\r\n<input name=\"_wpcf7_posted_data_hash\" type=\"hidden\" value=\"\" \/><\/div>\r\n<h5><b>Sinu andmed:<\/b><\/h5>\r\n<p>\r\n<label>\r\n<span class=\"wpcf7-form-control-wrap\" data-name=\"text-500\"><input class=\"wpcf7-form-control wpcf7-text\" name=\"text-500\" size=\"40\" type=\"text\" value=\"\" placeholder=\"Teema\" aria-invalid=\"false\" \/><\/span> <\/label>\r\n<\/p>\r\n\r\n<p>\r\n<label>\r\n<span class=\"wpcf7-form-control-wrap\" data-name=\"your-firstname\"><input class=\"wpcf7-form-control wpcf7-text wpcf7-validates-as-required\" autocomplete=\"firstname\" name=\"your-firstname\" size=\"40\" type=\"text\" value=\"\" placeholder=\"Eesnimi *\" aria-required=\"true\" aria-invalid=\"false\" \/><\/span> <\/label>\r\n<\/p>\r\n\r\n<p>\r\n<label>\r\n<span class=\"wpcf7-form-control-wrap\" data-name=\"your-lastname\"><input class=\"wpcf7-form-control wpcf7-text wpcf7-validates-as-required\" name=\"your-lastname\" size=\"40\" type=\"text\" value=\"\" placeholder=\"Perekonnanimi *\" aria-required=\"true\" aria-invalid=\"false\" \/><\/span> <\/label>\r\n<\/p>\r\n\r\n<p>\r\n<label>\r\n<span class=\"wpcf7-form-control-wrap\" data-name=\"your-email\"><input class=\"wpcf7-form-control wpcf7-text wpcf7-email wpcf7-validates-as-required wpcf7-validates-as-email\" autocomplete=\"email\" name=\"your-email\" size=\"40\" type=\"email\" value=\"\" placeholder=\"E-mail *\" aria-required=\"true\" aria-invalid=\"false\" \/><\/span> <\/label>\r\n<\/p>\r\n\r\n<p>\r\n<label>\r\n<span class=\"wpcf7-form-control-wrap\" data-name=\"tel-889\"><input class=\"wpcf7-form-control wpcf7-text wpcf7-tel wpcf7-validates-as-required wpcf7-validates-as-tel\" name=\"tel-889\" size=\"40\" type=\"tel\" value=\"\" placeholder=\"Telefoninumber *\" aria-required=\"true\" aria-invalid=\"false\" \/><\/span> <\/label>\r\n<\/p>\r\n\r\n<p>\r\n<label>\r\n<span class=\"wpcf7-form-control-wrap\" data-name=\"textarea-10\"><textarea class=\"wpcf7-form-control wpcf7-textarea wpcf7-validates-as-required\" cols=\"40\" name=\"textarea-10\" rows=\"3\" placeholder=\"Teade *\" aria-required=\"true\" aria-invalid=\"false\"><\/textarea><\/span> <\/label>\r\n<\/p>\r\n\r\n<p>\r\n<input class=\"wpcf7-form-control has-spinner wpcf7-submit\" type=\"submit\" value=\"Saada\" \/>\r\n<p style=\"text-align: center;\">V\u00f5i kirjuta meile aadressil <a style=\"color: black;\" href=\"mailto:contact@terraxplora.eu\">contact@terraxplora.eu<\/a><\/p>\r\n<\/p>\r\n\r\n<div class=\"wpcf7-response-output\" aria-hidden=\"true\"><\/div>\r\n<\/form><\/div>\r\n<\/div>\r\n<\/div>\r\n<\/div>\r\n<\/div>\r\n<\/div>","protected":false},"excerpt":{"rendered":"<p>Firmareisid Soovid minna t\u00f6\u00f6reisile oma kollektiiviga v\u00f5i tasustada oma t\u00f6\u00f6tajaid hea hooaja eest? Oled \u00f5iges kohas! K\u00f5iki meie reise saab sobitada vastavalt teie kuup\u00e4evadele ning mugandada vastavalt teie soovidele. Meie reisid annavad teie meeskonnale v\u00f5imaluse koos seiklusi l\u00e4bi elada, \u00fcksteist [&hellip;]<\/p>\n","protected":false},"author":1,"featured_media":0,"parent":0,"menu_order":0,"comment_status":"closed","ping_status":"closed","template":"","meta":{"_acf_changed":false,"inline_featured_image":false,"footnotes":""},"class_list":["post-6749","page","type-page","status-publish","hentry"],"acf":[],"yoast_head":"<!-- This site is optimized with the Yoast SEO plugin v27.4 - https:\/\/yoast.com\/product\/yoast-seo-wordpress\/ -->\n<title>Reisid Teie Tiimile - Terraxplora<\/title>\n<meta name=\"robots\" content=\"index, follow, max-snippet:-1, max-image-preview:large, max-video-preview:-1\" \/>\n<link rel=\"canonical\" href=\"https:\/\/terraxplora.eu\/et\/reisid-teie-tiimile\/\" \/>\n<meta property=\"og:locale\" content=\"et_EE\" \/>\n<meta property=\"og:type\" content=\"article\" \/>\n<meta property=\"og:title\" content=\"Reisid Teie Tiimile - Terraxplora\" \/>\n<meta property=\"og:description\" content=\"Firmareisid Soovid minna t\u00f6\u00f6reisile oma kollektiiviga v\u00f5i tasustada oma t\u00f6\u00f6tajaid hea hooaja eest? Oled \u00f5iges kohas! K\u00f5iki meie reise saab sobitada vastavalt teie kuup\u00e4evadele ning mugandada vastavalt teie soovidele. Meie reisid annavad teie meeskonnale v\u00f5imaluse koos seiklusi l\u00e4bi elada, \u00fcksteist [&hellip;]\" \/>\n<meta property=\"og:url\" content=\"https:\/\/terraxplora.eu\/et\/reisid-teie-tiimile\/\" \/>\n<meta property=\"og:site_name\" content=\"Terraxplora\" \/>\n<meta property=\"article:modified_time\" content=\"2023-10-22T04:16:50+00:00\" \/>\n<meta name=\"twitter:card\" content=\"summary_large_image\" \/>\n<meta name=\"twitter:label1\" content=\"Est. reading time\" \/>\n\t<meta name=\"twitter:data1\" content=\"1 minut\" \/>\n<script type=\"application\/ld+json\" class=\"yoast-schema-graph\">{\"@context\":\"https:\\\/\\\/schema.org\",\"@graph\":[{\"@type\":\"WebPage\",\"@id\":\"https:\\\/\\\/terraxplora.eu\\\/et\\\/reisid-teie-tiimile\\\/\",\"url\":\"https:\\\/\\\/terraxplora.eu\\\/et\\\/reisid-teie-tiimile\\\/\",\"name\":\"Reisid Teie Tiimile - Terraxplora\",\"isPartOf\":{\"@id\":\"https:\\\/\\\/terraxplora.eu\\\/#website\"},\"datePublished\":\"2023-06-30T12:00:27+00:00\",\"dateModified\":\"2023-10-22T04:16:50+00:00\",\"breadcrumb\":{\"@id\":\"https:\\\/\\\/terraxplora.eu\\\/et\\\/reisid-teie-tiimile\\\/#breadcrumb\"},\"inLanguage\":\"et\",\"potentialAction\":[{\"@type\":\"ReadAction\",\"target\":[\"https:\\\/\\\/terraxplora.eu\\\/et\\\/reisid-teie-tiimile\\\/\"]}]},{\"@type\":\"BreadcrumbList\",\"@id\":\"https:\\\/\\\/terraxplora.eu\\\/et\\\/reisid-teie-tiimile\\\/#breadcrumb\",\"itemListElement\":[{\"@type\":\"ListItem\",\"position\":1,\"name\":\"Home\",\"item\":\"https:\\\/\\\/terraxplora.eu\\\/et\\\/\"},{\"@type\":\"ListItem\",\"position\":2,\"name\":\"Reisid Teie Tiimile\"}]},{\"@type\":\"WebSite\",\"@id\":\"https:\\\/\\\/terraxplora.eu\\\/#website\",\"url\":\"https:\\\/\\\/terraxplora.eu\\\/\",\"name\":\"Terraxplora\",\"description\":\"\",\"publisher\":{\"@id\":\"https:\\\/\\\/terraxplora.eu\\\/#organization\"},\"potentialAction\":[{\"@type\":\"SearchAction\",\"target\":{\"@type\":\"EntryPoint\",\"urlTemplate\":\"https:\\\/\\\/terraxplora.eu\\\/?s={search_term_string}\"},\"query-input\":{\"@type\":\"PropertyValueSpecification\",\"valueRequired\":true,\"valueName\":\"search_term_string\"}}],\"inLanguage\":\"et\"},{\"@type\":\"Organization\",\"@id\":\"https:\\\/\\\/terraxplora.eu\\\/#organization\",\"name\":\"Germalo Reisid O\u00dc\",\"url\":\"https:\\\/\\\/terraxplora.eu\\\/\",\"logo\":{\"@type\":\"ImageObject\",\"inLanguage\":\"et\",\"@id\":\"https:\\\/\\\/terraxplora.eu\\\/#\\\/schema\\\/logo\\\/image\\\/\",\"url\":\"https:\\\/\\\/terraxplora.eu\\\/wp-content\\\/uploads\\\/2023\\\/07\\\/terraxplora-logo-must.png\",\"contentUrl\":\"https:\\\/\\\/terraxplora.eu\\\/wp-content\\\/uploads\\\/2023\\\/07\\\/terraxplora-logo-must.png\",\"width\":4998,\"height\":2178,\"caption\":\"Germalo Reisid O\u00dc\"},\"image\":{\"@id\":\"https:\\\/\\\/terraxplora.eu\\\/#\\\/schema\\\/logo\\\/image\\\/\"}}]}<\/script>\n<!-- \/ Yoast SEO plugin. -->","yoast_head_json":{"title":"Reisid Teie Tiimile - Terraxplora","robots":{"index":"index","follow":"follow","max-snippet":"max-snippet:-1","max-image-preview":"max-image-preview:large","max-video-preview":"max-video-preview:-1"},"canonical":"https:\/\/terraxplora.eu\/et\/reisid-teie-tiimile\/","og_locale":"et_EE","og_type":"article","og_title":"Reisid Teie Tiimile - Terraxplora","og_description":"Firmareisid Soovid minna t\u00f6\u00f6reisile oma kollektiiviga v\u00f5i tasustada oma t\u00f6\u00f6tajaid hea hooaja eest? Oled \u00f5iges kohas! K\u00f5iki meie reise saab sobitada vastavalt teie kuup\u00e4evadele ning mugandada vastavalt teie soovidele. Meie reisid annavad teie meeskonnale v\u00f5imaluse koos seiklusi l\u00e4bi elada, \u00fcksteist [&hellip;]","og_url":"https:\/\/terraxplora.eu\/et\/reisid-teie-tiimile\/","og_site_name":"Terraxplora","article_modified_time":"2023-10-22T04:16:50+00:00","twitter_card":"summary_large_image","twitter_misc":{"Est. reading time":"1 minut"},"schema":{"@context":"https:\/\/schema.org","@graph":[{"@type":"WebPage","@id":"https:\/\/terraxplora.eu\/et\/reisid-teie-tiimile\/","url":"https:\/\/terraxplora.eu\/et\/reisid-teie-tiimile\/","name":"Reisid Teie Tiimile - Terraxplora","isPartOf":{"@id":"https:\/\/terraxplora.eu\/#website"},"datePublished":"2023-06-30T12:00:27+00:00","dateModified":"2023-10-22T04:16:50+00:00","breadcrumb":{"@id":"https:\/\/terraxplora.eu\/et\/reisid-teie-tiimile\/#breadcrumb"},"inLanguage":"et","potentialAction":[{"@type":"ReadAction","target":["https:\/\/terraxplora.eu\/et\/reisid-teie-tiimile\/"]}]},{"@type":"BreadcrumbList","@id":"https:\/\/terraxplora.eu\/et\/reisid-teie-tiimile\/#breadcrumb","itemListElement":[{"@type":"ListItem","position":1,"name":"Home","item":"https:\/\/terraxplora.eu\/et\/"},{"@type":"ListItem","position":2,"name":"Reisid Teie Tiimile"}]},{"@type":"WebSite","@id":"https:\/\/terraxplora.eu\/#website","url":"https:\/\/terraxplora.eu\/","name":"Terraxplora","description":"","publisher":{"@id":"https:\/\/terraxplora.eu\/#organization"},"potentialAction":[{"@type":"SearchAction","target":{"@type":"EntryPoint","urlTemplate":"https:\/\/terraxplora.eu\/?s={search_term_string}"},"query-input":{"@type":"PropertyValueSpecification","valueRequired":true,"valueName":"search_term_string"}}],"inLanguage":"et"},{"@type":"Organization","@id":"https:\/\/terraxplora.eu\/#organization","name":"Germalo Reisid O\u00dc","url":"https:\/\/terraxplora.eu\/","logo":{"@type":"ImageObject","inLanguage":"et","@id":"https:\/\/terraxplora.eu\/#\/schema\/logo\/image\/","url":"https:\/\/terraxplora.eu\/wp-content\/uploads\/2023\/07\/terraxplora-logo-must.png","contentUrl":"https:\/\/terraxplora.eu\/wp-content\/uploads\/2023\/07\/terraxplora-logo-must.png","width":4998,"height":2178,"caption":"Germalo Reisid O\u00dc"},"image":{"@id":"https:\/\/terraxplora.eu\/#\/schema\/logo\/image\/"}}]}},"_links":{"self":[{"href":"https:\/\/terraxplora.eu\/et\/wp-json\/wp\/v2\/pages\/6749","targetHints":{"allow":["GET"]}}],"collection":[{"href":"https:\/\/terraxplora.eu\/et\/wp-json\/wp\/v2\/pages"}],"about":[{"href":"https:\/\/terraxplora.eu\/et\/wp-json\/wp\/v2\/types\/page"}],"author":[{"embeddable":true,"href":"https:\/\/terraxplora.eu\/et\/wp-json\/wp\/v2\/users\/1"}],"replies":[{"embeddable":true,"href":"https:\/\/terraxplora.eu\/et\/wp-json\/wp\/v2\/comments?post=6749"}],"version-history":[{"count":0,"href":"https:\/\/terraxplora.eu\/et\/wp-json\/wp\/v2\/pages\/6749\/revisions"}],"wp:attachment":[{"href":"https:\/\/terraxplora.eu\/et\/wp-json\/wp\/v2\/media?parent=6749"}],"curies":[{"name":"wp","href":"https:\/\/api.w.org\/{rel}","templated":true}]}}