{"id":6748,"date":"2016-12-27T07:46:07","date_gmt":"2016-12-27T04:46:07","guid":{"rendered":"https:\/\/terraxplora.com\/kontakt\/"},"modified":"2025-12-24T00:46:57","modified_gmt":"2025-12-23T21:46:57","slug":"kontakt","status":"publish","type":"page","link":"https:\/\/terraxplora.eu\/et\/kontakt\/","title":{"rendered":"Kontakt"},"content":{"rendered":"<div  class=\"one ppb_image_fullwidth\" style=\"padding:0px 0 0px 0;\" ><div class=\"one withbg\" style=\"background-image:url(https:\/\/terraxplora.eu\/wp-content\/uploads\/2025\/12\/contact2.jpg);background-size:cover;background-position:center top;height:600px;position:relative;\"><\/div><\/div><div  class=\"one withsmallpadding ppb_text\" style=\"text-align:center;padding:0px 0 0px 0;margin-top:20px;\" ><div class=\"standard_wrapper\"><div class=\"page_content_wrapper\"><div class=\"inner\"><div style=\"margin:auto;width:100%\"><h2 class=\"p1\" style=\"font-weight:500;margin-bottom:10px\"><span class=\"s1\">KONTAKT<\/span><\/h2><p style=\"border-top: 1px solid #bbb;border-bottom: 1px solid #bbb;padding-top:20px;padding-bottom:20px;padding-left:10%;padding-right:10%;text-align:left\">Kas sul on k\u00fcsimusi oma j\u00e4rgmise reisi kohta v\u00f5i vajad abi oma seikluse planeerimisel?<br>\nV\u00f5ta meiega \u00fchendust ja vastame sulle esimesel v\u00f5imalusel. <br> Kui eelistad telefonik\u00f5net, j\u00e4ta meile palun oma number ja sobivad kellaajad.<\/p><\/div><\/div><\/div><\/div><\/div><div  class=\"one withsmallpadding ppb_text\" style=\"text-align:center;padding:0px 0 0px 0;margin-top:20px;\" ><div class=\"standard_wrapper\"><div class=\"page_content_wrapper\"><div class=\"inner\"><div style=\"margin:auto;width:80%\"><!-- Calendly inline widget begin -->\n<div class=\"calendly-inline-widget\" data-url=\"https:\/\/calendly.com\/contact-terraxplora\/30min\" style=\"min-width:320px;height:950px;\"><\/div>\n<script type=\"text\/javascript\" src=\"https:\/\/assets.calendly.com\/assets\/external\/widget.js\" async><\/script>\n<!-- Calendly inline widget end --><\/div><\/div><\/div><\/div><\/div><div  class=\"one withsmallpadding ppb_text\" style=\"text-align:center;padding:40px 0 40px 0;\" ><div class=\"standard_wrapper\"><div class=\"page_content_wrapper\"><div class=\"inner\"><div style=\"margin:auto;width:100%\"><meta name=\"viewport\" content=\"width=device-width, initial-scale=1\">\n<link rel=\"stylesheet\" href=\"https:\/\/cdnjs.cloudflare.com\/ajax\/libs\/font-awesome\/4.7.0\/css\/font-awesome.min.css\">\n<h2 class=\"p1\" style=\"font-weight:500;margin-bottom:10px\"><span class=\"s1\">SUHTLE MEIEGA<\/span><\/h2>\n<p style=\"border-top: 1px solid #bbb;padding-top:10px\">\n<\/p>\n<\/div><\/div><\/div><\/div><\/div><div  class=\"one withsmallpadding ppb_text\" style=\"text-align:left;padding:0px 0 0px 0;margin-top:60px;margin-bottom:60px;\" ><div class=\"standard_wrapper\"><div class=\"page_content_wrapper\"><div class=\"inner\"><div style=\"margin:auto;width:60%\">\n<div class=\"wpcf7 no-js\" id=\"wpcf7-f7338-o1\" lang=\"en-US\" dir=\"ltr\" data-wpcf7-id=\"7338\">\n<div class=\"screen-reader-response\"><p role=\"status\" aria-live=\"polite\" aria-atomic=\"true\"><\/p> <ul><\/ul><\/div>\n<form action=\"\/wp-admin\/post.php#wpcf7-f7338-o1\" method=\"post\" class=\"wpcf7-form init\" aria-label=\"Contact form\" novalidate=\"novalidate\" data-status=\"init\">\n<fieldset class=\"hidden-fields-container\"><input type=\"hidden\" name=\"_wpcf7\" value=\"7338\" \/><input type=\"hidden\" name=\"_wpcf7_version\" value=\"6.1.4\" \/><input type=\"hidden\" name=\"_wpcf7_locale\" value=\"en_US\" \/><input type=\"hidden\" name=\"_wpcf7_unit_tag\" value=\"wpcf7-f7338-o1\" \/><input type=\"hidden\" name=\"_wpcf7_container_post\" value=\"0\" \/><input type=\"hidden\" name=\"_wpcf7_posted_data_hash\" value=\"\" \/><input type=\"hidden\" name=\"_wpcf7dtx_version\" value=\"5.0.3\" \/><input type=\"hidden\" name=\"_wpcf7_recaptcha_response\" value=\"\" \/>\n<\/fieldset>\n<h5><b>Sinu andmed:<\/b>\n<\/h5>\n<p><label><br \/>\n<span class=\"wpcf7-form-control-wrap\" data-name=\"text-500\"><input size=\"40\" maxlength=\"400\" class=\"wpcf7-form-control wpcf7-text\" aria-invalid=\"false\" placeholder=\"Teema\" value=\"\" type=\"text\" name=\"text-500\" \/><\/span> <\/label>\n<\/p>\n<p><label><br \/>\n<span class=\"wpcf7-form-control-wrap\" data-name=\"your-firstname\"><input size=\"40\" maxlength=\"400\" class=\"wpcf7-form-control wpcf7-text wpcf7-validates-as-required\" autocomplete=\"firstname\" aria-required=\"true\" aria-invalid=\"false\" placeholder=\"Eesnimi *\" value=\"\" type=\"text\" name=\"your-firstname\" \/><\/span> <\/label>\n<\/p>\n<p><label><br \/>\n<span class=\"wpcf7-form-control-wrap\" data-name=\"your-lastname\"><input size=\"40\" maxlength=\"400\" class=\"wpcf7-form-control wpcf7-text wpcf7-validates-as-required\" aria-required=\"true\" aria-invalid=\"false\" placeholder=\"Perekonnanimi *\" value=\"\" type=\"text\" name=\"your-lastname\" \/><\/span> <\/label>\n<\/p>\n<p><label><br \/>\n<span class=\"wpcf7-form-control-wrap\" data-name=\"your-email\"><input size=\"40\" maxlength=\"400\" class=\"wpcf7-form-control wpcf7-email wpcf7-validates-as-required wpcf7-text wpcf7-validates-as-email\" autocomplete=\"email\" aria-required=\"true\" aria-invalid=\"false\" placeholder=\"E-mail *\" value=\"\" type=\"email\" name=\"your-email\" \/><\/span> <\/label>\n<\/p>\n<p><label><br \/>\n<span class=\"wpcf7-form-control-wrap\" data-name=\"tel-889\"><input size=\"40\" maxlength=\"400\" class=\"wpcf7-form-control wpcf7-tel wpcf7-validates-as-required wpcf7-text wpcf7-validates-as-tel\" aria-required=\"true\" aria-invalid=\"false\" placeholder=\"Telefoninumber *\" value=\"\" type=\"tel\" name=\"tel-889\" \/><\/span> <\/label>\n<\/p>\n<p><label><br \/>\n<span class=\"wpcf7-form-control-wrap\" data-name=\"textarea-10\"><textarea cols=\"40\" rows=\"3\" maxlength=\"2000\" class=\"wpcf7-form-control wpcf7-textarea wpcf7-validates-as-required\" aria-required=\"true\" aria-invalid=\"false\" placeholder=\"Teade *\" name=\"textarea-10\"><\/textarea><\/span> <\/label>\n<\/p>\n<p><input class=\"wpcf7-form-control wpcf7-submit has-spinner\" type=\"submit\" value=\"Saada\" \/>\n<\/p>\n<p style=\"text-align:center;\">V\u00f5i kirjuta meile aadressil <a style=\"color:black;\" href=\"mailto:contact@terraxplora.eu\">contact@terraxplora.eu<\/a>\n<\/p><div class=\"wpcf7-response-output\" aria-hidden=\"true\"><\/div>\n<\/form>\n<\/div>\n<\/div><\/div><\/div><\/div><\/div>","protected":false},"excerpt":{"rendered":"<p>KONTAKTKas sul on k\u00fcsimusi oma j\u00e4rgmise reisi kohta v\u00f5i vajad abi oma seikluse planeerimisel? V\u00f5ta meiega \u00fchendust ja vastame sulle esimesel v\u00f5imalusel. Kui eelistad telefonik\u00f5net, j\u00e4ta meile palun oma number ja sobivad kellaajad. SUHTLE MEIEGA Sinu andmed: V\u00f5i kirjuta meile [&hellip;]<\/p>\n","protected":false},"author":1,"featured_media":6312,"parent":0,"menu_order":0,"comment_status":"closed","ping_status":"closed","template":"","meta":{"_acf_changed":false,"inline_featured_image":false,"footnotes":""},"class_list":["post-6748","page","type-page","status-publish","has-post-thumbnail","hentry"],"acf":[],"yoast_head":"<!-- This site is optimized with the Yoast SEO plugin v27.4 - https:\/\/yoast.com\/product\/yoast-seo-wordpress\/ -->\n<title>Kontakt - Terraxplora<\/title>\n<meta name=\"robots\" content=\"index, follow, max-snippet:-1, max-image-preview:large, max-video-preview:-1\" \/>\n<link rel=\"canonical\" href=\"https:\/\/terraxplora.eu\/et\/kontakt\/\" \/>\n<meta property=\"og:locale\" content=\"et_EE\" \/>\n<meta property=\"og:type\" content=\"article\" \/>\n<meta property=\"og:title\" content=\"Kontakt - Terraxplora\" \/>\n<meta property=\"og:description\" content=\"KONTAKTKas sul on k\u00fcsimusi oma j\u00e4rgmise reisi kohta v\u00f5i vajad abi oma seikluse planeerimisel? V\u00f5ta meiega \u00fchendust ja vastame sulle esimesel v\u00f5imalusel. Kui eelistad telefonik\u00f5net, j\u00e4ta meile palun oma number ja sobivad kellaajad. SUHTLE MEIEGA Sinu andmed: V\u00f5i kirjuta meile [&hellip;]\" \/>\n<meta property=\"og:url\" content=\"https:\/\/terraxplora.eu\/et\/kontakt\/\" \/>\n<meta property=\"og:site_name\" content=\"Terraxplora\" \/>\n<meta property=\"article:modified_time\" content=\"2025-12-23T21:46:57+00:00\" \/>\n<meta property=\"og:image\" content=\"https:\/\/terraxplora.eu\/wp-content\/uploads\/2023\/07\/Photo_01.jpg\" \/>\n\t<meta property=\"og:image:width\" content=\"1900\" \/>\n\t<meta property=\"og:image:height\" content=\"910\" \/>\n\t<meta property=\"og:image:type\" content=\"image\/jpeg\" \/>\n<meta name=\"twitter:card\" content=\"summary_large_image\" \/>\n<meta name=\"twitter:label1\" content=\"Est. reading time\" \/>\n\t<meta name=\"twitter:data1\" content=\"1 minut\" \/>\n<script type=\"application\/ld+json\" class=\"yoast-schema-graph\">{\"@context\":\"https:\\\/\\\/schema.org\",\"@graph\":[{\"@type\":\"WebPage\",\"@id\":\"https:\\\/\\\/terraxplora.eu\\\/et\\\/kontakt\\\/\",\"url\":\"https:\\\/\\\/terraxplora.eu\\\/et\\\/kontakt\\\/\",\"name\":\"Kontakt - Terraxplora\",\"isPartOf\":{\"@id\":\"https:\\\/\\\/terraxplora.eu\\\/#website\"},\"primaryImageOfPage\":{\"@id\":\"https:\\\/\\\/terraxplora.eu\\\/et\\\/kontakt\\\/#primaryimage\"},\"image\":{\"@id\":\"https:\\\/\\\/terraxplora.eu\\\/et\\\/kontakt\\\/#primaryimage\"},\"thumbnailUrl\":\"https:\\\/\\\/terraxplora.eu\\\/wp-content\\\/uploads\\\/2023\\\/07\\\/Photo_01.jpg\",\"datePublished\":\"2016-12-27T04:46:07+00:00\",\"dateModified\":\"2025-12-23T21:46:57+00:00\",\"breadcrumb\":{\"@id\":\"https:\\\/\\\/terraxplora.eu\\\/et\\\/kontakt\\\/#breadcrumb\"},\"inLanguage\":\"et\",\"potentialAction\":[{\"@type\":\"ReadAction\",\"target\":[\"https:\\\/\\\/terraxplora.eu\\\/et\\\/kontakt\\\/\"]}]},{\"@type\":\"ImageObject\",\"inLanguage\":\"et\",\"@id\":\"https:\\\/\\\/terraxplora.eu\\\/et\\\/kontakt\\\/#primaryimage\",\"url\":\"https:\\\/\\\/terraxplora.eu\\\/wp-content\\\/uploads\\\/2023\\\/07\\\/Photo_01.jpg\",\"contentUrl\":\"https:\\\/\\\/terraxplora.eu\\\/wp-content\\\/uploads\\\/2023\\\/07\\\/Photo_01.jpg\",\"width\":1900,\"height\":910},{\"@type\":\"BreadcrumbList\",\"@id\":\"https:\\\/\\\/terraxplora.eu\\\/et\\\/kontakt\\\/#breadcrumb\",\"itemListElement\":[{\"@type\":\"ListItem\",\"position\":1,\"name\":\"Home\",\"item\":\"https:\\\/\\\/terraxplora.eu\\\/et\\\/\"},{\"@type\":\"ListItem\",\"position\":2,\"name\":\"Kontakt\"}]},{\"@type\":\"WebSite\",\"@id\":\"https:\\\/\\\/terraxplora.eu\\\/#website\",\"url\":\"https:\\\/\\\/terraxplora.eu\\\/\",\"name\":\"Terraxplora\",\"description\":\"\",\"publisher\":{\"@id\":\"https:\\\/\\\/terraxplora.eu\\\/#organization\"},\"potentialAction\":[{\"@type\":\"SearchAction\",\"target\":{\"@type\":\"EntryPoint\",\"urlTemplate\":\"https:\\\/\\\/terraxplora.eu\\\/?s={search_term_string}\"},\"query-input\":{\"@type\":\"PropertyValueSpecification\",\"valueRequired\":true,\"valueName\":\"search_term_string\"}}],\"inLanguage\":\"et\"},{\"@type\":\"Organization\",\"@id\":\"https:\\\/\\\/terraxplora.eu\\\/#organization\",\"name\":\"Germalo Reisid O\u00dc\",\"url\":\"https:\\\/\\\/terraxplora.eu\\\/\",\"logo\":{\"@type\":\"ImageObject\",\"inLanguage\":\"et\",\"@id\":\"https:\\\/\\\/terraxplora.eu\\\/#\\\/schema\\\/logo\\\/image\\\/\",\"url\":\"https:\\\/\\\/terraxplora.eu\\\/wp-content\\\/uploads\\\/2023\\\/07\\\/terraxplora-logo-must.png\",\"contentUrl\":\"https:\\\/\\\/terraxplora.eu\\\/wp-content\\\/uploads\\\/2023\\\/07\\\/terraxplora-logo-must.png\",\"width\":4998,\"height\":2178,\"caption\":\"Germalo Reisid O\u00dc\"},\"image\":{\"@id\":\"https:\\\/\\\/terraxplora.eu\\\/#\\\/schema\\\/logo\\\/image\\\/\"}}]}<\/script>\n<!-- \/ Yoast SEO plugin. -->","yoast_head_json":{"title":"Kontakt - Terraxplora","robots":{"index":"index","follow":"follow","max-snippet":"max-snippet:-1","max-image-preview":"max-image-preview:large","max-video-preview":"max-video-preview:-1"},"canonical":"https:\/\/terraxplora.eu\/et\/kontakt\/","og_locale":"et_EE","og_type":"article","og_title":"Kontakt - Terraxplora","og_description":"KONTAKTKas sul on k\u00fcsimusi oma j\u00e4rgmise reisi kohta v\u00f5i vajad abi oma seikluse planeerimisel? V\u00f5ta meiega \u00fchendust ja vastame sulle esimesel v\u00f5imalusel. Kui eelistad telefonik\u00f5net, j\u00e4ta meile palun oma number ja sobivad kellaajad. SUHTLE MEIEGA Sinu andmed: V\u00f5i kirjuta meile [&hellip;]","og_url":"https:\/\/terraxplora.eu\/et\/kontakt\/","og_site_name":"Terraxplora","article_modified_time":"2025-12-23T21:46:57+00:00","og_image":[{"width":1900,"height":910,"url":"https:\/\/terraxplora.eu\/wp-content\/uploads\/2023\/07\/Photo_01.jpg","type":"image\/jpeg"}],"twitter_card":"summary_large_image","twitter_misc":{"Est. reading time":"1 minut"},"schema":{"@context":"https:\/\/schema.org","@graph":[{"@type":"WebPage","@id":"https:\/\/terraxplora.eu\/et\/kontakt\/","url":"https:\/\/terraxplora.eu\/et\/kontakt\/","name":"Kontakt - Terraxplora","isPartOf":{"@id":"https:\/\/terraxplora.eu\/#website"},"primaryImageOfPage":{"@id":"https:\/\/terraxplora.eu\/et\/kontakt\/#primaryimage"},"image":{"@id":"https:\/\/terraxplora.eu\/et\/kontakt\/#primaryimage"},"thumbnailUrl":"https:\/\/terraxplora.eu\/wp-content\/uploads\/2023\/07\/Photo_01.jpg","datePublished":"2016-12-27T04:46:07+00:00","dateModified":"2025-12-23T21:46:57+00:00","breadcrumb":{"@id":"https:\/\/terraxplora.eu\/et\/kontakt\/#breadcrumb"},"inLanguage":"et","potentialAction":[{"@type":"ReadAction","target":["https:\/\/terraxplora.eu\/et\/kontakt\/"]}]},{"@type":"ImageObject","inLanguage":"et","@id":"https:\/\/terraxplora.eu\/et\/kontakt\/#primaryimage","url":"https:\/\/terraxplora.eu\/wp-content\/uploads\/2023\/07\/Photo_01.jpg","contentUrl":"https:\/\/terraxplora.eu\/wp-content\/uploads\/2023\/07\/Photo_01.jpg","width":1900,"height":910},{"@type":"BreadcrumbList","@id":"https:\/\/terraxplora.eu\/et\/kontakt\/#breadcrumb","itemListElement":[{"@type":"ListItem","position":1,"name":"Home","item":"https:\/\/terraxplora.eu\/et\/"},{"@type":"ListItem","position":2,"name":"Kontakt"}]},{"@type":"WebSite","@id":"https:\/\/terraxplora.eu\/#website","url":"https:\/\/terraxplora.eu\/","name":"Terraxplora","description":"","publisher":{"@id":"https:\/\/terraxplora.eu\/#organization"},"potentialAction":[{"@type":"SearchAction","target":{"@type":"EntryPoint","urlTemplate":"https:\/\/terraxplora.eu\/?s={search_term_string}"},"query-input":{"@type":"PropertyValueSpecification","valueRequired":true,"valueName":"search_term_string"}}],"inLanguage":"et"},{"@type":"Organization","@id":"https:\/\/terraxplora.eu\/#organization","name":"Germalo Reisid O\u00dc","url":"https:\/\/terraxplora.eu\/","logo":{"@type":"ImageObject","inLanguage":"et","@id":"https:\/\/terraxplora.eu\/#\/schema\/logo\/image\/","url":"https:\/\/terraxplora.eu\/wp-content\/uploads\/2023\/07\/terraxplora-logo-must.png","contentUrl":"https:\/\/terraxplora.eu\/wp-content\/uploads\/2023\/07\/terraxplora-logo-must.png","width":4998,"height":2178,"caption":"Germalo Reisid O\u00dc"},"image":{"@id":"https:\/\/terraxplora.eu\/#\/schema\/logo\/image\/"}}]}},"_links":{"self":[{"href":"https:\/\/terraxplora.eu\/et\/wp-json\/wp\/v2\/pages\/6748","targetHints":{"allow":["GET"]}}],"collection":[{"href":"https:\/\/terraxplora.eu\/et\/wp-json\/wp\/v2\/pages"}],"about":[{"href":"https:\/\/terraxplora.eu\/et\/wp-json\/wp\/v2\/types\/page"}],"author":[{"embeddable":true,"href":"https:\/\/terraxplora.eu\/et\/wp-json\/wp\/v2\/users\/1"}],"replies":[{"embeddable":true,"href":"https:\/\/terraxplora.eu\/et\/wp-json\/wp\/v2\/comments?post=6748"}],"version-history":[{"count":0,"href":"https:\/\/terraxplora.eu\/et\/wp-json\/wp\/v2\/pages\/6748\/revisions"}],"wp:featuredmedia":[{"embeddable":true,"href":"https:\/\/terraxplora.eu\/et\/wp-json\/wp\/v2\/media\/6312"}],"wp:attachment":[{"href":"https:\/\/terraxplora.eu\/et\/wp-json\/wp\/v2\/media?parent=6748"}],"curies":[{"name":"wp","href":"https:\/\/api.w.org\/{rel}","templated":true}]}}