{"id":6747,"date":"2016-12-24T04:38:09","date_gmt":"2016-12-24T01:38:09","guid":{"rendered":"https:\/\/terraxplora.com\/meist\/"},"modified":"2025-04-22T22:52:52","modified_gmt":"2025-04-22T19:52:52","slug":"meist","status":"publish","type":"page","link":"https:\/\/terraxplora.eu\/et\/meist\/","title":{"rendered":"Meist"},"content":{"rendered":"<div  class=\"one ppb_image_fullwidth\" style=\"padding:0px 0 0px 0;\" ><div class=\"one withbg\" style=\"background-image:url(https:\/\/terraxplora.eu\/wp-content\/uploads\/2024\/01\/France-Nice-Day_06-scaled.jpg);background-size:cover;background-position:center top;height:600px;position:relative;\"><\/div><\/div><div  class=\"one withsmallpadding ppb_text\" style=\"text-align:left;padding:0px 0 0px 0;margin-top:20px;\" ><div class=\"standard_wrapper\"><div class=\"page_content_wrapper\"><div class=\"inner\"><div style=\"margin:auto;width:100%\"><h2 class=\"p1\" style=\"font-weight: 500; margin-bottom: 10px; text-align: center;\"><span class=\"s1\">MEIE FILOSOOFIA<\/span><\/h2>\n<p style=\"border-top: 1px solid #bbb; border-bottom: 1px solid #bbb; padding: 20px 10% 20px 10%;\">Me pole lihtsalt reisikorraldajad; me oleme v\u00e4rav unikaalsetele ja kaasahaaravatele elamusreisidele, mis defineerivad \u00fcmber reisimistavad.\n<br><br>\nTerraxploras usume, et reisimine on midagi enamat kui lihtsalt uute kohtade k\u00fclastamine; see on sukeldumine sihtkoha s\u00fcdamesse, et luua t\u00e4henduslikke suhtlussidemeid ja unustamatuid m\u00e4lestusi.\n<br><br>\nMeie missioon on muuta reisija maailmapilti pakkudes unikaalseid v\u00e4ikegrupi seiklusi, mis kalduvad k\u00f5rvale sellest rajast, mida tammuvad paljud reisikorraldajad, v\u00f5i kuhu ise omal jalal ei satu. \n<br><br>\nKas oled valmis koos meiega seiklustel sarvist kinni haarama?\n<br><br>\n\n<\/p><\/div><\/div><\/div><\/div><\/div><div  class=\"one ppb_card_two_cols_with_image\" style=\"position:relative;padding:40px 0 40px 0;\" ><div class=\"standard_wrapper\"><div class=\"page_content_wrapper\"><div class=\"inner\"><div class=\"one_half parallax_scroll\" style=\"width:40%;position:absolute;padding:40px;z-index:2;block !important;background:#fff;border: 1px solid #7d7d7d;\" data-stellar-ratio=\"1.3\"><h2 class=\"ppb_title\" style=\"\">MEIE LUGU<\/h2><div class=\"ppb_header_content\">Meie oleme Kristina ja Wacyl \u2013 kirglikud seiklejad ning Terraxplora asutajad. Oleme elukaaslased ja kaas-seiklejad, kes alustasid oma teekonda Pariisi kihavas visuaalefektide t\u00f6\u00f6stuses. Meie kahek\u00fcmnendad ja kolmek\u00fcmnendad eluaastad olid t\u00e4is p\u00f5nevaid kogemusi filmimaailmas: tegime karj\u00e4\u00e4ri t\u00f6\u00f6tades suurte rahvusvaheliste projektide kallal ning elasime aktiivset suurlinnaelu.<\/div><\/div><div class=\"one_half parallax_scroll_image last\" style=\"width:65%;\"><div class=\"image_classic_frame expand\"><div class=\"image_wrapper\"><img decoding=\"async\" src=\"https:\/\/terraxplora.eu\/wp-content\/uploads\/2024\/12\/9AK19APR24b-2-scaled.jpg\" alt=\"\" class=\"portfolio_img\"\/><\/div><\/div><\/div><br class=\"clear\"\/><\/div><\/div><\/div><\/div><div  class=\"one withsmallpadding ppb_text\" style=\"text-align:left;padding:0px 0 0px 0;margin-top:20px;\" ><div class=\"standard_wrapper\"><div class=\"page_content_wrapper\"><div class=\"inner\"><div style=\"margin:auto;width:100%\"><h2 class=\"p1\" style=\"font-weight: 500; margin-bottom: 10px; text-align: center;\"><span class=\"s1\"><\/span><\/h2>\n<p style=\"border-top: 1px solid #bbb; border-bottom: 1px solid #bbb; padding: 20px 10% 20px 10%;\">\n\nHoolimata edukast karj\u00e4\u00e4rist ja saavutustest filmimaailmas, tundsime ennast t\u00f5eliselt elavana vaid nendel hetkedel, kui olime m\u00f6\u00f6da maailma ringi seiklemas. Igal v\u00f5imalusel haarasime seljakotid ja s\u00f5itsime kaugeid paiku avastama. Meie r\u00e4nnakud ja kohtumised p\u00f5nevate kultuuride ja inimestega kujundasid meie maailmavaadet, toites j\u00e4rk-j\u00e4rgult soovi suunata oma seiklushimu milleksi suuremaks.<br><br>\nAastal 2023 tegime otsuse muuta oma reisikirg elukutseks ning l\u00f5ime Terraxplora br\u00e4ndi koos erakordse Germalo Reiside tiimiga, eesm\u00e4rgiga \u00fchendada meile sarnaseid reisihuvilisi l\u00e4bi unustamatute v\u00e4ikegrupi seikluste. \n<br><br>\nOma kogemusele toetudes m\u00f5istame, et elus on veel palju rohkemat, kui rutiinne igap\u00e4evaelu ja tundide viisi kontoris istumine. Samuti m\u00f5istame ka, et pole alati kerge teha nii suurt ja otsustavat sammu. Teame omast k\u00e4est, kui keeruline on oma seiklust nullist planeerida ja leida reisikaaslasi, kes jagavad sarnast reisikirge.\n<br><br>\n\nMeie eesm\u00e4rk Terraxploras on k\u00f5ik sinu jaoks lihtsaks teha ning muuta su unistused k\u00e4egakatsutavaks kogemuseks. Valmistame sinu jaoks personaalselt ette parimad teekonnad, et sul poleks vaja millegi p\u00e4rast muretseda &#8211; saad lihtsalt tulla reisile ja tutvuda suurep\u00e4raste reisikaaslastega, kes on valmis sinuga seda teekonda jagama.\n\n\n<\/p><\/div><\/div><\/div><\/div><\/div><div  class=\"one ppb_card_two_cols_with_image\" style=\"position:relative;padding:40px 0 40px 0;color:#000000;\" ><div class=\"standard_wrapper\"><div class=\"page_content_wrapper\"><div class=\"inner\"><div class=\"one_half parallax_scroll_image\" style=\"width:65%;\"><div class=\"image_classic_frame expand\"><div class=\"image_wrapper\"><img decoding=\"async\" src=\"https:\/\/terraxplora.eu\/wp-content\/uploads\/2024\/12\/Team.jpg\" alt=\"\" class=\"portfolio_img\"\/><\/div><\/div><\/div><div class=\"one_half last parallax_scroll\" style=\"width:40%;position:absolute;padding:40px;background:#fff;border: 1px solid #7d7d7d;\" data-stellar-ratio=\"1.3\"><div class=\"page_tagline\" style=\"color:#000000;\">LISAINFO<\/div><div class=\"ppb_header_content\">Terraxplora on Germalo Reiside kaubam\u00e4rk. Asutatud aastal 1992 Tallinnas, <a href=\"https:\/\/www.inforegister.ee\/en\/10188803-GERMALO-REISID-OU\/\" rel=\"noopener\" target=\"_blank\">Germalo Reisid O\u00dc<\/a> on \u00fcks suurimaid kultuurireisikorraldajaid Eestis. Oma 30. s\u00fcnnip\u00e4eva puhul \u00fchinesid Germalo Reisid uue tiimiga, et luua lisaks Germalole Terraxplora br\u00e4nd. TerraXplora on spetsialiseerunud seiklusreisidele v\u00e4ikestes gruppides ning on avatud reisijatele kogu maailmast.<\/div><\/div><br class=\"clear\"\/><\/div><\/div><\/div><\/div><div  class=\"one withsmallpadding ppb_text\" style=\"text-align:left;padding:40px 0 40px 0;\" ><div class=\"standard_wrapper\"><div class=\"page_content_wrapper\"><div class=\"inner\"><div style=\"margin:auto;width:100%\"><h2 class=\"p1\" style=\"font-weight: 500; margin-bottom: 5px; text-align: center;\"><span class=\"s1\">MEIE MEESKOND<\/span><\/h2><\/div><\/div><\/div><\/div><\/div><div  class=\"one withsmallpadding ppb_team_column\" ><div class=\"page_content_wrapper page_main_content sidebar_content full_width fixed_column photoframe\"><div class=\"standard_wrapper\"><div id=\"17453515721201950717\" class=\"portfolio_filter_wrapper gallery five_cols\" data-columns=\"5\"><div class=\"element grid photoframe fixed_columns classic5_cols animated1\"><div class=\"one_fifth gallery5 classic filterable\"><div class=\"post_img\"><img decoding=\"async\" class=\"team_pic\" src=\"https:\/\/terraxplora.eu\/wp-content\/uploads\/2024\/08\/Wacyl-1-500x500.jpg\" alt=\"\"\/><\/div><div class=\"portfolio_info_wrapper center\"><h4>Wacyl<\/h4><div class=\"page_tagline\">Co-Founder &#038; Tour Coordinator<\/div><\/div><\/div><\/div><div class=\"element grid photoframe fixed_columns classic5_cols animated2\"><div class=\"one_fifth gallery5 classic filterable\"><div class=\"post_img\"><img decoding=\"async\" class=\"team_pic\" src=\"https:\/\/terraxplora.eu\/wp-content\/uploads\/2024\/08\/Kristina-500x500.jpg\" alt=\"\"\/><\/div><div class=\"portfolio_info_wrapper center\"><h4>Kristina<\/h4><div class=\"page_tagline\">Co-Founder &#038; Tour Coordinator<\/div><\/div><\/div><\/div><div class=\"element grid photoframe fixed_columns classic5_cols animated3\"><div class=\"one_fifth gallery5 classic filterable\"><div class=\"post_img\"><img decoding=\"async\" class=\"team_pic\" src=\"https:\/\/terraxplora.eu\/wp-content\/uploads\/2024\/08\/Kirthy-500x500.jpg\" alt=\"\"\/><\/div><div class=\"portfolio_info_wrapper center\"><h4>Kirthy<\/h4><div class=\"page_tagline\">Tour Coordinator<\/div><\/div><\/div><\/div><div class=\"element grid photoframe fixed_columns classic5_cols animated4\"><div class=\"one_fifth gallery5 classic filterable\"><div class=\"post_img\"><img decoding=\"async\" class=\"team_pic\" src=\"https:\/\/terraxplora.eu\/wp-content\/uploads\/2024\/08\/Martin-500x500.jpg\" alt=\"\"\/><\/div><div class=\"portfolio_info_wrapper center\"><h4>Martin<\/h4><div class=\"page_tagline\">Tour Coordinator<\/div><\/div><\/div><\/div><div class=\"element grid photoframe fixed_columns classic5_cols animated5\"><div class=\"one_fifth gallery5 classic filterable\"><div class=\"post_img\"><img decoding=\"async\" class=\"team_pic\" src=\"https:\/\/terraxplora.eu\/wp-content\/uploads\/2024\/08\/Karolin-500x500.jpg\" alt=\"\"\/><\/div><div class=\"portfolio_info_wrapper center\"><h4>Karolin<\/h4><div class=\"page_tagline\">Tour Coordinator<\/div><\/div><\/div><\/div><\/div><\/div><\/div><\/div><div  class=\"one withsmallpadding ppb_team_column\" ><div class=\"page_content_wrapper page_main_content sidebar_content full_width fixed_column photoframe\"><div class=\"standard_wrapper\"><div id=\"17453515721767669547\" class=\"portfolio_filter_wrapper gallery five_cols\" data-columns=\"5\"><div class=\"element grid photoframe fixed_columns classic5_cols animated1\"><div class=\"one_fifth gallery5 classic filterable\"><div class=\"post_img\"><img decoding=\"async\" class=\"team_pic\" src=\"https:\/\/terraxplora.eu\/wp-content\/uploads\/2024\/08\/Mariliis-500x500.jpg\" alt=\"\"\/><\/div><div class=\"portfolio_info_wrapper center\"><h4>Mari-Liis<\/h4><div class=\"page_tagline\">Project Coordinator<\/div><\/div><\/div><\/div><div class=\"element grid photoframe fixed_columns classic5_cols animated2\"><div class=\"one_fifth gallery5 classic filterable\"><div class=\"post_img\"><img decoding=\"async\" class=\"team_pic\" src=\"https:\/\/terraxplora.eu\/wp-content\/uploads\/2024\/08\/Mia-500x500.jpg\" alt=\"\"\/><\/div><div class=\"portfolio_info_wrapper center\"><h4>Mia<\/h4><div class=\"page_tagline\">Project Assistant<\/div><\/div><\/div><\/div><div class=\"element grid photoframe fixed_columns classic5_cols animated3\"><div class=\"one_fifth gallery5 classic filterable\"><div class=\"post_img\"><img decoding=\"async\" class=\"team_pic\" src=\"https:\/\/terraxplora.eu\/wp-content\/uploads\/2024\/08\/Tene-500x500.jpg\" alt=\"\"\/><\/div><div class=\"portfolio_info_wrapper center\"><h4>Tene<\/h4><div class=\"page_tagline\">Accounting<\/div><\/div><\/div><\/div><div class=\"element grid photoframe fixed_columns classic5_cols animated4\"><div class=\"one_fifth gallery5 classic filterable\"><div class=\"post_img\"><img decoding=\"async\" class=\"team_pic\" src=\"https:\/\/terraxplora.eu\/wp-content\/uploads\/2024\/12\/Manuel-500x500.jpg\" alt=\"\"\/><\/div><div class=\"portfolio_info_wrapper center\"><h4>Manuel<\/h4><div class=\"page_tagline\">Tour Coordinator<\/div><\/div><\/div><\/div><\/div><\/div><\/div><\/div><div id=\"second-picture-about\" class=\"one ppb_image_fullwidth\" style=\"padding:0px 0 0px 0;\" ><div class=\"one withbg\" style=\"background-image:url(https:\/\/terraxplora.eu\/wp-content\/uploads\/2024\/12\/AboutUs_01-scaled.jpg);background-size:cover;background-position:center center;height:600px;position:relative;\"><\/div><\/div><div  class=\"one withsmallpadding ppb_header \" style=\"text-align:center;padding:50px 0 50px 0;\" ><div class=\"standard_wrapper\"><div class=\"page_content_wrapper\"><div class=\"inner\"><div style=\"margin:auto;width:100%\"><div class=\"ppb_header_content\"><div class=\"aboutuspluses\">\n<div class=\"plus\">\n<h4>V\u00e4ikesed grupid<\/h4>\n<p>Saabute v\u00f5\u00f5rastena, kuid lahkute s\u00f5pradena! Reisime v\u00e4ikestes gruppides maksimaalselt 10 reisijaga, tuues kokku reisijaid 20ndates, 30ndates ja 40ndates eluaastates. Meie reisid sobivad ideaalselt ka \u00fcksikreisijatele! <\/p>\n<\/div>\n\n<div class=\"plus\">\n<h4>Ehedad reisikogemused<\/h4>\n<p>Meie hoolikalt ettevalmistatud programmid sisaldavad kauneid majutuskohti, kohalikku transporti ja p\u00f5nevaid elamusi, et saada tugevam side oma sihtkohaga.<\/p>\n<\/div>\n\n<div class=\"plus\">\n<h4>Personaalne l\u00e4henemine<\/h4>\n<p>Meie programmid on koostatud kirglike seiklejate poolt, kellel on suur kogemus seljakotiga r\u00e4ndamisel. Korraldame reise ainult meie lemmikpaikadesse, kus oleme isiklikult seigelnud. Oleme meie reisijate jaoks alati olemas ja jagame soovitusi ka enne reisi.<\/p>\n<\/div>\n\n<div class=\"plus\">\n<h4>Elumuutvad seiklused<\/h4>\n<p>Pakume sulle unustamatuid kogemusi, mida oleks \u00fcksi raske ette v\u00f5tta. Meie reisid pakuvad v\u00f5imalusi eneseavastamiseks, uute s\u00f5prussuhete loomiseks ja elumuutvateks teekondadeks, mida sa ei kogeks tavaturistina reisides. <\/p>\n<\/div>\n\n<div class=\"plus\">\n<h4>Paindlik broneerimine ja maksmine<\/h4>\n<p>Saad tagada omale koha reisil k\u00f5igest 200-eurose ettemaksuga otse meie veebilehel. V\u00f5id reisi edasi l\u00fckata ilma lisatasudeta kuni 60 p\u00e4eva enne reisi. Soovi korral saad reisi eest tasuda j\u00e4relmaksuga.<\/p>\n<\/div>\n\n<div class=\"plus\">\n<h4>Turvaline ja muretu reisimine<\/h4>\n<p>Meiega reisides ei pea sa millegi eest muretsema \u2013 k\u00f5ik on meie asjatundjate poolt ette planeeritud. Meie 30 aasta pikkune kogemus v\u00f5imaldab meil hakkama saada igasuguste ootamatute olukordadega.<\/p>\n<\/div>\n\n<div class=\"plus\">\n<h4>Finantsiline kindlustatus<\/h4>\n<p>K\u00f5ik sinu ostetud reisid on finantsiliselt kaitstud Vector Nordicu tagatisega (4M\u20ac) vastavalt EL-i reisipaketi direktiivile.<\/p>\n<\/div>\n\n<div class=\"plus\">\n<h4>Reisijate kogukond<\/h4>\n<p>Suhtle oma kaasreisijatega reisieelselt Facebooki grupi kaudu. Tutvu oma reisikaaslastega erinevatel \u00fcritustel ja loo s\u00f5prussuhteid sinuga sarnaste seiklejatega!<\/p>\n<\/div>\n<\/div>\n\n<style>\n.plus {\ndisplay:grid;\nborder:1px solid #bbb;\nborder-radius:10px;\npadding:30px 15px 10px 15px;\n}\n@media only screen and (max-width:749px) {\n.aboutuspluses {\ndisplay: grid;\ngrid-template-columns: repeat(1, 1fr);\ngrid-template-rows: repeat(4, minmax(min-content, max-content));\ngap:2%;\nmargin-bottom: 250px;\npadding-bottom: 30px;\n}\n.plus {\ndisplay: grid;\nborder:1px solid #bbb;\nborder-radius:10px;\npadding:30px 15px 50px 15px;}\n}\n@media only screen and (min-width:750px) and (max-width:1199px) {\n.aboutuspluses {\ndisplay: grid;\ngrid-template-columns: repeat(3, 1fr);\ngrid-template-rows: repeat(2, minmax(min-content, max-content));\ngap:2%;\njustify-content: center;\njustify-items: center;\npadding-bottom: 30px;\n}\n.plus {\ndisplay: grid;\nborder:1px solid #bbb;\nborder-radius:10px;\npadding:30px 15px 50px 15px;}\n}\n@media only screen and (min-width:1200px) {\n.aboutuspluses {\ndisplay: grid;\ngrid-template-columns: repeat(4, 1fr);\ngap:2%;\n}\n}\n.plus p{\ncolor: black !important;}\n\n<\/style><\/div><\/div><\/div><\/div><\/div><\/div>","protected":false},"excerpt":{"rendered":"<p>MEIE FILOSOOFIA Me pole lihtsalt reisikorraldajad; me oleme v\u00e4rav unikaalsetele ja kaasahaaravatele elamusreisidele, mis defineerivad \u00fcmber reisimistavad. Terraxploras usume, et reisimine on midagi enamat kui lihtsalt uute kohtade k\u00fclastamine; see on sukeldumine sihtkoha s\u00fcdamesse, et luua t\u00e4henduslikke suhtlussidemeid ja unustamatuid [&hellip;]<\/p>\n","protected":false},"author":1,"featured_media":0,"parent":0,"menu_order":0,"comment_status":"closed","ping_status":"closed","template":"","meta":{"_acf_changed":false,"inline_featured_image":false,"footnotes":""},"class_list":["post-6747","page","type-page","status-publish","hentry"],"acf":[],"yoast_head":"<!-- This site is optimized with the Yoast SEO plugin v27.2 - https:\/\/yoast.com\/product\/yoast-seo-wordpress\/ -->\n<title>Meist - Terraxplora<\/title>\n<meta name=\"robots\" content=\"index, follow, max-snippet:-1, max-image-preview:large, max-video-preview:-1\" \/>\n<link rel=\"canonical\" href=\"https:\/\/terraxplora.eu\/et\/meist\/\" \/>\n<meta property=\"og:locale\" content=\"et_EE\" \/>\n<meta property=\"og:type\" content=\"article\" \/>\n<meta property=\"og:title\" content=\"Meist - Terraxplora\" \/>\n<meta property=\"og:description\" content=\"MEIE FILOSOOFIA Me pole lihtsalt reisikorraldajad; me oleme v\u00e4rav unikaalsetele ja kaasahaaravatele elamusreisidele, mis defineerivad \u00fcmber reisimistavad. Terraxploras usume, et reisimine on midagi enamat kui lihtsalt uute kohtade k\u00fclastamine; see on sukeldumine sihtkoha s\u00fcdamesse, et luua t\u00e4henduslikke suhtlussidemeid ja unustamatuid [&hellip;]\" \/>\n<meta property=\"og:url\" content=\"https:\/\/terraxplora.eu\/et\/meist\/\" \/>\n<meta property=\"og:site_name\" content=\"Terraxplora\" \/>\n<meta property=\"article:modified_time\" content=\"2025-04-22T19:52:52+00:00\" \/>\n<meta property=\"og:image\" content=\"https:\/\/terraxplora.eu\/wp-content\/uploads\/2024\/12\/9AK19APR24b-2-scaled.jpg\" \/>\n<meta name=\"twitter:card\" content=\"summary_large_image\" \/>\n<meta name=\"twitter:label1\" content=\"Est. reading time\" \/>\n\t<meta name=\"twitter:data1\" content=\"6 minutit\" \/>\n<script type=\"application\/ld+json\" class=\"yoast-schema-graph\">{\"@context\":\"https:\/\/schema.org\",\"@graph\":[{\"@type\":\"WebPage\",\"@id\":\"https:\/\/terraxplora.eu\/et\/meist\/\",\"url\":\"https:\/\/terraxplora.eu\/et\/meist\/\",\"name\":\"Meist - Terraxplora\",\"isPartOf\":{\"@id\":\"https:\/\/terraxplora.eu\/#website\"},\"primaryImageOfPage\":{\"@id\":\"https:\/\/terraxplora.eu\/et\/meist\/#primaryimage\"},\"image\":{\"@id\":\"https:\/\/terraxplora.eu\/et\/meist\/#primaryimage\"},\"thumbnailUrl\":\"https:\/\/terraxplora.eu\/wp-content\/uploads\/2024\/12\/9AK19APR24b-2-scaled.jpg\",\"datePublished\":\"2016-12-24T01:38:09+00:00\",\"dateModified\":\"2025-04-22T19:52:52+00:00\",\"breadcrumb\":{\"@id\":\"https:\/\/terraxplora.eu\/et\/meist\/#breadcrumb\"},\"inLanguage\":\"et\",\"potentialAction\":[{\"@type\":\"ReadAction\",\"target\":[\"https:\/\/terraxplora.eu\/et\/meist\/\"]}]},{\"@type\":\"ImageObject\",\"inLanguage\":\"et\",\"@id\":\"https:\/\/terraxplora.eu\/et\/meist\/#primaryimage\",\"url\":\"https:\/\/terraxplora.eu\/wp-content\/uploads\/2024\/12\/9AK19APR24b-2-scaled.jpg\",\"contentUrl\":\"https:\/\/terraxplora.eu\/wp-content\/uploads\/2024\/12\/9AK19APR24b-2-scaled.jpg\"},{\"@type\":\"BreadcrumbList\",\"@id\":\"https:\/\/terraxplora.eu\/et\/meist\/#breadcrumb\",\"itemListElement\":[{\"@type\":\"ListItem\",\"position\":1,\"name\":\"Home\",\"item\":\"https:\/\/terraxplora.eu\/et\/\"},{\"@type\":\"ListItem\",\"position\":2,\"name\":\"Meist\"}]},{\"@type\":\"WebSite\",\"@id\":\"https:\/\/terraxplora.eu\/#website\",\"url\":\"https:\/\/terraxplora.eu\/\",\"name\":\"Terraxplora\",\"description\":\"\",\"publisher\":{\"@id\":\"https:\/\/terraxplora.eu\/#organization\"},\"potentialAction\":[{\"@type\":\"SearchAction\",\"target\":{\"@type\":\"EntryPoint\",\"urlTemplate\":\"https:\/\/terraxplora.eu\/?s={search_term_string}\"},\"query-input\":{\"@type\":\"PropertyValueSpecification\",\"valueRequired\":true,\"valueName\":\"search_term_string\"}}],\"inLanguage\":\"et\"},{\"@type\":\"Organization\",\"@id\":\"https:\/\/terraxplora.eu\/#organization\",\"name\":\"Germalo Reisid O\u00dc\",\"url\":\"https:\/\/terraxplora.eu\/\",\"logo\":{\"@type\":\"ImageObject\",\"inLanguage\":\"et\",\"@id\":\"https:\/\/terraxplora.eu\/#\/schema\/logo\/image\/\",\"url\":\"https:\/\/terraxplora.eu\/wp-content\/uploads\/2023\/07\/terraxplora-logo-must.png\",\"contentUrl\":\"https:\/\/terraxplora.eu\/wp-content\/uploads\/2023\/07\/terraxplora-logo-must.png\",\"width\":4998,\"height\":2178,\"caption\":\"Germalo Reisid O\u00dc\"},\"image\":{\"@id\":\"https:\/\/terraxplora.eu\/#\/schema\/logo\/image\/\"}}]}<\/script>\n<!-- \/ Yoast SEO plugin. -->","yoast_head_json":{"title":"Meist - Terraxplora","robots":{"index":"index","follow":"follow","max-snippet":"max-snippet:-1","max-image-preview":"max-image-preview:large","max-video-preview":"max-video-preview:-1"},"canonical":"https:\/\/terraxplora.eu\/et\/meist\/","og_locale":"et_EE","og_type":"article","og_title":"Meist - Terraxplora","og_description":"MEIE FILOSOOFIA Me pole lihtsalt reisikorraldajad; me oleme v\u00e4rav unikaalsetele ja kaasahaaravatele elamusreisidele, mis defineerivad \u00fcmber reisimistavad. Terraxploras usume, et reisimine on midagi enamat kui lihtsalt uute kohtade k\u00fclastamine; see on sukeldumine sihtkoha s\u00fcdamesse, et luua t\u00e4henduslikke suhtlussidemeid ja unustamatuid [&hellip;]","og_url":"https:\/\/terraxplora.eu\/et\/meist\/","og_site_name":"Terraxplora","article_modified_time":"2025-04-22T19:52:52+00:00","og_image":[{"url":"https:\/\/terraxplora.eu\/wp-content\/uploads\/2024\/12\/9AK19APR24b-2-scaled.jpg","type":"","width":"","height":""}],"twitter_card":"summary_large_image","twitter_misc":{"Est. reading time":"6 minutit"},"schema":{"@context":"https:\/\/schema.org","@graph":[{"@type":"WebPage","@id":"https:\/\/terraxplora.eu\/et\/meist\/","url":"https:\/\/terraxplora.eu\/et\/meist\/","name":"Meist - Terraxplora","isPartOf":{"@id":"https:\/\/terraxplora.eu\/#website"},"primaryImageOfPage":{"@id":"https:\/\/terraxplora.eu\/et\/meist\/#primaryimage"},"image":{"@id":"https:\/\/terraxplora.eu\/et\/meist\/#primaryimage"},"thumbnailUrl":"https:\/\/terraxplora.eu\/wp-content\/uploads\/2024\/12\/9AK19APR24b-2-scaled.jpg","datePublished":"2016-12-24T01:38:09+00:00","dateModified":"2025-04-22T19:52:52+00:00","breadcrumb":{"@id":"https:\/\/terraxplora.eu\/et\/meist\/#breadcrumb"},"inLanguage":"et","potentialAction":[{"@type":"ReadAction","target":["https:\/\/terraxplora.eu\/et\/meist\/"]}]},{"@type":"ImageObject","inLanguage":"et","@id":"https:\/\/terraxplora.eu\/et\/meist\/#primaryimage","url":"https:\/\/terraxplora.eu\/wp-content\/uploads\/2024\/12\/9AK19APR24b-2-scaled.jpg","contentUrl":"https:\/\/terraxplora.eu\/wp-content\/uploads\/2024\/12\/9AK19APR24b-2-scaled.jpg"},{"@type":"BreadcrumbList","@id":"https:\/\/terraxplora.eu\/et\/meist\/#breadcrumb","itemListElement":[{"@type":"ListItem","position":1,"name":"Home","item":"https:\/\/terraxplora.eu\/et\/"},{"@type":"ListItem","position":2,"name":"Meist"}]},{"@type":"WebSite","@id":"https:\/\/terraxplora.eu\/#website","url":"https:\/\/terraxplora.eu\/","name":"Terraxplora","description":"","publisher":{"@id":"https:\/\/terraxplora.eu\/#organization"},"potentialAction":[{"@type":"SearchAction","target":{"@type":"EntryPoint","urlTemplate":"https:\/\/terraxplora.eu\/?s={search_term_string}"},"query-input":{"@type":"PropertyValueSpecification","valueRequired":true,"valueName":"search_term_string"}}],"inLanguage":"et"},{"@type":"Organization","@id":"https:\/\/terraxplora.eu\/#organization","name":"Germalo Reisid O\u00dc","url":"https:\/\/terraxplora.eu\/","logo":{"@type":"ImageObject","inLanguage":"et","@id":"https:\/\/terraxplora.eu\/#\/schema\/logo\/image\/","url":"https:\/\/terraxplora.eu\/wp-content\/uploads\/2023\/07\/terraxplora-logo-must.png","contentUrl":"https:\/\/terraxplora.eu\/wp-content\/uploads\/2023\/07\/terraxplora-logo-must.png","width":4998,"height":2178,"caption":"Germalo Reisid O\u00dc"},"image":{"@id":"https:\/\/terraxplora.eu\/#\/schema\/logo\/image\/"}}]}},"_links":{"self":[{"href":"https:\/\/terraxplora.eu\/et\/wp-json\/wp\/v2\/pages\/6747","targetHints":{"allow":["GET"]}}],"collection":[{"href":"https:\/\/terraxplora.eu\/et\/wp-json\/wp\/v2\/pages"}],"about":[{"href":"https:\/\/terraxplora.eu\/et\/wp-json\/wp\/v2\/types\/page"}],"author":[{"embeddable":true,"href":"https:\/\/terraxplora.eu\/et\/wp-json\/wp\/v2\/users\/1"}],"replies":[{"embeddable":true,"href":"https:\/\/terraxplora.eu\/et\/wp-json\/wp\/v2\/comments?post=6747"}],"version-history":[{"count":0,"href":"https:\/\/terraxplora.eu\/et\/wp-json\/wp\/v2\/pages\/6747\/revisions"}],"wp:attachment":[{"href":"https:\/\/terraxplora.eu\/et\/wp-json\/wp\/v2\/media?parent=6747"}],"curies":[{"name":"wp","href":"https:\/\/api.w.org\/{rel}","templated":true}]}}