{"id":18380,"date":"2026-01-02T17:34:45","date_gmt":"2026-01-02T14:34:45","guid":{"rendered":"https:\/\/terraxplora.eu\/?page_id=18380"},"modified":"2026-02-18T16:27:32","modified_gmt":"2026-02-18T13:27:32","slug":"erareisid","status":"publish","type":"page","link":"https:\/\/terraxplora.eu\/et\/erareisid\/","title":{"rendered":"Erareisid"},"content":{"rendered":"<div  class=\"one ppb_image_fullwidth\" style=\"padding:0px 0 0px 0;\" ><div class=\"one withbg\" style=\"background-image:url(https:\/\/terraxplora.eu\/wp-content\/uploads\/2026\/01\/PrivateTrip-3.jpg);background-size:cover;background-position:center bottom;height:600px;position:relative;\"><\/div><\/div><div  class=\"one withsmallpadding ppb_text\" style=\"text-align:left;padding:0px 0 0px 0;margin-top:20px;\" ><div class=\"standard_wrapper\"><div class=\"page_content_wrapper\"><div class=\"inner\"><div style=\"margin:auto;width:100%\"><h2 class=\"p1\" style=\"font-weight: 500; margin-bottom: 10px; text-align: center;\"><span class=\"s1\">TERRAXPLORA ERAREISID<\/span><\/h2>\n<p style=\"border-top: 1px solid #bbbbbb; border-bottom: 1px solid #bbbbbb; padding: 20px 10%; text-align: center;\"><strong>Sinu seiklus. Sinu kuup\u00e4evad. Sinu inimesed.<\/strong>\n<br>\nK\u00f5iki Terraxplora reise on v\u00f5imalik privatiseerida. Muuda Terraxplora reis ainulaadseks elamuseks, mis on t\u00e4ielikult korraldatud, stressivaba ja kohandatud t\u00e4pselt Sinu grupi, pere v\u00f5i s\u00f5prade jaoks. Sama Terraxplora seiklus, samad sihtkohad, ainult omad inimesed.\n\n<\/p>\n<\/div><\/div><\/div><\/div><\/div><div  class=\"one withsmallpadding ppb_text\" style=\"text-align:left;padding:0px 0 0px 0;\" ><div class=\"standard_wrapper\"><div class=\"page_content_wrapper\"><div class=\"inner\"><div style=\"margin:auto;width:100%\"><div class=\"pp_accordion_close has_icon\"><h3><a href=\"#\">Mis on erareis?<\/a><\/h3><div><p>\n\nVali \u00fcks meie p\u00f5nevatest seiklusreisidest ja naudi seda eksklusiivselt oma seltskonnaga.\n<br>\nSamad sihtkohad, samad haaravad elamused: kohandatud sinu vajadustele, sinu tempole ja kuup\u00e4evadele.\n\n\n<\/p><\/div><\/div>\n\n\n<div class=\"pp_accordion_close has_icon\"><h3><a href=\"#\">Mida oodata<\/a><\/h3><div><p>\n\n\u2022 Sama hoolikalt valitud marsruut, tegevused ja majutused (v\u00f5i kohandatud vastavalt teie seltskonna soovidele)\n<br>\n\u2022 Pole v\u00f5\u00f5raid, ainult sinu valitud inimesed\n<br>\n\u2022 Paindlikud kuup\u00e4evad\n<br>\n\u2022 Paindlik tempo\n<br>\n\u2022 Sinule p\u00fchendunud reisikonsultant algusest l\u00f5puni\n\n<\/p><\/div><\/div>\n\n<div class=\"pp_accordion_close has_icon\"><h3><a href=\"#\">Kellele on m\u00f5eldud erareisid?<\/a><\/h3><div><p>\n\n\u2022 \ud83d\udc6f S\u00f5brad ja seltskonnad\n<br>\n\u2022 \u2764\ufe0f Paarid, kes eelistavad privaatsemat reisikogemust\n<br>\n\u2022 \ud83d\udc68\u200d\ud83d\udc69\u200d\ud83d\udc67 Perekonnad ja lastega reisijad\n<br>\n\u2022 \ud83e\uddd1\u200d\ud83d\udcbc Firmad ja meeskonnad\n<br>\n\u2022 \ud83d\ude42 Eestvedajad, kes soovivad oma kogukonna kokku tuua\n<br>\n\u2022 \u2728 Reisijad, kes hindavad privaatsust ega otsi tingimata uusi tutvusi\n\n<\/p><\/div><\/div>\n\n\n<div class=\"pp_accordion_close has_icon\"><h3><a href=\"#\">Mis on hinna sees (ja mida saab kohandada)<\/a><\/h3><div><p>\n\n<strong>Hinna sees<\/strong>\n<br>\n\u2022 Hoolikalt valitud hotellid\n<br>\n\u2022 Kogu logistika ja transport\n<br>\n\u2022 K\u00f5ik tegevused\n<br>\n\u2022 Kohalikud giidid\n<br>\n\u2022 Terraxplora reisijuht (soovi korral)\n<br>\n\u2022 Reisieelne tugi ja planeerimine\n<br>\n\u2022 Reisiaegne abi\n<br>\n<br>\n<strong>Mida saab kohandada<\/strong>\n<br>\n\u2022 Kuup\u00e4evad\n<br>\n\u2022 Reisi kestus\n<br>\n\u2022 Tegevuste raskustase\n<br>\n\u2022 Hotellistandardid\n<br>\n\u2022 Tubade jaotus\n<br>\n\u2022 Vaba aeg vs planeeritud tegevused\n<br>\n\u2022 Erisoovid\n\n<\/p><\/div><\/div>\n<\/div><\/div><\/div><\/div><\/div><div  class=\"one withsmallpadding ppb_text\" style=\"text-align:left;padding:0px 0 0px 0;\" ><div class=\"standard_wrapper\"><div class=\"page_content_wrapper\"><div class=\"inner\"><div style=\"margin:auto;width:100%\"><section class=\"terraxplora-compare\">\n\n\n<blockquote>V\u00d5RDLE MEIE REISISTIILE<\/blockquote>\n\n<table>\n  <thead>\n    <tr>\n      <th> <\/th>\n      <th>Eksklusiivne v\u00e4ikegrupireis<\/th>\n      <th>Privaatreis<\/th>\n    <\/tr>\n  <\/thead>\n  <tbody>\n    <tr>\n      <td><strong>Grupi suurus<\/strong><\/td>\n      <td>V\u00e4ikesed grupid (tavaliselt 8\u201314 reisijat)<\/td>\n      <td>Sinu enda privaatne grupp<\/td>\n    <\/tr>\n    <tr>\n      <td><strong>Kellega sa reisid<\/strong><\/td>\n      <td>Eesti v\u00f5i rahvusvahelised, sarnaste huvidega reisijad<\/td>\n      <td>S\u00f5brad, kaaslane, pere, meeskond v\u00f5i kogukond<\/td>\n    <\/tr>\n    <tr>\n      <td><strong>Kuup\u00e4evad<\/strong><\/td>\n      <td>Kindlad reisikuup\u00e4evad<\/td>\n      <td>V\u00e4ga paindlikud kuup\u00e4evad<\/td>\n    <\/tr>\n    <tr>\n      <td><strong>Reisiprogramm<\/strong><\/td>\n      <td>Hoolikalt koostatud Terraxplora reisiprogramm<\/td>\n      <td>Sama programm v\u00f5i soovi korral natuke kohandatud<\/td>\n    <\/tr>\n    <tr>\n      <td><strong>Reisi vibe<\/strong><\/td>\n      <td>Suur r\u00f5hk grupid\u00fcnaamikal ja hea \u00f5hkkonna tekitamisel<\/td>\n      <td>Intiimne ja privaatne elamus ainult oma inimestega<\/td>\n    <\/tr>\n    <tr>\n      <td><strong>Juhendamine ja tugi<\/strong><\/td>\n      <td>Terraxplora grupijuht + kohalikud giidid<\/td>\n      <td>Kohalikud giidid + Terraxplora grupijuht (soovi korral)<\/td>\n    <\/tr>\n    <tr>\n      <td><strong>Mugavustase<\/strong><\/td>\n      <td>Hea tasakaal seikluse ja mugavuse vahel<\/td>\n      <td>Sama mugavustase, rohkem paindlikkust<\/td>\n    <\/tr>\n    <tr>\n      <td><strong>Reisieelne planeerimine<\/strong><\/td>\n      <td>Planeerimine pole vajalik. K\u00f5ik on sinu eest korraldatud.<\/td>\n      <td>Uurime teie eelistusi, et reis nende j\u00e4rgi kohandada<\/td>\n    <\/tr>\n    <tr>\n      <td><strong>Kellele sobib<\/strong><\/td>\n      <td>\u00dcksikreisijad, paarid ja s\u00f5brad, kes tahavad kohtuda uute inimestega<\/td>\n      <td>Paarid, seltskonnad, pered, ettev\u00f5tted, sisuloojad<\/td>\n    <\/tr>\n    <tr>\n      <td><strong>Hind<\/strong><\/td>\n      <td>Individuaalne hind \u00fchele inimesele<\/td>\n      <td>Grupihind (s\u00f5ltub grupi suurusest ja erisoovidest)<\/td>\n    <\/tr>\n  <\/tbody>\n<\/table>\n<\/div><\/div><\/div><\/div><\/div><div  class=\"one withsmallpadding ppb_text\" style=\"text-align:left;padding:0px 0 0px 0;\" ><div class=\"standard_wrapper\"><div class=\"page_content_wrapper\"><div class=\"inner\"><div style=\"margin:auto;width:100%\"><div class=\"pp_accordion_close has_icon\"><h3><a href=\"#\">Pole kindel, mis t\u00fc\u00fcpi reis Sulle sobib?<\/a><\/h3><div><p>\n\n\u2022 <strong>Vali v\u00e4ikegrupireis<\/strong> kui soovid kohtuda uute inimestega ja jagada oma seiklust teistega.\n<br>\n\u2022 <strong>Vali erareis<\/strong>  kui ihkad t\u00e4ielikku paindlikkust, privaatsust ja t\u00e4pselt sinu grupile loodud reisi.\n<br>\n<br>\nM\u00f5lemad variandid pakuvad sama k\u00f5rget Terraxplora kvaliteeti ja elamusi.\n\n\n<\/p><\/div><\/div>\n\n<div class=\"pp_accordion_close has_icon\"><h3><a href=\"#\">Kuidas korraldada erareis (3 edasist sammu)<\/a><\/h3><div><p>\n\n<strong>1. Saada meile p\u00e4ring<\/strong>\n<br>\n Kuhu sooviksid reisida, kuup\u00e4evad, grupi suurus, erisoovid. Lepime kokku k\u00f5ne, et detailid \u00fcle r\u00e4\u00e4kida.\n<br>\n<strong>2. Me loome sinu privaatse reisi<\/strong>\n<br>\n Saadame sinu grupile kohandatud pakkumise ja hinna.\n<br>\n<strong>3. Kinnita tellimus &#038; paki kott!<\/strong>\n<br>\n Me hoolitseme kogu korralduse eest. Astu lihtsalt lennukile ja naudi seiklust.\n\n<\/p><\/div><\/div>\n\n\n<blockquote>REISIJATE TAGASISIDE<\/blockquote>\n<\/div><\/div><\/div><\/div><\/div><div  class=\"one withsmallpadding ppb_testimonial_column\"><div class=\"standard_wrapper\"><div class=\"page_content_wrapper\"><div class=\"inner\"><div class=\"testimonial_wrapper\"><div class=\"one_half testimonial_column_element animated1 \"><div class=\"testimonial_image animated\" data-animation=\"bigEntrance\"><img decoding=\"async\" class=\"team_pic\" src=\"https:\/\/terraxplora.eu\/wp-content\/uploads\/2026\/01\/Kardi-150x150.jpg\" alt=\"\"\/><\/div><div class=\"testimonial_content\"><strong>Private Family Trip &#8211; Vietnam<\/strong>\n<br>Terraxplora created a completely custom family trip to Vietnam for us, adding extra time in cities and on islands so we could travel at our own pace. They were flexible, attentive, and made the whole experience effortless. A truly special family adventure  \n<br>\u2b50\u2b50\u2b50\u2b50\u2b50<\/div><\/div><div class=\"one_half testimonial_column_element animated2 last\"><div class=\"testimonial_image animated\" data-animation=\"bigEntrance\"><img decoding=\"async\" class=\"team_pic\" src=\"https:\/\/terraxplora.eu\/wp-content\/uploads\/2026\/01\/Alo-150x150.jpg\" alt=\"\"\/><\/div><div class=\"testimonial_content\"><strong>Private Honeymoon Trip &#8211; Bali<\/strong>\n<br>We booked a private trip to Bali for our honeymoon, and it was absolutely perfect. Every detail was thoughtfully planned, from the activities to the upgraded hotels and amazing local guides. It felt personal, seamless, and truly special. We couldn\u2019t have asked for a better way to celebrate our honeymoon.   \n<br>\u2b50\u2b50\u2b50\u2b50\u2b50<\/div><\/div><div class=\"one_half testimonial_column_element animated3 \"><div class=\"testimonial_image animated\" data-animation=\"bigEntrance\"><img decoding=\"async\" class=\"team_pic\" src=\"https:\/\/terraxplora.eu\/wp-content\/uploads\/2026\/01\/Joonas-150x150.jpg\" alt=\"\"\/><\/div><div class=\"testimonial_content\"><strong>Private Community Trip &#8211; Thailand<\/strong>\n<br>Usually I like to do things my way and control everything&#8230;so the fact that I could relax, turn my brain off and just enjoy is the biggest compliment to Terraxplora.\nWhat you pay for is peace of mind cause it&#8217;s expensive to spend your time worrying and planning your vacation. that&#8217;s what Terraxplora is here for.\nOh..It was amazing \n<br>\u2b50\u2b50\u2b50\u2b50\u2b50<\/div><\/div><div class=\"one_half testimonial_column_element animated4 last\"><div class=\"testimonial_image animated\" data-animation=\"bigEntrance\"><img decoding=\"async\" class=\"team_pic\" src=\"https:\/\/terraxplora.eu\/wp-content\/uploads\/2026\/01\/Cassia-150x150.jpg\" alt=\"\"\/><\/div><div class=\"testimonial_content\"><strong>Private Yoga Retreat &#8211; Bali<\/strong>\n\nI still can&#8217;t believe that my own yoga retreat in Bali came true! I am grateful from the bottom of my soul to Terraxplora team for organizing the whole trip so smoothly!&#8230; their trips are full of experiences and adventures<br><br>\u2b50\u2b50\u2b50\u2b50\u2b50<\/div><\/div><\/div><\/div><\/div><\/div><\/div><div  class=\"one withsmallpadding ppb_text\" style=\"text-align:center;padding:0px 0 0px 0;\" ><div class=\"standard_wrapper\"><div class=\"page_content_wrapper\"><div class=\"inner\"><div style=\"margin:auto;width:60%\">\n<blockquote>Oled valmis reisima enda moodi?<\/blockquote>\nSama Terraxplora reis. Spetsiaalselt Sinu jaoks loodud.\n<br>\nIlma kohustuseta \u2022 Tasuta pakkumine \u2022 Vastame 48 tunni jooksul\n<br>\n<br>\n\n\n<div class=\"wpcf7 no-js\" id=\"wpcf7-f7338-o1\" lang=\"en-US\" dir=\"ltr\" data-wpcf7-id=\"7338\">\n<div class=\"screen-reader-response\"><p role=\"status\" aria-live=\"polite\" aria-atomic=\"true\"><\/p> <ul><\/ul><\/div>\n<form action=\"\/wp-admin\/post.php#wpcf7-f7338-o1\" method=\"post\" class=\"wpcf7-form init\" aria-label=\"Contact form\" novalidate=\"novalidate\" data-status=\"init\">\n<fieldset class=\"hidden-fields-container\"><input type=\"hidden\" name=\"_wpcf7\" value=\"7338\" \/><input type=\"hidden\" name=\"_wpcf7_version\" value=\"6.1.5\" \/><input type=\"hidden\" name=\"_wpcf7_locale\" value=\"en_US\" \/><input type=\"hidden\" name=\"_wpcf7_unit_tag\" value=\"wpcf7-f7338-o1\" \/><input type=\"hidden\" name=\"_wpcf7_container_post\" value=\"0\" \/><input type=\"hidden\" name=\"_wpcf7_posted_data_hash\" value=\"\" \/><input type=\"hidden\" name=\"_wpcf7dtx_version\" value=\"5.0.5\" \/><input type=\"hidden\" name=\"_wpcf7_recaptcha_response\" value=\"\" \/>\n<\/fieldset>\n<h5><b>Sinu andmed:<\/b>\n<\/h5>\n<p><label><br \/>\n<span class=\"wpcf7-form-control-wrap\" data-name=\"text-500\"><input size=\"40\" maxlength=\"400\" class=\"wpcf7-form-control wpcf7-text\" aria-invalid=\"false\" placeholder=\"Teema\" value=\"\" type=\"text\" name=\"text-500\" \/><\/span> <\/label>\n<\/p>\n<p><label><br \/>\n<span class=\"wpcf7-form-control-wrap\" data-name=\"your-firstname\"><input size=\"40\" maxlength=\"400\" class=\"wpcf7-form-control wpcf7-text wpcf7-validates-as-required\" autocomplete=\"firstname\" aria-required=\"true\" aria-invalid=\"false\" placeholder=\"Eesnimi *\" value=\"\" type=\"text\" name=\"your-firstname\" \/><\/span> <\/label>\n<\/p>\n<p><label><br \/>\n<span class=\"wpcf7-form-control-wrap\" data-name=\"your-lastname\"><input size=\"40\" maxlength=\"400\" class=\"wpcf7-form-control wpcf7-text wpcf7-validates-as-required\" aria-required=\"true\" aria-invalid=\"false\" placeholder=\"Perekonnanimi *\" value=\"\" type=\"text\" name=\"your-lastname\" \/><\/span> <\/label>\n<\/p>\n<p><label><br \/>\n<span class=\"wpcf7-form-control-wrap\" data-name=\"your-email\"><input size=\"40\" maxlength=\"400\" class=\"wpcf7-form-control wpcf7-email wpcf7-validates-as-required wpcf7-text wpcf7-validates-as-email\" autocomplete=\"email\" aria-required=\"true\" aria-invalid=\"false\" placeholder=\"E-mail *\" value=\"\" type=\"email\" name=\"your-email\" \/><\/span> <\/label>\n<\/p>\n<p><label><br \/>\n<span class=\"wpcf7-form-control-wrap\" data-name=\"tel-889\"><input size=\"40\" maxlength=\"400\" class=\"wpcf7-form-control wpcf7-tel wpcf7-validates-as-required wpcf7-text wpcf7-validates-as-tel\" aria-required=\"true\" aria-invalid=\"false\" placeholder=\"Telefoninumber *\" value=\"\" type=\"tel\" name=\"tel-889\" \/><\/span> <\/label>\n<\/p>\n<p><label><br \/>\n<span class=\"wpcf7-form-control-wrap\" data-name=\"textarea-10\"><textarea cols=\"40\" rows=\"3\" maxlength=\"2000\" class=\"wpcf7-form-control wpcf7-textarea wpcf7-validates-as-required\" aria-required=\"true\" aria-invalid=\"false\" placeholder=\"Teade *\" name=\"textarea-10\"><\/textarea><\/span> <\/label>\n<\/p>\n<p><input class=\"wpcf7-form-control wpcf7-submit has-spinner\" type=\"submit\" value=\"Saada\" \/>\n<\/p>\n<p style=\"text-align:center;\">V\u00f5i kirjuta meile aadressil <a style=\"color:black;\" href=\"mailto:contact@terraxplora.eu\">contact@terraxplora.eu<\/a>\n<\/p><div class=\"wpcf7-response-output\" aria-hidden=\"true\"><\/div>\n<\/form>\n<\/div>\n\n\n<br>\n<br><\/div><\/div><\/div><\/div><\/div>","protected":false},"excerpt":{"rendered":"<p>TERRAXPLORA ERAREISID Sinu seiklus. Sinu kuup\u00e4evad. Sinu inimesed. K\u00f5iki Terraxplora reise on v\u00f5imalik privatiseerida. Muuda Terraxplora reis ainulaadseks elamuseks, mis on t\u00e4ielikult korraldatud, stressivaba ja kohandatud t\u00e4pselt Sinu grupi, pere v\u00f5i s\u00f5prade jaoks. Sama Terraxplora seiklus, samad sihtkohad, ainult omad [&hellip;]<\/p>\n","protected":false},"author":1,"featured_media":0,"parent":0,"menu_order":0,"comment_status":"closed","ping_status":"closed","template":"","meta":{"_acf_changed":false,"inline_featured_image":false,"footnotes":""},"class_list":["post-18380","page","type-page","status-publish","hentry"],"acf":[],"yoast_head":"<!-- This site is optimized with the Yoast SEO plugin v27.2 - https:\/\/yoast.com\/product\/yoast-seo-wordpress\/ -->\n<title>Erareisid - Terraxplora<\/title>\n<meta name=\"robots\" content=\"index, follow, max-snippet:-1, max-image-preview:large, max-video-preview:-1\" \/>\n<link rel=\"canonical\" href=\"https:\/\/terraxplora.eu\/et\/erareisid\/\" \/>\n<meta property=\"og:locale\" content=\"et_EE\" \/>\n<meta property=\"og:type\" content=\"article\" \/>\n<meta property=\"og:title\" content=\"Erareisid - Terraxplora\" \/>\n<meta property=\"og:description\" content=\"TERRAXPLORA ERAREISID Sinu seiklus. Sinu kuup\u00e4evad. Sinu inimesed. K\u00f5iki Terraxplora reise on v\u00f5imalik privatiseerida. Muuda Terraxplora reis ainulaadseks elamuseks, mis on t\u00e4ielikult korraldatud, stressivaba ja kohandatud t\u00e4pselt Sinu grupi, pere v\u00f5i s\u00f5prade jaoks. Sama Terraxplora seiklus, samad sihtkohad, ainult omad [&hellip;]\" \/>\n<meta property=\"og:url\" content=\"https:\/\/terraxplora.eu\/et\/erareisid\/\" \/>\n<meta property=\"og:site_name\" content=\"Terraxplora\" \/>\n<meta property=\"article:modified_time\" content=\"2026-02-18T13:27:32+00:00\" \/>\n<meta property=\"og:image\" content=\"https:\/\/terraxplora.eu\/wp-content\/uploads\/2026\/01\/Kardi-150x150.jpg\" \/>\n<meta name=\"twitter:card\" content=\"summary_large_image\" \/>\n<meta name=\"twitter:label1\" content=\"Est. reading time\" \/>\n\t<meta name=\"twitter:data1\" content=\"4 minutit\" \/>\n<script type=\"application\/ld+json\" class=\"yoast-schema-graph\">{\"@context\":\"https:\/\/schema.org\",\"@graph\":[{\"@type\":\"WebPage\",\"@id\":\"https:\/\/terraxplora.eu\/et\/erareisid\/\",\"url\":\"https:\/\/terraxplora.eu\/et\/erareisid\/\",\"name\":\"Erareisid - Terraxplora\",\"isPartOf\":{\"@id\":\"https:\/\/terraxplora.eu\/#website\"},\"primaryImageOfPage\":{\"@id\":\"https:\/\/terraxplora.eu\/et\/erareisid\/#primaryimage\"},\"image\":{\"@id\":\"https:\/\/terraxplora.eu\/et\/erareisid\/#primaryimage\"},\"thumbnailUrl\":\"https:\/\/terraxplora.eu\/wp-content\/uploads\/2026\/01\/Kardi-150x150.jpg\",\"datePublished\":\"2026-01-02T14:34:45+00:00\",\"dateModified\":\"2026-02-18T13:27:32+00:00\",\"breadcrumb\":{\"@id\":\"https:\/\/terraxplora.eu\/et\/erareisid\/#breadcrumb\"},\"inLanguage\":\"et\",\"potentialAction\":[{\"@type\":\"ReadAction\",\"target\":[\"https:\/\/terraxplora.eu\/et\/erareisid\/\"]}]},{\"@type\":\"ImageObject\",\"inLanguage\":\"et\",\"@id\":\"https:\/\/terraxplora.eu\/et\/erareisid\/#primaryimage\",\"url\":\"https:\/\/terraxplora.eu\/wp-content\/uploads\/2026\/01\/Kardi-150x150.jpg\",\"contentUrl\":\"https:\/\/terraxplora.eu\/wp-content\/uploads\/2026\/01\/Kardi-150x150.jpg\"},{\"@type\":\"BreadcrumbList\",\"@id\":\"https:\/\/terraxplora.eu\/et\/erareisid\/#breadcrumb\",\"itemListElement\":[{\"@type\":\"ListItem\",\"position\":1,\"name\":\"Home\",\"item\":\"https:\/\/terraxplora.eu\/et\/\"},{\"@type\":\"ListItem\",\"position\":2,\"name\":\"Erareisid\"}]},{\"@type\":\"WebSite\",\"@id\":\"https:\/\/terraxplora.eu\/#website\",\"url\":\"https:\/\/terraxplora.eu\/\",\"name\":\"Terraxplora\",\"description\":\"\",\"publisher\":{\"@id\":\"https:\/\/terraxplora.eu\/#organization\"},\"potentialAction\":[{\"@type\":\"SearchAction\",\"target\":{\"@type\":\"EntryPoint\",\"urlTemplate\":\"https:\/\/terraxplora.eu\/?s={search_term_string}\"},\"query-input\":{\"@type\":\"PropertyValueSpecification\",\"valueRequired\":true,\"valueName\":\"search_term_string\"}}],\"inLanguage\":\"et\"},{\"@type\":\"Organization\",\"@id\":\"https:\/\/terraxplora.eu\/#organization\",\"name\":\"Germalo Reisid O\u00dc\",\"url\":\"https:\/\/terraxplora.eu\/\",\"logo\":{\"@type\":\"ImageObject\",\"inLanguage\":\"et\",\"@id\":\"https:\/\/terraxplora.eu\/#\/schema\/logo\/image\/\",\"url\":\"https:\/\/terraxplora.eu\/wp-content\/uploads\/2023\/07\/terraxplora-logo-must.png\",\"contentUrl\":\"https:\/\/terraxplora.eu\/wp-content\/uploads\/2023\/07\/terraxplora-logo-must.png\",\"width\":4998,\"height\":2178,\"caption\":\"Germalo Reisid O\u00dc\"},\"image\":{\"@id\":\"https:\/\/terraxplora.eu\/#\/schema\/logo\/image\/\"}}]}<\/script>\n<!-- \/ Yoast SEO plugin. -->","yoast_head_json":{"title":"Erareisid - Terraxplora","robots":{"index":"index","follow":"follow","max-snippet":"max-snippet:-1","max-image-preview":"max-image-preview:large","max-video-preview":"max-video-preview:-1"},"canonical":"https:\/\/terraxplora.eu\/et\/erareisid\/","og_locale":"et_EE","og_type":"article","og_title":"Erareisid - Terraxplora","og_description":"TERRAXPLORA ERAREISID Sinu seiklus. Sinu kuup\u00e4evad. Sinu inimesed. K\u00f5iki Terraxplora reise on v\u00f5imalik privatiseerida. Muuda Terraxplora reis ainulaadseks elamuseks, mis on t\u00e4ielikult korraldatud, stressivaba ja kohandatud t\u00e4pselt Sinu grupi, pere v\u00f5i s\u00f5prade jaoks. Sama Terraxplora seiklus, samad sihtkohad, ainult omad [&hellip;]","og_url":"https:\/\/terraxplora.eu\/et\/erareisid\/","og_site_name":"Terraxplora","article_modified_time":"2026-02-18T13:27:32+00:00","og_image":[{"url":"https:\/\/terraxplora.eu\/wp-content\/uploads\/2026\/01\/Kardi-150x150.jpg","type":"","width":"","height":""}],"twitter_card":"summary_large_image","twitter_misc":{"Est. reading time":"4 minutit"},"schema":{"@context":"https:\/\/schema.org","@graph":[{"@type":"WebPage","@id":"https:\/\/terraxplora.eu\/et\/erareisid\/","url":"https:\/\/terraxplora.eu\/et\/erareisid\/","name":"Erareisid - Terraxplora","isPartOf":{"@id":"https:\/\/terraxplora.eu\/#website"},"primaryImageOfPage":{"@id":"https:\/\/terraxplora.eu\/et\/erareisid\/#primaryimage"},"image":{"@id":"https:\/\/terraxplora.eu\/et\/erareisid\/#primaryimage"},"thumbnailUrl":"https:\/\/terraxplora.eu\/wp-content\/uploads\/2026\/01\/Kardi-150x150.jpg","datePublished":"2026-01-02T14:34:45+00:00","dateModified":"2026-02-18T13:27:32+00:00","breadcrumb":{"@id":"https:\/\/terraxplora.eu\/et\/erareisid\/#breadcrumb"},"inLanguage":"et","potentialAction":[{"@type":"ReadAction","target":["https:\/\/terraxplora.eu\/et\/erareisid\/"]}]},{"@type":"ImageObject","inLanguage":"et","@id":"https:\/\/terraxplora.eu\/et\/erareisid\/#primaryimage","url":"https:\/\/terraxplora.eu\/wp-content\/uploads\/2026\/01\/Kardi-150x150.jpg","contentUrl":"https:\/\/terraxplora.eu\/wp-content\/uploads\/2026\/01\/Kardi-150x150.jpg"},{"@type":"BreadcrumbList","@id":"https:\/\/terraxplora.eu\/et\/erareisid\/#breadcrumb","itemListElement":[{"@type":"ListItem","position":1,"name":"Home","item":"https:\/\/terraxplora.eu\/et\/"},{"@type":"ListItem","position":2,"name":"Erareisid"}]},{"@type":"WebSite","@id":"https:\/\/terraxplora.eu\/#website","url":"https:\/\/terraxplora.eu\/","name":"Terraxplora","description":"","publisher":{"@id":"https:\/\/terraxplora.eu\/#organization"},"potentialAction":[{"@type":"SearchAction","target":{"@type":"EntryPoint","urlTemplate":"https:\/\/terraxplora.eu\/?s={search_term_string}"},"query-input":{"@type":"PropertyValueSpecification","valueRequired":true,"valueName":"search_term_string"}}],"inLanguage":"et"},{"@type":"Organization","@id":"https:\/\/terraxplora.eu\/#organization","name":"Germalo Reisid O\u00dc","url":"https:\/\/terraxplora.eu\/","logo":{"@type":"ImageObject","inLanguage":"et","@id":"https:\/\/terraxplora.eu\/#\/schema\/logo\/image\/","url":"https:\/\/terraxplora.eu\/wp-content\/uploads\/2023\/07\/terraxplora-logo-must.png","contentUrl":"https:\/\/terraxplora.eu\/wp-content\/uploads\/2023\/07\/terraxplora-logo-must.png","width":4998,"height":2178,"caption":"Germalo Reisid O\u00dc"},"image":{"@id":"https:\/\/terraxplora.eu\/#\/schema\/logo\/image\/"}}]}},"_links":{"self":[{"href":"https:\/\/terraxplora.eu\/et\/wp-json\/wp\/v2\/pages\/18380","targetHints":{"allow":["GET"]}}],"collection":[{"href":"https:\/\/terraxplora.eu\/et\/wp-json\/wp\/v2\/pages"}],"about":[{"href":"https:\/\/terraxplora.eu\/et\/wp-json\/wp\/v2\/types\/page"}],"author":[{"embeddable":true,"href":"https:\/\/terraxplora.eu\/et\/wp-json\/wp\/v2\/users\/1"}],"replies":[{"embeddable":true,"href":"https:\/\/terraxplora.eu\/et\/wp-json\/wp\/v2\/comments?post=18380"}],"version-history":[{"count":0,"href":"https:\/\/terraxplora.eu\/et\/wp-json\/wp\/v2\/pages\/18380\/revisions"}],"wp:attachment":[{"href":"https:\/\/terraxplora.eu\/et\/wp-json\/wp\/v2\/media?parent=18380"}],"curies":[{"name":"wp","href":"https:\/\/api.w.org\/{rel}","templated":true}]}}